{"id":11428,"date":"2016-11-30T12:49:02","date_gmt":"2016-11-30T17:49:02","guid":{"rendered":"http:\/\/52.229.122.34\/fr\/?page_id=11428"},"modified":"2017-01-23T12:08:00","modified_gmt":"2017-01-23T17:08:00","slug":"notre-equipe","status":"publish","type":"page","link":"https:\/\/www.ottawahospital.on.ca\/fr\/services-cliniques\/deptpgrmcs\/programmes\/institut-de-loeil\/notre-equipe\/","title":{"rendered":"Notre \u00e9quipe"},"content":{"rendered":"<p>Nos yeux sont notre fen\u00eatre sur le monde. L&rsquo;Institut de l&rsquo;\u0153il dispose d&rsquo;une \u00e9quipe d&rsquo;ophtalmologistes exer\u00e7ant l&rsquo;ophtalmologie compl\u00e8te et d&rsquo;ophtalmologistes sp\u00e9cialis\u00e9s. \u00c0 l&rsquo;aide de technologies ultramodernes et des techniques de diagnostic les plus r\u00e9centes, ils travaillent \u00e0 maintenir la sant\u00e9 des yeux ainsi qu&rsquo;\u00e0 diagnostiquer et \u00e0 traiter les maladies oculaires d\u00e8s que possible.<\/p>\n<p>Une \u00e9quipe compl\u00e8te s&rsquo;occupe de probl\u00e8mes oculaires vari\u00e9s allant d&rsquo;infections de l&rsquo;oeil externe aux maladies tr\u00e8s graves pouvant modifier les structures oculaires. Vu la diversit\u00e9 des probl\u00e8mes oculaires, les ophtalmologistes travaillent en collaboration avec des sp\u00e9cialistes d&rsquo;un domaine en particulier, afin de r\u00e9soudre les cas complexes. Ce travail d&rsquo;\u00e9quipe fait en sorte que les patients de l&rsquo;Institut de l&rsquo;oeil re\u00e7oivent le traitement le plus efficace et avanc\u00e9 pour leur probl\u00e8me oculaire.<\/p>\n<p>Pour obtenir plus de d\u00e9tails sur nos ophthalmologistes ainsi que leurs coordonn\u00e9es, consultez la <a href=\"\/fr\/documents\/2017\/01\/siteweb-profilsophtalmologie-aout2014_.pdf\" target=\"_blank\">liste du personnel<\/a>.<\/p>\n<p>&nbsp;<\/p>\n<div class=\"table-responsive\">\n<table class=\"table\" title=\"\u00c9quipe de l'Institut de l\u2019oeil\">\n<caption class=\"hidecontent\">\u00c9quipe de l&rsquo;Institut de l\u2019oeil<\/caption>\n<tbody>\n<tr>\n<th class=\"text-center\" style=\"width: 46%;\">Ophthalmologistes<\/th>\n<th class=\"text-center\" style=\"width: 54%;\">Domaines de sp\u00e9cialit\u00e9<\/th>\n<\/tr>\n<tr>\n<td><strong>D<sup>r<\/sup> Danah Albreiki<\/strong><\/td>\n<td>Neuro ophtalmologie \u2022 Strabisme<\/td>\n<\/tr>\n<tr>\n<td><strong>D<sup>r<\/sup> Kashif Baig <\/strong><\/td>\n<td>Corn\u00e9e \u2022 Maladies externes \u2022 Chirurgie du segment ant\u00e9rieur<\/td>\n<\/tr>\n<tr>\n<td><strong>D<sup>r<\/sup> Seymour Brownstein <\/strong><\/td>\n<td>Pathologie ophtalmologique<\/td>\n<\/tr>\n<tr>\n<td><strong>D<sup>r <\/sup>Ralf Buhrmann<\/strong><\/td>\n<td>M\u00e9decin et chirurgien de l&rsquo;\u0153il \u2022 Glaucome<\/td>\n<\/tr>\n<tr>\n<td><strong>D<\/strong><sup><strong>r<\/strong><\/sup><strong> Michael Dollin \u00a0\u00a0\u00a0\u00a0\u00a0\u00a0\u00a0\u00a0\u00a0\u00a0<\/strong><\/td>\n<td>Sp\u00e9cialiste de la r\u00e9tine<\/td>\n<\/tr>\n<tr>\n<td><strong>D<sup>re<\/sup> Annick Fournier<\/strong><\/td>\n<td>Ophtalmologiste p\u00e9diatrique \u2022 Strabisme chez l&rsquo;adulte<\/td>\n<\/tr>\n<tr>\n<td><strong>D<sup>r<\/sup> Steven Gilberg<\/strong><\/td>\n<td>Chirurgie oculoplastique<\/td>\n<\/tr>\n<tr>\n<td><strong>D<sup>re<\/sup> Chloe Gottlieb <\/strong><\/td>\n<td>Uv\u00e9ite et R\u00e9tine m\u00e9dicale<\/td>\n<\/tr>\n<tr>\n<td><strong>D<sup>r<\/sup> Bernard Hurley<\/strong><\/td>\n<td>Sp\u00e9cialiste de la r\u00e9tine<\/td>\n<\/tr>\n<tr>\n<td><strong>D<sup>r<\/sup> W. Bruce Jackson<\/strong><\/td>\n<td>Corn\u00e9e \u2022 Maladies externes \u2022 Chirurgie r\u00e9fractive<\/td>\n<\/tr>\n<tr>\n<td><strong>D<sup>r<\/sup> David R. Jordan<\/strong><\/td>\n<td>Chirurgie oculoplastique<\/td>\n<\/tr>\n<tr>\n<td><strong>D<sup>r<\/sup> Brian C. Leonard<\/strong><\/td>\n<td>Sp\u00e9cialiste de la r\u00e9tine<\/td>\n<\/tr>\n<tr>\n<td><strong>D<sup>r<\/sup> Garfield Miller<\/strong><\/td>\n<td>Glaucome \u2022 Chirurgie de la cataracte et du segment ant\u00e9rieur<\/td>\n<\/tr>\n<tr>\n<td><strong>D<sup>r<\/sup> George Mintsioulis<\/strong><\/td>\n<td>Corn\u00e9e \u2022 Maladies externes \u2022 Chirurgie r\u00e9fractive<\/td>\n<\/tr>\n<tr>\n<td><strong>D<sup>r<\/sup> Michael O&rsquo;Connor<\/strong><\/td>\n<td>Ophtalmologiste p\u00e9diatrique \u2022 Ophtalmologie compl\u00e8te pour adultes \u2022 Strabisme \u2022 Chirurgie de la cataracte<\/td>\n<\/tr>\n<tr>\n<td><strong>D<sup>r<\/sup> William Rock<\/strong><\/td>\n<td>Ophtalmologie compl\u00e8te \u2022 Glaucome<\/td>\n<\/tr>\n<tr>\n<td><strong>D<sup>r<\/sup> Setareh Ziai<\/strong><\/td>\n<td>Corn\u00e9e \u2022 Maladies externes \u2022 Chirurgie r\u00e9fractive<\/td>\n<\/tr>\n<\/tbody>\n<\/table>\n<\/div>\n<p>&nbsp;<\/p>\n<h2>R\u00e9ceptionnistes de l&rsquo;Institut de l&rsquo;\u0153il<\/h2>\n<p>D\u00e8s leur arriv\u00e9e \u00e0 l&rsquo;Institut de l&rsquo;\u0153il, les patients sont accueillis par une \u00e9quipe de r\u00e9ceptionnistes bilingues. L&rsquo;\u00e9quipe est bien connue pour son accueil cordial et efficace et sa sensibilit\u00e9 aux enjeux particuliers d&rsquo;une population vieillissante.<\/p>\n<h2>Infirmi\u00e8res en ophtalmologie<\/h2>\n<p>\u00c0 l&rsquo;Institut de l&rsquo;\u0153il, des infirmi\u00e8res bacheli\u00e8res hautement sp\u00e9cialis\u00e9es, dont plusieurs sont agr\u00e9\u00e9es \u00e0 titre d&rsquo;assistantes en ophtalmologie (COA), s&rsquo;occupent de nombreux aspects des soins offerts \u00e0 l&rsquo;Institut. En plus d&rsquo;aider les ophtalmologistes pendant les examens et les traitements, le personnel infirmier contribue activement \u00e0 fournir de l&rsquo;information aux patients. Les infirmi\u00e8res jouent un r\u00f4le important dans l&rsquo;aide dispens\u00e9e aux patients avant et apr\u00e8s les chirurgies.<\/p>\n<h2>Technologues m\u00e9dicaux en ophtalmologie<\/h2>\n<p>Le r\u00f4le du technologue m\u00e9dical en ophtalmologie devient de plus en plus important compte tenu de la complexit\u00e9 croissante des technologies de soins oculaires. La capacit\u00e9 pour le technologue de travailler de pr\u00e8s avec l&rsquo;ophtalmologiste, d&rsquo;effectuer des techniques de diagnostic et d&rsquo;utiliser de l&rsquo;\u00e9quipement sp\u00e9cialis\u00e9 lui permet de concentrer son attention directement sur les soins au patient.<\/p>\n","protected":false},"excerpt":{"rendered":"<p>Nos yeux sont notre fen\u00eatre sur le monde. L&rsquo;Institut de l&rsquo;\u0153il dispose d&rsquo;une \u00e9quipe d&rsquo;ophtalmologistes exer\u00e7ant l&rsquo;ophtalmologie compl\u00e8te et d&rsquo;ophtalmologistes sp\u00e9cialis\u00e9s. \u00c0 l&rsquo;aide de technologies ultramodernes et des techniques de diagnostic les plus r\u00e9centes, ils travaillent \u00e0 maintenir la sant\u00e9 des yeux ainsi qu&rsquo;\u00e0 diagnostiquer et \u00e0 traiter les maladies oculaires d\u00e8s que possible. Une [&hellip;]<\/p>\n","protected":false},"author":25,"featured_media":0,"parent":11416,"menu_order":2,"comment_status":"closed","ping_status":"closed","template":"","meta":{"_acf_changed":false,"_mc_calendar":[],"footnotes":""},"class_list":["post-11428","page","type-page","status-publish","hentry"],"acf":[],"wps_subtitle":"","_links":{"self":[{"href":"https:\/\/www.ottawahospital.on.ca\/fr\/wp-json\/wp\/v2\/pages\/11428","targetHints":{"allow":["GET"]}}],"collection":[{"href":"https:\/\/www.ottawahospital.on.ca\/fr\/wp-json\/wp\/v2\/pages"}],"about":[{"href":"https:\/\/www.ottawahospital.on.ca\/fr\/wp-json\/wp\/v2\/types\/page"}],"author":[{"embeddable":true,"href":"https:\/\/www.ottawahospital.on.ca\/fr\/wp-json\/wp\/v2\/users\/25"}],"replies":[{"embeddable":true,"href":"https:\/\/www.ottawahospital.on.ca\/fr\/wp-json\/wp\/v2\/comments?post=11428"}],"version-history":[{"count":0,"href":"https:\/\/www.ottawahospital.on.ca\/fr\/wp-json\/wp\/v2\/pages\/11428\/revisions"}],"up":[{"embeddable":true,"href":"https:\/\/www.ottawahospital.on.ca\/fr\/wp-json\/wp\/v2\/pages\/11416"}],"wp:attachment":[{"href":"https:\/\/www.ottawahospital.on.ca\/fr\/wp-json\/wp\/v2\/media?parent=11428"}],"curies":[{"name":"wp","href":"https:\/\/api.w.org\/{rel}","templated":true}]}}