{"id":11420,"date":"2016-11-30T12:39:51","date_gmt":"2016-11-30T17:39:51","guid":{"rendered":"http:\/\/52.229.122.34\/fr\/?page_id=11420"},"modified":"2016-12-30T09:22:56","modified_gmt":"2016-12-30T14:22:56","slug":"centre-de-recherche-sur-la-vision","status":"publish","type":"page","link":"https:\/\/www.ottawahospital.on.ca\/fr\/services-cliniques\/deptpgrmcs\/programmes\/institut-de-loeil\/centre-de-recherche-sur-la-vision\/","title":{"rendered":"Centre de recherche sur la vision"},"content":{"rendered":"<p>Centre de recherche sur la vision | <a href=\"\/fr\/services-cliniques\/deptpgrmcs\/programmes\/institut-de-loeil\/postes-de-chercheur\/\">Postes de chercheur<\/a><br \/>\nL&rsquo;Institut de l&rsquo;\u0153il a \u00e9tendu son expertise en <a href=\"https:\/\/www.irho.ca\/programs\/vision\/default.asp\" target=\"_blank\">recherche sur la vision<\/a> depuis son ouverture en 1992. Gr\u00e2ce aux efforts de six sp\u00e9cialistes des sciences fondamentales, l&rsquo;Institut a cr\u00e9\u00e9 des programmes de recherche solides en biologie cellulaire et mol\u00e9culaire, en instruments biom\u00e9dicaux, en \u00e9lectrophysiologie, en optique, en psychophysique et en performance visuelle.<\/p>\n<p>De plus, le Centre a une \u00e9quipe incomparable de cliniciens-chercheurs qui travaillent dans de nombreux domaines diff\u00e9rents, dont l&rsquo;\u00e9pid\u00e9miologie, la pathologie oculaire, la g\u00e9n\u00e9tique oculaire, la neuro-ophtalmologie, les troubles de la corn\u00e9e, l&rsquo;uv\u00e9ite et le glaucome.<\/p>\n<h2>D\u00e9couvertes prometteuses<\/h2>\n<p>Parmi les recherches les plus r\u00e9centes et palpitantes, on compte des projets ax\u00e9s sur :<\/p>\n<ul>\n<li>la mise au point d&rsquo;une corn\u00e9e artificielle<\/li>\n<li>l&rsquo;\u00e9tude des g\u00e8nes qui contr\u00f4lent la r\u00e9g\u00e9n\u00e9ration des membres et d&rsquo;autres organes chez les tritons<\/li>\n<li>l&rsquo;utilisation de virus pour l&rsquo;administration de g\u00e8nes protecteurs afin de pr\u00e9venir la d\u00e9g\u00e9n\u00e9rescence cellulaire dans la r\u00e9tine<\/li>\n<li>la mise au point d&rsquo;instruments qui offriront aux m\u00e9decins de nouveaux moyens non effractifs de mesurer la sant\u00e9 des yeux des patients.<\/li>\n<\/ul>\n<p>Toutes ces nouvelles d\u00e9couvertes et techniques sont le fruit d&rsquo;une collaboration \u00e9troite des cliniciens-chercheurs et des sp\u00e9cialistes en sciences fondamentales.<\/p>\n<h2>Nouvelles \u00e9tudes&#8230; nouvelles perc\u00e9es<\/h2>\n<p>Des perc\u00e9es ont \u00e9t\u00e9 r\u00e9alis\u00e9es dans la mise au point d&rsquo;une corn\u00e9e artificielle pour la transplantation. Cette corn\u00e9e pourrait redonner une vision fonctionnelle aux personnes aveugles ou ayant une d\u00e9ficience visuelle. De m\u00eame, des \u00e9tudes sont en cours sur la r\u00e9g\u00e9n\u00e9ration cellulaire afin de trouver des moyens de pr\u00e9venir ou de r\u00e9parer les dommages oculaires li\u00e9s au glaucome, \u00e0 la d\u00e9g\u00e9n\u00e9rescence maculaire et au diab\u00e8te et qui entra\u00eenent une perte de vision.<\/p>\n<h2>Une technologie de pointe<\/h2>\n<p>Depuis sa cr\u00e9ation, l&rsquo;Institut de l&rsquo;\u0153il s&rsquo;est donn\u00e9 pour objectif principal d&rsquo;\u00e9tudier les nouvelles technologies de pointe. Ces \u00e9tudes ont permis \u00e0 la collectivit\u00e9 d&rsquo;Ottawa de b\u00e9n\u00e9ficier des tests diagnostiques les plus r\u00e9cents, de recevoir les nouveaux traitements contre l&rsquo;inflammation de l&rsquo;\u0153il, et d&rsquo;obtenir les traitements au laser les plus novateurs pour le glaucome, la d\u00e9g\u00e9n\u00e9rescence maculaire et la chirurgie correctrice de l&rsquo;\u0153il.<\/p>\n<h2>Des \u00e9quipes multidisciplinaires qui travaillent en collaboration<\/h2>\n<p>Le succ\u00e8s des recherches de l&rsquo;Institut de l&rsquo;\u0153il repose en partie sur le fait que nous abordons les probl\u00e8mes en collaboration, sous un angle multidisciplinaire. En collaborant, les scientifiques et les cliniciens ont \u00e9labor\u00e9 des programmes de recherche fructueux dans de nombreux domaines, y compris ceux de la chirurgie r\u00e9fractive, du g\u00e9nie tissulaire, des instruments biom\u00e9dicaux et de la g\u00e9n\u00e9tique oculaire. Tr\u00e8s peu de centres de soins ophtalmologiques ailleurs dans le monde ont r\u00e9ussi \u00e0 entretenir un tel degr\u00e9 de collaboration et d&rsquo;interaction.<\/p>\n","protected":false},"excerpt":{"rendered":"<p>Centre de recherche sur la vision | Postes de chercheur L&rsquo;Institut de l&rsquo;\u0153il a \u00e9tendu son expertise en recherche sur la vision depuis son ouverture en 1992. Gr\u00e2ce aux efforts de six sp\u00e9cialistes des sciences fondamentales, l&rsquo;Institut a cr\u00e9\u00e9 des programmes de recherche solides en biologie cellulaire et mol\u00e9culaire, en instruments biom\u00e9dicaux, en \u00e9lectrophysiologie, en [&hellip;]<\/p>\n","protected":false},"author":25,"featured_media":0,"parent":11416,"menu_order":1,"comment_status":"closed","ping_status":"closed","template":"","meta":{"_acf_changed":false,"_mc_calendar":[],"footnotes":""},"class_list":["post-11420","page","type-page","status-publish","hentry"],"acf":[],"wps_subtitle":"","_links":{"self":[{"href":"https:\/\/www.ottawahospital.on.ca\/fr\/wp-json\/wp\/v2\/pages\/11420","targetHints":{"allow":["GET"]}}],"collection":[{"href":"https:\/\/www.ottawahospital.on.ca\/fr\/wp-json\/wp\/v2\/pages"}],"about":[{"href":"https:\/\/www.ottawahospital.on.ca\/fr\/wp-json\/wp\/v2\/types\/page"}],"author":[{"embeddable":true,"href":"https:\/\/www.ottawahospital.on.ca\/fr\/wp-json\/wp\/v2\/users\/25"}],"replies":[{"embeddable":true,"href":"https:\/\/www.ottawahospital.on.ca\/fr\/wp-json\/wp\/v2\/comments?post=11420"}],"version-history":[{"count":0,"href":"https:\/\/www.ottawahospital.on.ca\/fr\/wp-json\/wp\/v2\/pages\/11420\/revisions"}],"up":[{"embeddable":true,"href":"https:\/\/www.ottawahospital.on.ca\/fr\/wp-json\/wp\/v2\/pages\/11416"}],"wp:attachment":[{"href":"https:\/\/www.ottawahospital.on.ca\/fr\/wp-json\/wp\/v2\/media?parent=11420"}],"curies":[{"name":"wp","href":"https:\/\/api.w.org\/{rel}","templated":true}]}}