{"id":11416,"date":"2016-11-30T12:36:25","date_gmt":"2016-11-30T17:36:25","guid":{"rendered":"http:\/\/52.229.122.34\/fr\/?page_id=11416"},"modified":"2024-07-30T12:53:43","modified_gmt":"2024-07-30T16:53:43","slug":"institut-de-loeil","status":"publish","type":"page","link":"https:\/\/www.ottawahospital.on.ca\/fr\/services-cliniques\/deptpgrmcs\/programmes\/institut-de-loeil\/","title":{"rendered":"Institut de l&rsquo;oeil"},"content":{"rendered":"<p>Bienvenue au site Web de l\u2019Institut de l\u2019oeil de l\u2019Universit\u00e9 d\u2019Ottawa. L\u2019Institut de l\u2019oeil est un \u00e9tablissement de classe mondiale reconnu dans le monde entier pour l\u2019excellence des soins de la vue, de la recherche et de l\u2019enseignement dans le domaine de l\u2019ophtalmologie.<\/p>\n<p>Au Canada, l\u2019Institut de l\u2019oeil est un important centre clinique, de recherche et de formation en ophtalmologie. Il compte quelque 28 ophtalmologistes \u00e0 temps plein et \u00e0 temps partiel et 6 chercheurs titulaires d\u2019un doctorat. L\u2019Institut de l\u2019oeil fait partie de l&rsquo;Institut de recherche de l&rsquo;H\u00f4pital d&rsquo;Ottawa et de la Facult\u00e9 de m\u00e9decine de l\u2019Universit\u00e9 d\u2019Ottawa. Nos locaux sont situ\u00e9s au Campus G\u00e9n\u00e9ral de L\u2019H\u00f4pital d\u2019Ottawa.<\/p>\n<h2>Notre mission<\/h2>\n<p>Favoriser la recherche ainsi que le traitement et la pr\u00e9vention des troubles de la vue.<\/p>\n<h2>Buts<\/h2>\n<p>Entreprendre des recherches fondamentales, appliqu\u00e9es et concert\u00e9es sur l\u2019oeil et la vision en s\u2019attardant aux troubles de la vue les plus courants sur le plan de la sant\u00e9 publique.<\/p>\n<p>Mettre au point des installations de calibre sup\u00e9rieur pour l\u2019\u00e9tude et la gestion des cas complexes dans le domaine des soins de la vue.<\/p>\n<p>Promouvoir la formation scientifique et m\u00e9dicale dans le domaine des sciences visuelles.<\/p>\n<h2>Quoi de neuf?<\/h2>\n<ul>\n<li><a href=\"https:\/\/cos-sco.secure-platform.com\/site\/page\/Information\/FutureMeetings\">Symposium Sally Letson<\/a><\/li>\n<li><a href=\"\/fr\/services-cliniques\/deptpgrmcs\/programmes\/institut-de-loeil\/centre-de-recherche-sur-la-cecite-liee-au-vieillissement\/\">Centre de recherche sur la c\u00e9cit\u00e9 li\u00e9e au vieillissement<\/a><\/li>\n<li><a href=\"https:\/\/www.ohri.ca\/programs\/vision\/default.asp\" target=\"_blank\" rel=\"noopener\">Programme de recherche sur la vision de l&rsquo;IRHO<\/a><\/li>\n<\/ul>\n\n\n<p><\/p>\n","protected":false},"excerpt":{"rendered":"<p>Bienvenue au site Web de l\u2019Institut de l\u2019oeil de l\u2019Universit\u00e9 d\u2019Ottawa. L\u2019Institut de l\u2019oeil est un \u00e9tablissement de classe mondiale reconnu dans le monde entier pour l\u2019excellence des soins de la vue, de la recherche et de l\u2019enseignement dans le domaine de l\u2019ophtalmologie. Au Canada, l\u2019Institut de l\u2019oeil est un important centre clinique, de recherche [&hellip;]<\/p>\n","protected":false},"author":25,"featured_media":0,"parent":7866,"menu_order":10,"comment_status":"closed","ping_status":"closed","template":"","meta":{"_acf_changed":false,"_mc_calendar":[],"footnotes":""},"class_list":["post-11416","page","type-page","status-publish","hentry"],"acf":[],"wps_subtitle":"","_links":{"self":[{"href":"https:\/\/www.ottawahospital.on.ca\/fr\/wp-json\/wp\/v2\/pages\/11416","targetHints":{"allow":["GET"]}}],"collection":[{"href":"https:\/\/www.ottawahospital.on.ca\/fr\/wp-json\/wp\/v2\/pages"}],"about":[{"href":"https:\/\/www.ottawahospital.on.ca\/fr\/wp-json\/wp\/v2\/types\/page"}],"author":[{"embeddable":true,"href":"https:\/\/www.ottawahospital.on.ca\/fr\/wp-json\/wp\/v2\/users\/25"}],"replies":[{"embeddable":true,"href":"https:\/\/www.ottawahospital.on.ca\/fr\/wp-json\/wp\/v2\/comments?post=11416"}],"version-history":[{"count":0,"href":"https:\/\/www.ottawahospital.on.ca\/fr\/wp-json\/wp\/v2\/pages\/11416\/revisions"}],"up":[{"embeddable":true,"href":"https:\/\/www.ottawahospital.on.ca\/fr\/wp-json\/wp\/v2\/pages\/7866"}],"wp:attachment":[{"href":"https:\/\/www.ottawahospital.on.ca\/fr\/wp-json\/wp\/v2\/media?parent=11416"}],"curies":[{"name":"wp","href":"https:\/\/api.w.org\/{rel}","templated":true}]}}