{"id":11411,"date":"2016-11-30T12:27:38","date_gmt":"2016-11-30T17:27:38","guid":{"rendered":"http:\/\/52.229.122.34\/fr\/?page_id=11411"},"modified":"2016-11-30T12:27:38","modified_gmt":"2016-11-30T17:27:38","slug":"votre-rendez-vous","status":"publish","type":"page","link":"https:\/\/www.ottawahospital.on.ca\/fr\/services-cliniques\/deptpgrmcs\/programmes\/centre-de-soins-oculaires\/votre-rendez-vous\/","title":{"rendered":"Votre rendez-vous"},"content":{"rendered":"<h2>Pour prendre rendez-vous<\/h2>\n<ul>\n<li>Les nouveaux patients ont besoin d\u2019une demande de consultation de leur m\u00e9decin ou optom\u00e9triste.<\/li>\n<li>Vous devez prendre rendez-vous avant de vous pr\u00e9senter au centre.<\/li>\n<li>Pour prendre rendez-vous, t\u00e9l\u00e9phonez au 613-738-8400.<\/li>\n<\/ul>\n<h2>N&rsquo;oubliez pas d&rsquo;apporter<\/h2>\n<ul>\n<li>Votre carte d&rsquo;assurance-sant\u00e9;<\/li>\n<li>Vos lunettes ou verres de contact avec leur \u00e9tui;<\/li>\n<li>Votre liste de m\u00e9dicaments et de gouttes pour les yeux.<\/li>\n<\/ul>\n<h2>Heures d\u2019ouverture<\/h2>\n<ul>\n<li><strong>Services cliniques et diagnostiques : <\/strong>du lundi au vendredi, de 8 h \u00e0 16 h 30<\/li>\n<li><strong>Chirurgie d\u2019un jour : <\/strong>du lundi au vendredi, de 8 h \u00e0 18 h<\/li>\n<\/ul>\n<h2>Adresse<\/h2>\n<p>Centre de soins oculaires Riverside<br \/>\nL\u2019H\u00f4pital d\u2019Ottawa &#8211; Campus Riverside<br \/>\n1967, promenade Riverside, 3<sup>e<\/sup> \u00e9tage<br \/>\nOttawa ON K1H 7W9 (Canada)<\/p>\n<h2>T\u00e9l. : 613-738-8400<\/h2>\n","protected":false},"excerpt":{"rendered":"<p>Pour prendre rendez-vous Les nouveaux patients ont besoin d\u2019une demande de consultation de leur m\u00e9decin ou optom\u00e9triste. Vous devez prendre rendez-vous avant de vous pr\u00e9senter au centre. Pour prendre rendez-vous, t\u00e9l\u00e9phonez au 613-738-8400. N&rsquo;oubliez pas d&rsquo;apporter Votre carte d&rsquo;assurance-sant\u00e9; Vos lunettes ou verres de contact avec leur \u00e9tui; Votre liste de m\u00e9dicaments et de gouttes [&hellip;]<\/p>\n","protected":false},"author":25,"featured_media":0,"parent":11354,"menu_order":8,"comment_status":"closed","ping_status":"closed","template":"","meta":{"_acf_changed":false,"_mc_calendar":[],"footnotes":""},"class_list":["post-11411","page","type-page","status-publish","hentry"],"acf":[],"wps_subtitle":"","_links":{"self":[{"href":"https:\/\/www.ottawahospital.on.ca\/fr\/wp-json\/wp\/v2\/pages\/11411","targetHints":{"allow":["GET"]}}],"collection":[{"href":"https:\/\/www.ottawahospital.on.ca\/fr\/wp-json\/wp\/v2\/pages"}],"about":[{"href":"https:\/\/www.ottawahospital.on.ca\/fr\/wp-json\/wp\/v2\/types\/page"}],"author":[{"embeddable":true,"href":"https:\/\/www.ottawahospital.on.ca\/fr\/wp-json\/wp\/v2\/users\/25"}],"replies":[{"embeddable":true,"href":"https:\/\/www.ottawahospital.on.ca\/fr\/wp-json\/wp\/v2\/comments?post=11411"}],"version-history":[{"count":0,"href":"https:\/\/www.ottawahospital.on.ca\/fr\/wp-json\/wp\/v2\/pages\/11411\/revisions"}],"up":[{"embeddable":true,"href":"https:\/\/www.ottawahospital.on.ca\/fr\/wp-json\/wp\/v2\/pages\/11354"}],"wp:attachment":[{"href":"https:\/\/www.ottawahospital.on.ca\/fr\/wp-json\/wp\/v2\/media?parent=11411"}],"curies":[{"name":"wp","href":"https:\/\/api.w.org\/{rel}","templated":true}]}}