{"id":11407,"date":"2016-11-30T12:26:11","date_gmt":"2016-11-30T17:26:11","guid":{"rendered":"http:\/\/52.229.122.34\/fr\/?page_id=11407"},"modified":"2021-02-09T14:37:19","modified_gmt":"2021-02-09T19:37:19","slug":"liens","status":"publish","type":"page","link":"https:\/\/www.ottawahospital.on.ca\/fr\/services-cliniques\/deptpgrmcs\/programmes\/centre-de-soins-oculaires\/liens\/","title":{"rendered":"Liens"},"content":{"rendered":"<h2>Maladies de l&rsquo;oeil (renseignements pour les patients)<\/h2>\n<ul>\n<li><a href=\"https:\/\/www.fondationdesmaladiesdeloeil.org\/\" target=\"_blank\" rel=\"noopener noreferrer\">Fondation des maladies de l&rsquo;oeil<\/a><\/li>\n<li><a href=\"https:\/\/www.eyesite.ca\/\" target=\"_blank\" rel=\"noopener noreferrer\">Soci\u00e9t\u00e9 canadienne d&rsquo;ophtalmologie<\/a><\/li>\n<\/ul>\n<h2>Sciences fondamentales de la vision<\/h2>\n<ul>\n<li><a href=\"https:\/\/www.molvis.org\/molvis\/\" target=\"_blank\" rel=\"noopener noreferrer\">Molecular Vision<\/a><\/li>\n<\/ul>\n<h2>Sites universitaires ou des instituts de l&rsquo;oeil<\/h2>\n<ul>\n<li><a href=\"https:\/\/webeye.ophth.uiowa.edu\/\" target=\"_blank\" rel=\"noopener noreferrer\">University of Iowa Dept of Ophthalmology<\/a><\/li>\n<li><a href=\"https:\/\/www.willseye.org\/\" target=\"_blank\" rel=\"noopener noreferrer\">Wills Eye Hospital <\/a><\/li>\n<li><a href=\"https:\/\/www.bpei.med.miami.edu\/\" target=\"_blank\" rel=\"noopener noreferrer\">Bascom Palmer Eye Institute<\/a><\/li>\n<li><a href=\"https:\/\/www.nei.nih.gov\/\" target=\"_blank\" rel=\"noopener noreferrer\">National Eye Institute, National Institute of Health<\/a><\/li>\n<li><a href=\"https:\/\/www.uottawa.ca\/\" target=\"_blank\" rel=\"noopener noreferrer\">Universit\u00e9 d&rsquo;Ottawa<\/a><\/li>\n<\/ul>\n<h2>Sites sur l&rsquo;ophtalmologie<\/h2>\n<ul>\n<li><a href=\"https:\/\/www.ophthal.org\/\" target=\"_blank\" rel=\"noopener noreferrer\">Internet Ophthalmology<\/a> &#8211; Source originale d&rsquo;information dans Internet sur l&rsquo;ophtalmologie<\/li>\n<li><a href=\"https:\/\/www.ioi.com\/\" target=\"_blank\" rel=\"noopener noreferrer\">Movements on Line-Hydroxyapatite Orbital Implant <\/a><\/li>\n<\/ul>\n<h2>Revues ou associations professionnelles<\/h2>\n<ul>\n<li><a href=\"https:\/\/www.aao.org\" target=\"_blank\" rel=\"noopener noreferrer\">American Academy of Ophthalmology<\/a><\/li>\n<li><a href=\"https:\/\/www.aapos.org\" target=\"_blank\" rel=\"noopener noreferrer\">American Association for Pediatric Ophthalmology &amp; Strabismus<\/a><\/li>\n<li><a href=\"https:\/\/www.ascrs.org\" target=\"_blank\" rel=\"noopener noreferrer\">American Society of Cataract and Refractive Surgery<\/a><\/li>\n<li><a href=\"https:\/\/www.ajo.com\/\" target=\"_blank\" rel=\"noopener noreferrer\">American Journal of Ophthalmology<\/a><\/li>\n<li><a href=\"https:\/\/www.amoq.org\/\" target=\"_blank\" rel=\"noopener noreferrer\">Association des m\u00e9decins ophtalmologistes du Qu\u00e9bec<\/a><\/li>\n<li><a href=\"https:\/\/www.djo.harvard.edu\/\" target=\"_blank\" rel=\"noopener noreferrer\">Digital Journal of Ophthalmology<\/a><\/li>\n<li><a href=\"https:\/\/www.ocularsurgerynews.com\/\" target=\"_blank\" rel=\"noopener noreferrer\">Ocular Surgery News<\/a> &#8211; le mot de passe est OSN<\/li>\n<li><a href=\"https:\/\/www.ophthal.org\/\" target=\"_blank\" rel=\"noopener noreferrer\">OPHTHAL listserv<\/a> &#8211; liste de discussions<\/li>\n<li><a href=\"https:\/\/www.reviewofophthalmology.com\/\" target=\"_blank\" rel=\"noopener noreferrer\">Review of Ophthalmology<\/a> (En anglais seulement)<\/li>\n<li><a href=\"https:\/\/www.eyesite.ca\/\" target=\"_blank\" rel=\"noopener noreferrer\">Soci\u00e9t\u00e9 canadienne d&rsquo;ophtalmologie <\/a><\/li>\n<\/ul>\n<h2>Recherches ou biblioth\u00e8ques m\u00e9dicales<\/h2>\n<ul>\n<li><a href=\"https:\/\/www.ncbi.nlm.nih.gov\/entrez\/query.fcgi?db=PubMed\" target=\"_blank\" rel=\"noopener noreferrer\">National Library of Medicine &#8211; PubMed <\/a><\/li>\n<li><a href=\"\/fr\/patients-et-visiteurs\/services-offerts-sur-les-campus\/services-dapprentissage\/\" target=\"_blank\" rel=\"noopener noreferrer\">Services d&rsquo;apprentissage &#8211; L&rsquo;H\u00f4pital d&rsquo;Ottawa<\/a><\/li>\n<\/ul>\n<h2>Liens sp\u00e9cialis\u00e9s en m\u00e9decine<\/h2>\n<ul>\n<li><a href=\"https:\/\/www.ama-assn.org\/\" target=\"_blank\" rel=\"noopener noreferrer\">American Medical Association<\/a><\/li>\n<li><a href=\"https:\/\/www.cma.ca\/fr\" target=\"_blank\" rel=\"noopener noreferrer\">Association m\u00e9dicale canadienne<\/a><\/li>\n<li><a href=\"https:\/\/www.nlm.nih.gov\/\" target=\"_blank\" rel=\"noopener noreferrer\">National Library of Medicine <\/a><\/li>\n<li><a href=\"https:\/\/www.oma.org\/\" target=\"_blank\" rel=\"noopener noreferrer\">Ontario Medical Association <\/a><\/li>\n<li><a href=\"https:\/\/www.hc-sc.gc.ca\/\" target=\"_blank\" rel=\"noopener noreferrer\">Sant\u00e9 Canada<\/a><\/li>\n<\/ul>\n<h2>Ophtalmologie v\u00e9t\u00e9rinaire<\/h2>\n<ul>\n<li><a href=\"https:\/\/www.acvo.com\/\" target=\"_blank\" rel=\"noopener noreferrer\">American College of Veterinary Ophthalmologists<\/a><\/li>\n<\/ul>\n","protected":false},"excerpt":{"rendered":"<p>Maladies de l&rsquo;oeil (renseignements pour les patients) Fondation des maladies de l&rsquo;oeil Soci\u00e9t\u00e9 canadienne d&rsquo;ophtalmologie Sciences fondamentales de la vision Molecular Vision Sites universitaires ou des instituts de l&rsquo;oeil University of Iowa Dept of Ophthalmology Wills Eye Hospital Bascom Palmer Eye Institute National Eye Institute, National Institute of Health Universit\u00e9 d&rsquo;Ottawa Sites sur l&rsquo;ophtalmologie Internet [&hellip;]<\/p>\n","protected":false},"author":25,"featured_media":0,"parent":11354,"menu_order":7,"comment_status":"closed","ping_status":"closed","template":"","meta":{"_acf_changed":false,"_mc_calendar":[],"footnotes":""},"class_list":["post-11407","page","type-page","status-publish","hentry"],"acf":[],"wps_subtitle":"","_links":{"self":[{"href":"https:\/\/www.ottawahospital.on.ca\/fr\/wp-json\/wp\/v2\/pages\/11407","targetHints":{"allow":["GET"]}}],"collection":[{"href":"https:\/\/www.ottawahospital.on.ca\/fr\/wp-json\/wp\/v2\/pages"}],"about":[{"href":"https:\/\/www.ottawahospital.on.ca\/fr\/wp-json\/wp\/v2\/types\/page"}],"author":[{"embeddable":true,"href":"https:\/\/www.ottawahospital.on.ca\/fr\/wp-json\/wp\/v2\/users\/25"}],"replies":[{"embeddable":true,"href":"https:\/\/www.ottawahospital.on.ca\/fr\/wp-json\/wp\/v2\/comments?post=11407"}],"version-history":[{"count":0,"href":"https:\/\/www.ottawahospital.on.ca\/fr\/wp-json\/wp\/v2\/pages\/11407\/revisions"}],"up":[{"embeddable":true,"href":"https:\/\/www.ottawahospital.on.ca\/fr\/wp-json\/wp\/v2\/pages\/11354"}],"wp:attachment":[{"href":"https:\/\/www.ottawahospital.on.ca\/fr\/wp-json\/wp\/v2\/media?parent=11407"}],"curies":[{"name":"wp","href":"https:\/\/api.w.org\/{rel}","templated":true}]}}