{"id":11400,"date":"2016-11-30T12:22:21","date_gmt":"2016-11-30T17:22:21","guid":{"rendered":"http:\/\/52.229.122.34\/fr\/?page_id=11400"},"modified":"2017-01-20T11:02:59","modified_gmt":"2017-01-20T16:02:59","slug":"medecins","status":"publish","type":"page","link":"https:\/\/www.ottawahospital.on.ca\/fr\/services-cliniques\/deptpgrmcs\/programmes\/centre-de-soins-oculaires\/medecins\/","title":{"rendered":"M\u00e9decins"},"content":{"rendered":"<p>Voici les m\u00e9decins du Centre de soins oculaires Riverside et leurs domaines de sp\u00e9cialit\u00e9. Pour obtenir plus de d\u00e9tails sur ces sp\u00e9cialistes ainsi que leurs coordonn\u00e9es, consultez la <a href=\"\/wp-content\/uploads\/2016\/11\/SiteWeb-ProfilsOphtalmologie-aout2014_.pdf\" target=\"_blank\">liste du personnel<\/a>.<\/p>\n<div class=\"table-responsive\">\n<table class=\"table\" title=\"M\u00e9decins du Centre de soins oculaires\">\n<caption class=\"hidecontent\">M\u00e9decins du Centre de soins oculaires<\/caption>\n<tbody>\n<tr style=\"background-color: #d6e0ec;\">\n<th class=\"text-center\" style=\"width: 46%;\">M\u00e9decins<\/th>\n<th class=\"text-center\" style=\"width: 54%;\">Domaines de sp\u00e9cialit\u00e9<\/th>\n<\/tr>\n<tr>\n<td><strong>D<sup>r<\/sup> Peter Agapitos <\/strong><\/td>\n<td>Chirurgie de la cataracte \u2022 Chirurgie r\u00e9fractive \u2022 Transplantation de la corn\u00e9e<\/td>\n<\/tr>\n<tr>\n<td><strong>D<sup>r<\/sup> Frank Bastianelli<\/strong><\/td>\n<td>Chirurgie de la cataracte<\/td>\n<\/tr>\n<tr>\n<td><strong>D<sup>r<\/sup> Rama Behki<\/strong><\/td>\n<td>Chirurgie de la cataracte \u2022 Glaucome<\/td>\n<\/tr>\n<tr>\n<td><strong>D<sup>r<\/sup> Anuj Bhargava<\/strong><\/td>\n<td>Ophtalmologie compl\u00e8te \u2022 Sp\u00e9cialiste de la corn\u00e9e et maladies externes \u2022 Chirurgie du segment ant\u00e9rieur et de la cataracte<\/td>\n<\/tr>\n<tr>\n<td><strong>D<\/strong><sup><strong>r<\/strong><\/sup><strong> Adil Bhatti<\/strong><\/td>\n<td>Ophtalmologie compl\u00e8te \u2022 Chirurgie de la cataracte<\/td>\n<\/tr>\n<tr>\n<td><strong>D<sup>r<\/sup> Robert Britton<\/strong><\/td>\n<td>Chirurgie de la cataracte \u2022 Glaucome<\/td>\n<\/tr>\n<tr>\n<td><strong>D<sup>r<\/sup> William A. Britton, Jr.<\/strong><\/td>\n<td>Sp\u00e9cialiste de la r\u00e9tine<\/td>\n<\/tr>\n<tr>\n<td><strong>D<sup>r<\/sup> James Cameron<\/strong><\/td>\n<td>Ophtalmologie compl\u00e8te \u2022 Chirurgie de la cataracte<\/td>\n<\/tr>\n<tr>\n<td><strong>D<sup>r<\/sup> Robert Chevrier<\/strong><\/td>\n<td>Ophtalmologie compl\u00e8te \u2022 Glaucome<\/td>\n<\/tr>\n<tr>\n<td><strong>D<sup>r<\/sup> Walter Delpero<\/strong><\/td>\n<td>Chirurgie de la cataracte \u2022 Strabisme chez l\u2019adulte \u2022 ophtalmologie de l\u2019aviation<\/td>\n<\/tr>\n<tr>\n<td><strong>D<sup>r<\/sup> Gilles Desroches<\/strong><\/td>\n<td>Sp\u00e9cialiste de la r\u00e9tine<\/td>\n<\/tr>\n<tr>\n<td><strong>D<sup>r<\/sup> David R. Edmison<\/strong><\/td>\n<td>Chirurgie r\u00e9fractive<\/td>\n<\/tr>\n<tr>\n<td><strong>D<sup>r<\/sup> Bruce Engel<\/strong><\/td>\n<td>Ophtalmologie compl\u00e8te<\/td>\n<\/tr>\n<tr>\n<td><strong>D<sup>re<\/sup> Catherine Entwistle<\/strong><\/td>\n<td>Ophtalmologie compl\u00e8te<\/td>\n<\/tr>\n<tr>\n<td><strong>D<sup>r<\/sup> Peter Harding<\/strong><\/td>\n<td>Sp\u00e9cialiste de l\u2019oeil \u2022 M\u00e9decine de la r\u00e9tine<\/td>\n<\/tr>\n<tr>\n<td><strong>D<sup>r<\/sup> Peter Konzuk<\/strong><\/td>\n<td>Ophtalmologie compl\u00e8te \u2022 Chirurgie de la cataracte \u2022 Glaucome<\/td>\n<\/tr>\n<tr>\n<td><strong>D<sup>re<\/sup> Marie-Louise Lapointe<\/strong><\/td>\n<td>Ophtalmologie compl\u00e8te \u2022 Basse vision \u2022 Chirurgie de la cataracte<\/td>\n<\/tr>\n<tr>\n<td>D<sup>r <\/sup>Thomas Lee<\/td>\n<td>R\u00e9tine<\/td>\n<\/tr>\n<tr>\n<td><strong>D<sup>r<\/sup> Brent MacInnis<\/strong><\/td>\n<td>Chef, D\u00e9partement d\u2019ophtalmologie \u2022 Ophtalmologie compl\u00e8te \u2022 Chirurgie de la cataracte \u2022 Glaucome<\/td>\n<\/tr>\n<tr>\n<td><strong>D<sup>r<\/sup> David Marshall<\/strong><\/td>\n<td>Ophtalmologie compl\u00e8te \u2022 Chirurgie de la cataracte \u2022 Chirurgie du glaucome<\/td>\n<\/tr>\n<tr>\n<td><strong>D<sup>r<\/sup> Hector McDonald<\/strong><\/td>\n<td>Chirurgie plastique de l\u2019oeil<\/td>\n<\/tr>\n<tr>\n<td><strong>D<sup>r<\/sup> Shane Munro<\/strong><\/td>\n<td>Ophtalmologie compl\u00e8te<\/td>\n<\/tr>\n<tr>\n<td><strong>D<sup>r<\/sup> Michael Myles<\/strong><\/td>\n<td>Ophtalmologie compl\u00e8te \u2022 Chirurgie de la cataracte<\/td>\n<\/tr>\n<tr>\n<td><strong>D<sup>r<\/sup> Steven Poleski<\/strong><\/td>\n<td>Ophtalmologie compl\u00e8te \u2022 Chirurgie de la cataracte \u2022 Chirurgie r\u00e9fractive<\/td>\n<\/tr>\n<tr>\n<td><strong>D<sup>re<\/sup> Ella Ross<\/strong><\/td>\n<td>Ophtalmologie compl\u00e8te \u2022 Chirurgie<\/td>\n<\/tr>\n<tr>\n<td><strong>D<sup>r<\/sup> Kevin Smith<\/strong><\/td>\n<td>Ophtalmologie compl\u00e8te \u2022 Chirurgie de la cataracte \u2022 Chirurgie de la paupi\u00e8re\u00a0\u2022 Chirurgie cosm\u00e9tique de la paupi\u00e8re<\/td>\n<\/tr>\n<tr>\n<td><strong>D<sup>r<\/sup> Raman Tuli<\/strong><\/td>\n<td>Sp\u00e9cialiste de la r\u00e9tine<\/td>\n<\/tr>\n<tr>\n<td><strong>D<sup>re<\/sup> Bonnie Weston<\/strong><\/td>\n<td>Ophtalmologie compl\u00e8te<\/td>\n<\/tr>\n<tr>\n<td><strong>D<sup>r<\/sup> Ralph Zabel<\/strong><\/td>\n<td>Ophtalmologie compl\u00e8te \u2022 Chirurgie r\u00e9fractive<\/td>\n<\/tr>\n<tr>\n<td><strong>D<sup>r<\/sup> David Zackon<\/strong><\/td>\n<td>Neuro-ophtalmologie \u2022 Ophtalmologie compl\u00e8te<\/td>\n<\/tr>\n<\/tbody>\n<\/table>\n<\/div>\n","protected":false},"excerpt":{"rendered":"<p>Voici les m\u00e9decins du Centre de soins oculaires Riverside et leurs domaines de sp\u00e9cialit\u00e9. Pour obtenir plus de d\u00e9tails sur ces sp\u00e9cialistes ainsi que leurs coordonn\u00e9es, consultez la liste du personnel. M\u00e9decins du Centre de soins oculaires M\u00e9decins Domaines de sp\u00e9cialit\u00e9 Dr Peter Agapitos Chirurgie de la cataracte \u2022 Chirurgie r\u00e9fractive \u2022 Transplantation de la [&hellip;]<\/p>\n","protected":false},"author":25,"featured_media":0,"parent":11354,"menu_order":6,"comment_status":"closed","ping_status":"closed","template":"","meta":{"_acf_changed":false,"_mc_calendar":[],"footnotes":""},"class_list":["post-11400","page","type-page","status-publish","hentry"],"acf":[],"wps_subtitle":"","_links":{"self":[{"href":"https:\/\/www.ottawahospital.on.ca\/fr\/wp-json\/wp\/v2\/pages\/11400","targetHints":{"allow":["GET"]}}],"collection":[{"href":"https:\/\/www.ottawahospital.on.ca\/fr\/wp-json\/wp\/v2\/pages"}],"about":[{"href":"https:\/\/www.ottawahospital.on.ca\/fr\/wp-json\/wp\/v2\/types\/page"}],"author":[{"embeddable":true,"href":"https:\/\/www.ottawahospital.on.ca\/fr\/wp-json\/wp\/v2\/users\/25"}],"replies":[{"embeddable":true,"href":"https:\/\/www.ottawahospital.on.ca\/fr\/wp-json\/wp\/v2\/comments?post=11400"}],"version-history":[{"count":0,"href":"https:\/\/www.ottawahospital.on.ca\/fr\/wp-json\/wp\/v2\/pages\/11400\/revisions"}],"up":[{"embeddable":true,"href":"https:\/\/www.ottawahospital.on.ca\/fr\/wp-json\/wp\/v2\/pages\/11354"}],"wp:attachment":[{"href":"https:\/\/www.ottawahospital.on.ca\/fr\/wp-json\/wp\/v2\/media?parent=11400"}],"curies":[{"name":"wp","href":"https:\/\/api.w.org\/{rel}","templated":true}]}}