{"id":11389,"date":"2016-11-30T12:08:39","date_gmt":"2016-11-30T17:08:39","guid":{"rendered":"http:\/\/52.229.122.34\/fr\/?page_id=11389"},"modified":"2017-01-23T13:29:08","modified_gmt":"2017-01-23T18:29:08","slug":"livrets-pour-les-patients","status":"publish","type":"page","link":"https:\/\/www.ottawahospital.on.ca\/fr\/services-cliniques\/deptpgrmcs\/programmes\/centre-de-soins-oculaires\/livrets-pour-les-patients\/","title":{"rendered":"Livrets pour les patients"},"content":{"rendered":"<p><strong>Soins ax\u00e9s sur les patients :<\/strong> Dans tout ce que nous faisons, nous accordons de l&rsquo;importance au point de vue du patient. Les livrets sont en <strong>PDF<\/strong>.<\/p>\n<ul>\n<li><a href=\"\/fr\/documents\/2017\/01\/finalcataractbookletp403frenoct2013.pdf\" target=\"_blank\">Chirurgie de la cataracte<\/a><\/li>\n<li><a href=\"\/fr\/documents\/2017\/01\/ecc-fluorescein-angio-f.pdf\">Angiographie \u00e0 la fluoresc\u00e9ine<\/a><\/li>\n<li><a href=\"\/fr\/documents\/2017\/01\/ecc-retina-surg-f.pdf\" target=\"_blank\">Chirurgie de la r\u00e9tine<\/a><\/li>\n<\/ul>\n","protected":false},"excerpt":{"rendered":"<p>Soins ax\u00e9s sur les patients : Dans tout ce que nous faisons, nous accordons de l&rsquo;importance au point de vue du patient. Les livrets sont en PDF. Chirurgie de la cataracte Angiographie \u00e0 la fluoresc\u00e9ine Chirurgie de la r\u00e9tine<\/p>\n","protected":false},"author":25,"featured_media":0,"parent":11354,"menu_order":5,"comment_status":"closed","ping_status":"closed","template":"","meta":{"_acf_changed":false,"_mc_calendar":[],"footnotes":""},"class_list":["post-11389","page","type-page","status-publish","hentry"],"acf":[],"wps_subtitle":"","_links":{"self":[{"href":"https:\/\/www.ottawahospital.on.ca\/fr\/wp-json\/wp\/v2\/pages\/11389","targetHints":{"allow":["GET"]}}],"collection":[{"href":"https:\/\/www.ottawahospital.on.ca\/fr\/wp-json\/wp\/v2\/pages"}],"about":[{"href":"https:\/\/www.ottawahospital.on.ca\/fr\/wp-json\/wp\/v2\/types\/page"}],"author":[{"embeddable":true,"href":"https:\/\/www.ottawahospital.on.ca\/fr\/wp-json\/wp\/v2\/users\/25"}],"replies":[{"embeddable":true,"href":"https:\/\/www.ottawahospital.on.ca\/fr\/wp-json\/wp\/v2\/comments?post=11389"}],"version-history":[{"count":0,"href":"https:\/\/www.ottawahospital.on.ca\/fr\/wp-json\/wp\/v2\/pages\/11389\/revisions"}],"up":[{"embeddable":true,"href":"https:\/\/www.ottawahospital.on.ca\/fr\/wp-json\/wp\/v2\/pages\/11354"}],"wp:attachment":[{"href":"https:\/\/www.ottawahospital.on.ca\/fr\/wp-json\/wp\/v2\/media?parent=11389"}],"curies":[{"name":"wp","href":"https:\/\/api.w.org\/{rel}","templated":true}]}}