{"id":11381,"date":"2016-11-30T11:52:49","date_gmt":"2016-11-30T16:52:49","guid":{"rendered":"http:\/\/52.229.122.34\/fr\/?page_id=11381"},"modified":"2016-12-12T10:38:11","modified_gmt":"2016-12-12T15:38:11","slug":"services-cliniques-et-diagnostiques","status":"publish","type":"page","link":"https:\/\/www.ottawahospital.on.ca\/fr\/services-cliniques\/deptpgrmcs\/programmes\/centre-de-soins-oculaires\/services-cliniques-et-diagnostiques\/","title":{"rendered":"Services cliniques et diagnostiques"},"content":{"rendered":"<p><img decoding=\"async\" class=\"img-responsive alignright wp-image-11379 size-full\" src=\"\/wp-content\/uploads\/2016\/11\/technician_with_patient.jpg\" alt=\"technician_with_patient\" width=\"255\" height=\"177\" \/>Le Centre de soins oculaires Riverside de L\u2019H\u00f4pital d\u2019Ottawa offre de nombreuses cliniques de diagnostic et de traitement dans des installations d\u2019avant-garde \u00e9quip\u00e9es \u00e0 la fine pointe de la technologie.<\/p>\n<p>Ce sont des cliniques sur rendez-vous seulement.<\/p>\n<h2>Cliniques de diagnostic<\/h2>\n<p>Les bureaux des ophtalmologistes prennent les rendez-vous pour les tests diagnostiques au Centre des soins oculaires. Nos techniciens font les tests suivants :<\/p>\n<ul>\n<li><strong>Photographie<\/strong> : angiographie en fluorescence avec photos num\u00e9riques pour \u00e9valuer la circulation dans la r\u00e9tine<\/li>\n<li><strong>Champ visuel<\/strong> : \u00e9valuation de la vision p\u00e9riph\u00e9rique du patient pour d\u00e9tecter des d\u00e9ficiences<\/li>\n<li><strong>\u00c9chographie A \/ biom\u00e9trie<\/strong> : mesure de la forme de l\u2019\u0153il en pr\u00e9paration \u00e0 une chirurgie de la cataracte et d\u00e9termination de la puissance de la lentille intraoculaire (IOL)<\/li>\n<li><strong>Tomographie de la coh\u00e9rence optique<\/strong> : mesure de l\u2019\u00e9paisseur de la fibre nerveuse des patients ayant du glaucome, un \u0153d\u00e8me de la macula, des trous dans la macula ou des membranes \u00e9pir\u00e9tiniennes, apr\u00e8s une th\u00e9rapie photodynamique (TPD)<\/li>\n<li><strong>Pachym\u00e9trie<\/strong> : mesure de l\u2019\u00e9paisseur du centre de la corn\u00e9e dans les cas de glaucome<\/li>\n<li><strong>Biom\u00e9trie au laser IOL Master<\/strong><\/li>\n<li><strong>Photographie du segment ant\u00e9rieur avec lampe \u00e0 fente<\/strong>.<\/li>\n<\/ul>\n<h2>Cliniques de traitement<\/h2>\n<p>Vous ne pouvez prendre rendez-vous pour des traitements qu\u2019\u00e0 la demande d\u2019un ophtalmologiste, d\u2019un urgentologue, d\u2019un m\u00e9decin de famille ou d\u2019un <strong>optom\u00e9triste<\/strong>. Voici nos diff\u00e9rentes cliniques :<\/p>\n<ul>\n<li><strong>Clinique d\u2019examen de l\u2019oeil<\/strong> : consultations \u00e0 la demande d\u2019un m\u00e9decin de famille ou d\u2019un optom\u00e9triste pour obtenir un diagnostic ou un traitement d\u2019un probl\u00e8me oculaire<\/li>\n<li><strong>Clinique du glaucome<\/strong> : suivi des patients qui ont une augmentation de la pression oculaire<\/li>\n<li><strong>Clinique de la r\u00e9tine<\/strong> : traitement tr\u00e8s sp\u00e9cialis\u00e9 des maladies de la r\u00e9tine<\/li>\n<li><strong>Clinique du laser<\/strong> : traitement au laser de nombreuses maladies de l\u2019oeil<\/li>\n<li><strong>Clinique d\u2019oculoplastie<\/strong> : chirurgie plastique des paupi\u00e8res, du conduit lacrymal<\/li>\n<li><strong>Strabisme chez l\u2019adulte<\/strong> : traitement des patients ayant un strabisme<\/li>\n<li><strong>Segment ant\u00e9rieur<\/strong> : corn\u00e9e, maladies externes, uv\u00e9ite, transplantation de la corn\u00e9e<\/li>\n<li><strong>Neuro-ophtalmologie<\/strong><\/li>\n<li><strong>Pathologie oculaire<\/strong><\/li>\n<li><strong>Th\u00e9rapie photodynamique pour la d\u00e9g\u00e9n\u00e9rescence maculaire<\/strong>.<\/li>\n<\/ul>\n<p>Le personnel infirmier trie les demandes de consultation d\u2019urgence et fixe les rendez-vous selon les besoins.<\/p>\n<h2>Unit\u00e9 de pr\u00e9admission<\/h2>\n<p>L\u2019Unit\u00e9 de pr\u00e9admission voit tous les patients qui doivent subir une chirurgie avant la date de l\u2019op\u00e9ration. Si vous le voulez, un membre de la famille ou un proche peut vous accompagner au rendez-vous. Une infirmi\u00e8re autoris\u00e9e vous posera des questions sur votre sant\u00e9. Elle vous donnera des instructions \u00e9crites sur les pr\u00e9paratifs \u00e0 l\u2019op\u00e9ration et le r\u00e9tablissement. \u00c0 ce rendez-vous, vous verrez peut-\u00eatre un anesth\u00e9siologiste qui confirmera que vous \u00eates bien en \u00e9tat de subir l\u2019op\u00e9ration. Si vous devez avoir une deuxi\u00e8me op\u00e9ration dans l\u2019ann\u00e9e qui suit la premi\u00e8re, l\u2019entrevue se fera par t\u00e9l\u00e9phone et vous n\u2019aurez pas besoin de revenir au Centre. Toutes les op\u00e9rations sont faites en clinique. Vous ne serez donc pas hospitalis\u00e9.<\/p>\n<h2>Salles d\u2019op\u00e9ration<\/h2>\n<p>Le Centre de soins oculaires compte quatre salles d\u2019op\u00e9ration compl\u00e8tes et deux salles d\u2019op\u00e9ration mineure, \u00e9quip\u00e9es de la plus r\u00e9cente technologie. L\u2019\u00e9quipe professionnelle d\u2019infirmi\u00e8res, de chirurgiens et d\u2019anesth\u00e9siologistes du Centre a fait environ 10 000 interventions chirurgicales en 2005-2006. Ce chiffre comprend les chirurgies de la cataracte et presque 625 chirurgies de la r\u00e9tine. L\u2019\u00e9quipe effectue aussi des transplantations de la corn\u00e9e, des op\u00e9rations pour le glaucome et de l\u2019oculoplastie. Ces statistiques d\u00e9passent de beaucoup celles de la majorit\u00e9 des grands centres de soins oculaires au Canada.<\/p>\n<h2>Chirurgie d\u2019un jour et Soins postanesth\u00e9siques<\/h2>\n<p>Le jour de l\u2019op\u00e9ration, vous commencerez et vous finirez votre s\u00e9jour au Centre dans cette unit\u00e9 spacieuse. Notre \u00e9quipe enthousiaste d\u2019infirmi\u00e8res passera du temps avec vous avant l\u2019op\u00e9ration et vous attendra \u00e0 votre retour de la salle d\u2019op\u00e9ration. Le personnel vous offrira une collation nutritive et des boissons apr\u00e8s l\u2019op\u00e9ration. L\u2019unit\u00e9 est enti\u00e8rement \u00e9quip\u00e9e de mat\u00e9riel de surveillance moderne. Apr\u00e8s votre sortie du Centre, une infirmi\u00e8re vous t\u00e9l\u00e9phonera pour savoir si vous vous r\u00e9tablissez bien.<\/p>\n<h2><a href=\"\/fr\/services-cliniques\/deptpgrmcs\/programmes\/centre-de-soins-oculaires\/services-cliniques-et-diagnostiques\/services-non-assures\/\" target=\"_blank\">Services non assur\u00e9s<\/a><\/h2>\n","protected":false},"excerpt":{"rendered":"<p>Le Centre de soins oculaires Riverside de L\u2019H\u00f4pital d\u2019Ottawa offre de nombreuses cliniques de diagnostic et de traitement dans des installations d\u2019avant-garde \u00e9quip\u00e9es \u00e0 la fine pointe de la technologie. Ce sont des cliniques sur rendez-vous seulement. Cliniques de diagnostic Les bureaux des ophtalmologistes prennent les rendez-vous pour les tests diagnostiques au Centre des soins [&hellip;]<\/p>\n","protected":false},"author":25,"featured_media":0,"parent":11354,"menu_order":4,"comment_status":"closed","ping_status":"closed","template":"","meta":{"_acf_changed":false,"_mc_calendar":[],"footnotes":""},"class_list":["post-11381","page","type-page","status-publish","hentry"],"acf":[],"wps_subtitle":"","_links":{"self":[{"href":"https:\/\/www.ottawahospital.on.ca\/fr\/wp-json\/wp\/v2\/pages\/11381","targetHints":{"allow":["GET"]}}],"collection":[{"href":"https:\/\/www.ottawahospital.on.ca\/fr\/wp-json\/wp\/v2\/pages"}],"about":[{"href":"https:\/\/www.ottawahospital.on.ca\/fr\/wp-json\/wp\/v2\/types\/page"}],"author":[{"embeddable":true,"href":"https:\/\/www.ottawahospital.on.ca\/fr\/wp-json\/wp\/v2\/users\/25"}],"replies":[{"embeddable":true,"href":"https:\/\/www.ottawahospital.on.ca\/fr\/wp-json\/wp\/v2\/comments?post=11381"}],"version-history":[{"count":0,"href":"https:\/\/www.ottawahospital.on.ca\/fr\/wp-json\/wp\/v2\/pages\/11381\/revisions"}],"up":[{"embeddable":true,"href":"https:\/\/www.ottawahospital.on.ca\/fr\/wp-json\/wp\/v2\/pages\/11354"}],"wp:attachment":[{"href":"https:\/\/www.ottawahospital.on.ca\/fr\/wp-json\/wp\/v2\/media?parent=11381"}],"curies":[{"name":"wp","href":"https:\/\/api.w.org\/{rel}","templated":true}]}}