{"id":11368,"date":"2016-11-30T11:35:19","date_gmt":"2016-11-30T16:35:19","guid":{"rendered":"http:\/\/52.229.122.34\/fr\/?page_id=11368"},"modified":"2017-01-04T10:09:38","modified_gmt":"2017-01-04T15:09:38","slug":"anatomie-de-loeil","status":"publish","type":"page","link":"https:\/\/www.ottawahospital.on.ca\/fr\/services-cliniques\/deptpgrmcs\/programmes\/centre-de-soins-oculaires\/anatomie-de-loeil\/","title":{"rendered":"Anatomie de l&rsquo;oeil"},"content":{"rendered":"<p>L&rsquo;oeil est form\u00e9 de trois couches, qui ont chacune une ou plusieurs parties tr\u00e8s importantes.<\/p>\n<p><img decoding=\"async\" class=\"img-responsive alignleft wp-image-11364 size-full\" src=\"\/wp-content\/uploads\/2016\/11\/bigeye-e.gif\" alt=\"bigeye-e\" width=\"400\" height=\"182\" \/><\/p>\n<div class=\"clearblock\"><\/div>\n<h2>La couche ext\u00e9rieure<\/h2>\n<p>La couche ext\u00e9rieure contient la <strong>scl\u00e8re<\/strong> (le blanc de l&rsquo;oeil) et la <strong>corn\u00e9e<\/strong> (le d\u00f4me transparent \u00e0 l\u2019avant de l&rsquo;oeil). La corn\u00e9e est comme une fen\u00eatre qui donne sur l&rsquo;oeil. Elle recouvre l\u2019<strong>iris<\/strong>, la partie color\u00e9e de l&rsquo;oeil. L\u2019iris agit comme la lentille d\u2019un appareil photo. Il r\u00e8gle la quantit\u00e9 de lumi\u00e8re qui entre dans l&rsquo;oeil en changeant de grosseur selon l\u2019\u00e9clairage.<\/p>\n<p><img decoding=\"async\" class=\"img-responsive alignleft wp-image-11363 size-full\" src=\"\/wp-content\/uploads\/2016\/11\/bigeyefront-e.jpg\" alt=\"bigeyefront-e\" width=\"300\" height=\"225\" \/><\/p>\n<div class=\"clearblock\"><\/div>\n<p>En arri\u00e8re de la corn\u00e9e se trouve le <strong>cristallin<\/strong> transparent qui vous aide \u00e0 ajuster votre vision des choses proches ou loin. Entre le cristallin et la corn\u00e9e, il y a un liquide clair appel\u00e9 <strong>humeur aqueuse<\/strong>. Ce liquide est produit constamment et il se vide par un r\u00e9seau de canaux appel\u00e9 le <strong>trab\u00e9culum corn\u00e9oscl\u00e9ral<\/strong>. Ces drains se trouvent \u00e0 la base de l\u2019iris. La pression de l&rsquo;oeil, aussi appel\u00e9e <strong>pression intraoculaire ou PIO<\/strong>, se mesure par la facilit\u00e9 avec laquelle le liquide se draine de l&rsquo;oeil. Entre le cristallin et la r\u00e9tine, il y a une mati\u00e8re g\u00e9latineuse qu\u2019on appelle le <strong>corps vitr\u00e9<\/strong>.<\/p>\n<p><img decoding=\"async\" class=\"img-responsive alignleft wp-image-11362 size-full\" src=\"\/wp-content\/uploads\/2016\/11\/bigaqueous-e.gif\" alt=\"bigaqueous-e\" width=\"316\" height=\"210\" \/><\/p>\n<div class=\"clearblock\"><\/div>\n<h2>La couche du milieu<\/h2>\n<p>La couche du milieu dans l&rsquo;oeil s\u2019appelle l\u2019<strong>uv\u00e9e<\/strong>. Elle contient les vaisseaux qui apportent le sang \u00e0 l&rsquo;oeil pour le nourrir.<\/p>\n<h2>La couche int\u00e9rieure<\/h2>\n<p>La couche int\u00e9rieure de l&rsquo;oeil, ou <strong>r\u00e9tine<\/strong>, est semblable au film d\u2019un appareil photo. Elle re\u00e7oit la lumi\u00e8re d\u2019une image que nous regardons et transforme cette lumi\u00e8re en impulsions \u00e9lectriques. Ces messages sont envoy\u00e9s au cerveau par les fibres du <strong>nerf optique<\/strong>.<\/p>\n","protected":false},"excerpt":{"rendered":"<p>L&rsquo;oeil est form\u00e9 de trois couches, qui ont chacune une ou plusieurs parties tr\u00e8s importantes. La couche ext\u00e9rieure La couche ext\u00e9rieure contient la scl\u00e8re (le blanc de l&rsquo;oeil) et la corn\u00e9e (le d\u00f4me transparent \u00e0 l\u2019avant de l&rsquo;oeil). La corn\u00e9e est comme une fen\u00eatre qui donne sur l&rsquo;oeil. Elle recouvre l\u2019iris, la partie color\u00e9e de [&hellip;]<\/p>\n","protected":false},"author":25,"featured_media":0,"parent":11354,"menu_order":2,"comment_status":"closed","ping_status":"closed","template":"","meta":{"_acf_changed":false,"_mc_calendar":[],"footnotes":""},"class_list":["post-11368","page","type-page","status-publish","hentry"],"acf":[],"wps_subtitle":"","_links":{"self":[{"href":"https:\/\/www.ottawahospital.on.ca\/fr\/wp-json\/wp\/v2\/pages\/11368","targetHints":{"allow":["GET"]}}],"collection":[{"href":"https:\/\/www.ottawahospital.on.ca\/fr\/wp-json\/wp\/v2\/pages"}],"about":[{"href":"https:\/\/www.ottawahospital.on.ca\/fr\/wp-json\/wp\/v2\/types\/page"}],"author":[{"embeddable":true,"href":"https:\/\/www.ottawahospital.on.ca\/fr\/wp-json\/wp\/v2\/users\/25"}],"replies":[{"embeddable":true,"href":"https:\/\/www.ottawahospital.on.ca\/fr\/wp-json\/wp\/v2\/comments?post=11368"}],"version-history":[{"count":0,"href":"https:\/\/www.ottawahospital.on.ca\/fr\/wp-json\/wp\/v2\/pages\/11368\/revisions"}],"up":[{"embeddable":true,"href":"https:\/\/www.ottawahospital.on.ca\/fr\/wp-json\/wp\/v2\/pages\/11354"}],"wp:attachment":[{"href":"https:\/\/www.ottawahospital.on.ca\/fr\/wp-json\/wp\/v2\/media?parent=11368"}],"curies":[{"name":"wp","href":"https:\/\/api.w.org\/{rel}","templated":true}]}}