{"id":11358,"date":"2016-11-30T11:28:42","date_gmt":"2016-11-30T16:28:42","guid":{"rendered":"http:\/\/52.229.122.34\/fr\/?page_id=11358"},"modified":"2016-11-30T11:28:42","modified_gmt":"2016-11-30T16:28:42","slug":"visionmission","status":"publish","type":"page","link":"https:\/\/www.ottawahospital.on.ca\/fr\/services-cliniques\/deptpgrmcs\/programmes\/centre-de-soins-oculaires\/visionmission\/","title":{"rendered":"Vision\/Mission"},"content":{"rendered":"<h2>Vision<\/h2>\n<p>Le D\u00e9partement d\u2019ophtalmologie de L\u2019H\u00f4pital d\u2019Ottawa offre des services de soins oculaires et ophtalmologiques, d\u2019enseignement et de recherche complets, exemplaires et centr\u00e9s sur le patient. Le D\u00e9partement se consacre \u00e0 am\u00e9liorer et \u00e0 promouvoir les progr\u00e8s dans l\u2019investigation, le traitement et la pr\u00e9vention des troubles et des maladies de l\u2019oeil et du syst\u00e8me visuel.<\/p>\n<h2>Mission<\/h2>\n<p>Pour concr\u00e9tiser sa vision, le D\u00e9partement attribue ses ressources dans le but d\u2019offrir :<\/p>\n<ul>\n<li>des services de soins oculaires et ophtalmologiques complets et sp\u00e9cialis\u00e9s de grande qualit\u00e9 et centr\u00e9s sur le patient \u00e0 la collectivit\u00e9, ainsi que des services de soins oculaires sp\u00e9cialis\u00e9s aux r\u00e9sidents de l\u2019Est et du Nord-Est de l\u2019Ontario;<\/li>\n<li>de la formation, de l\u2019enseignement et des possibilit\u00e9s d\u2019apprentissage continu \u00e0 un large \u00e9ventail de professionnels et de fournisseurs de soins oculaires, en partenariat avec l\u2019Universit\u00e9 d\u2019Ottawa, d\u2019autres universit\u00e9s, des coll\u00e8ges communautaires, des associations et des soci\u00e9t\u00e9s techniques et des organismes communautaires;<\/li>\n<li>de la recherche fondamentale et appliqu\u00e9e portant sur l\u2019oeil et le syst\u00e8me visuel, reconnue sur les plans national et international, en insistant sur les troubles de la vision et les maladies de l\u2019oeil qui repr\u00e9sentent des pr\u00e9occupations importantes du point de vue de la sant\u00e9 publique.<\/li>\n<\/ul>\n<h2>Valeurs fondamentales<\/h2>\n<p>Pour concr\u00e9tiser sa vision et sa mission, le D\u00e9partement d\u2019ophtalmologie met en pratique ses valeurs fondamentales selon lesquelles :<\/p>\n<ul>\n<li>il place la sant\u00e9, la vision, la qualit\u00e9 de vie et le bien-\u00eatre de ses patients au c\u0153ur de tous ses efforts;<\/li>\n<li>il respecte les droits et le d\u00e9sir de tous les patients de prendre des d\u00e9cisions \u00e9clair\u00e9es concernant leurs soins, leurs traitements, ainsi que leur volont\u00e9 de participer \u00e0 l\u2019enseignement et \u00e0 la recherche;<\/li>\n<li>il valorise, appuie et respecte son personnel et s\u2019engage \u00e0 assurer son perfectionnement en permanence dans un milieu o\u00f9 l\u2019on s\u2019emploi \u00e0 constamment am\u00e9liorer la qualit\u00e9;<\/li>\n<li>il encourage l\u2019excellence, l\u2019innovation et la participation volontaire et active \u00e0 toutes ses activit\u00e9s d\u2019enseignement, de recherche et de soins aux patients;<\/li>\n<li>il reconna\u00eet les contributions et le soutien pr\u00e9cieux de tous ses donateurs et b\u00e9n\u00e9voles, sur lesquels il compte et envers qui il exprime sa gratitude;<\/li>\n<li>il s\u2019engage \u00e0 collaborer, sans concurrence, pour assurer la responsabilisation, l\u2019efficacit\u00e9 et la responsabilit\u00e9 financi\u00e8re dans la fa\u00e7on dont il offre ses services, affecte ses ressources et entretient ses installations avant-gardistes.<\/li>\n<\/ul>\n","protected":false},"excerpt":{"rendered":"<p>Vision Le D\u00e9partement d\u2019ophtalmologie de L\u2019H\u00f4pital d\u2019Ottawa offre des services de soins oculaires et ophtalmologiques, d\u2019enseignement et de recherche complets, exemplaires et centr\u00e9s sur le patient. Le D\u00e9partement se consacre \u00e0 am\u00e9liorer et \u00e0 promouvoir les progr\u00e8s dans l\u2019investigation, le traitement et la pr\u00e9vention des troubles et des maladies de l\u2019oeil et du syst\u00e8me visuel. [&hellip;]<\/p>\n","protected":false},"author":25,"featured_media":0,"parent":11354,"menu_order":1,"comment_status":"closed","ping_status":"closed","template":"","meta":{"_acf_changed":false,"_mc_calendar":[],"footnotes":""},"class_list":["post-11358","page","type-page","status-publish","hentry"],"acf":[],"wps_subtitle":"","_links":{"self":[{"href":"https:\/\/www.ottawahospital.on.ca\/fr\/wp-json\/wp\/v2\/pages\/11358","targetHints":{"allow":["GET"]}}],"collection":[{"href":"https:\/\/www.ottawahospital.on.ca\/fr\/wp-json\/wp\/v2\/pages"}],"about":[{"href":"https:\/\/www.ottawahospital.on.ca\/fr\/wp-json\/wp\/v2\/types\/page"}],"author":[{"embeddable":true,"href":"https:\/\/www.ottawahospital.on.ca\/fr\/wp-json\/wp\/v2\/users\/25"}],"replies":[{"embeddable":true,"href":"https:\/\/www.ottawahospital.on.ca\/fr\/wp-json\/wp\/v2\/comments?post=11358"}],"version-history":[{"count":0,"href":"https:\/\/www.ottawahospital.on.ca\/fr\/wp-json\/wp\/v2\/pages\/11358\/revisions"}],"up":[{"embeddable":true,"href":"https:\/\/www.ottawahospital.on.ca\/fr\/wp-json\/wp\/v2\/pages\/11354"}],"wp:attachment":[{"href":"https:\/\/www.ottawahospital.on.ca\/fr\/wp-json\/wp\/v2\/media?parent=11358"}],"curies":[{"name":"wp","href":"https:\/\/api.w.org\/{rel}","templated":true}]}}