{"id":11354,"date":"2016-11-30T11:26:39","date_gmt":"2016-11-30T16:26:39","guid":{"rendered":"http:\/\/52.229.122.34\/fr\/?page_id=11354"},"modified":"2016-12-09T11:24:20","modified_gmt":"2016-12-09T16:24:20","slug":"centre-de-soins-oculaires","status":"publish","type":"page","link":"https:\/\/www.ottawahospital.on.ca\/fr\/services-cliniques\/deptpgrmcs\/programmes\/centre-de-soins-oculaires\/","title":{"rendered":"Centre de soins oculaires"},"content":{"rendered":"<p><a href=\"\/wp-content\/uploads\/2016\/11\/eye_care_reception.jpg\"><img decoding=\"async\" class=\"size-full wp-image-11347 alignright img-responsive\" src=\"\/wp-content\/uploads\/2016\/11\/eye_care_reception.jpg\" alt=\"eye_care_reception\" width=\"255\" height=\"171\" \/><\/a>Bienvenue au Centre de soins oculaires du Campus Riverside, une division du D\u00e9partement d\u2019ophtalmologie \u00e0 L\u2019H\u00f4pital d\u2019Ottawa.<\/p>\n<p>Les membres du Centre de soins oculaires offrent des services m\u00e9dicaux, chirurgicaux et d\u2019urgence complets \u00e0 la municipalit\u00e9 r\u00e9gionale d\u2019Ottawa-Carleton. Ils offrent aussi des soins oculaires de niveau tertiaire aux collectivit\u00e9s de l\u2019Est et du Nord de l\u2019Ontario, de l\u2019\u00eele de Baffin et de l\u2019Outaouais.<\/p>\n<h2>Historique et aper\u00e7u<\/h2>\n<p>Le Centre de soins oculaires de L\u2019H\u00f4pital d\u2019Ottawa au Campus Riverside regroupe les anciens d\u00e9partements d\u2019ophtalmologie des h\u00f4pitaux Queensway Carleton, Grace, Riverside et Civic qui existaient avant la restructuration.<\/p>\n<p>Le nouvel \u00e9tablissement ultramoderne re\u00e7oit le plus grand nombre de patients externes au Canada pour une chirurgie oculaire. Chaque ann\u00e9e, on y fait 9 000 chirurgies de la cataracte et 2 000 chirurgies pour r\u00e9parer une blessure ou traiter des probl\u00e8mes de r\u00e9tine, de glaucome ou d\u2019oculoplastie.<\/p>\n","protected":false},"excerpt":{"rendered":"<p>Bienvenue au Centre de soins oculaires du Campus Riverside, une division du D\u00e9partement d\u2019ophtalmologie \u00e0 L\u2019H\u00f4pital d\u2019Ottawa. Les membres du Centre de soins oculaires offrent des services m\u00e9dicaux, chirurgicaux et d\u2019urgence complets \u00e0 la municipalit\u00e9 r\u00e9gionale d\u2019Ottawa-Carleton. Ils offrent aussi des soins oculaires de niveau tertiaire aux collectivit\u00e9s de l\u2019Est et du Nord de l\u2019Ontario, [&hellip;]<\/p>\n","protected":false},"author":25,"featured_media":0,"parent":7866,"menu_order":9,"comment_status":"closed","ping_status":"closed","template":"","meta":{"_acf_changed":false,"_mc_calendar":[],"footnotes":""},"class_list":["post-11354","page","type-page","status-publish","hentry"],"acf":[],"wps_subtitle":"","_links":{"self":[{"href":"https:\/\/www.ottawahospital.on.ca\/fr\/wp-json\/wp\/v2\/pages\/11354","targetHints":{"allow":["GET"]}}],"collection":[{"href":"https:\/\/www.ottawahospital.on.ca\/fr\/wp-json\/wp\/v2\/pages"}],"about":[{"href":"https:\/\/www.ottawahospital.on.ca\/fr\/wp-json\/wp\/v2\/types\/page"}],"author":[{"embeddable":true,"href":"https:\/\/www.ottawahospital.on.ca\/fr\/wp-json\/wp\/v2\/users\/25"}],"replies":[{"embeddable":true,"href":"https:\/\/www.ottawahospital.on.ca\/fr\/wp-json\/wp\/v2\/comments?post=11354"}],"version-history":[{"count":0,"href":"https:\/\/www.ottawahospital.on.ca\/fr\/wp-json\/wp\/v2\/pages\/11354\/revisions"}],"up":[{"embeddable":true,"href":"https:\/\/www.ottawahospital.on.ca\/fr\/wp-json\/wp\/v2\/pages\/7866"}],"wp:attachment":[{"href":"https:\/\/www.ottawahospital.on.ca\/fr\/wp-json\/wp\/v2\/media?parent=11354"}],"curies":[{"name":"wp","href":"https:\/\/api.w.org\/{rel}","templated":true}]}}