{"id":11241,"date":"2016-11-28T18:46:05","date_gmt":"2016-11-28T23:46:05","guid":{"rendered":"http:\/\/52.229.122.34\/fr\/?page_id=11241"},"modified":"2020-09-24T16:51:32","modified_gmt":"2020-09-24T20:51:32","slug":"liste-du-personnel","status":"publish","type":"page","link":"https:\/\/www.ottawahospital.on.ca\/fr\/services-cliniques\/deptpgrmcs\/departements\/ophtalmologie\/liste-du-personnel\/","title":{"rendered":"Liste du personnel"},"content":{"rendered":"<p>La page demand\u00e9e a \u00e9t\u00e9 ouverte dans une nouvelle fen\u00eatre.<\/p>\n<p>Si votre navigateur Web bloque les fen\u00eatres \u00ab\u00a0pop-up\u00a0\u00bb, vous pouvez ouvrir la page en cliquant sur le lien suivant :<br \/><a title=\"\" href=\"\/wp-content\/uploads\/2020\/09\/Ophthalmology-staff-profiles-Revised-Sept18-2020-Fr-WCAG.pdf\" target=\"_blank\" rel=\"noopener noreferrer\">Liste du personnel<\/a><\/p>\n\n\n<p><\/p>\n","protected":false},"excerpt":{"rendered":"<p>La page demand\u00e9e a \u00e9t\u00e9 ouverte dans une nouvelle fen\u00eatre. Si votre navigateur Web bloque les fen\u00eatres \u00ab\u00a0pop-up\u00a0\u00bb, vous pouvez ouvrir la page en cliquant sur le lien suivant :Liste du personnel<\/p>\n","protected":false},"author":25,"featured_media":0,"parent":11236,"menu_order":1,"comment_status":"closed","ping_status":"closed","template":"","meta":{"_acf_changed":false,"_mc_calendar":[],"footnotes":""},"class_list":["post-11241","page","type-page","status-publish","hentry"],"acf":[],"wps_subtitle":"","_links":{"self":[{"href":"https:\/\/www.ottawahospital.on.ca\/fr\/wp-json\/wp\/v2\/pages\/11241","targetHints":{"allow":["GET"]}}],"collection":[{"href":"https:\/\/www.ottawahospital.on.ca\/fr\/wp-json\/wp\/v2\/pages"}],"about":[{"href":"https:\/\/www.ottawahospital.on.ca\/fr\/wp-json\/wp\/v2\/types\/page"}],"author":[{"embeddable":true,"href":"https:\/\/www.ottawahospital.on.ca\/fr\/wp-json\/wp\/v2\/users\/25"}],"replies":[{"embeddable":true,"href":"https:\/\/www.ottawahospital.on.ca\/fr\/wp-json\/wp\/v2\/comments?post=11241"}],"version-history":[{"count":0,"href":"https:\/\/www.ottawahospital.on.ca\/fr\/wp-json\/wp\/v2\/pages\/11241\/revisions"}],"up":[{"embeddable":true,"href":"https:\/\/www.ottawahospital.on.ca\/fr\/wp-json\/wp\/v2\/pages\/11236"}],"wp:attachment":[{"href":"https:\/\/www.ottawahospital.on.ca\/fr\/wp-json\/wp\/v2\/media?parent=11241"}],"curies":[{"name":"wp","href":"https:\/\/api.w.org\/{rel}","templated":true}]}}