{"id":11236,"date":"2016-11-28T18:44:06","date_gmt":"2016-11-28T23:44:06","guid":{"rendered":"http:\/\/52.229.122.34\/fr\/?page_id=11236"},"modified":"2017-01-03T12:52:55","modified_gmt":"2017-01-03T17:52:55","slug":"ophtalmologie","status":"publish","type":"page","link":"https:\/\/www.ottawahospital.on.ca\/fr\/services-cliniques\/deptpgrmcs\/departements\/ophtalmologie\/","title":{"rendered":"Ophtalmologie"},"content":{"rendered":"<p>Bienvenue au D\u00e9partement d&rsquo;ophtalmologie de L&rsquo;H\u00f4pital d&rsquo;Ottawa. Le personnel du D\u00e9partement offre un vaste \u00e9ventail de soins oculaires (examens m\u00e9dicaux, chirurgies et soins d\u2019urgence) aux r\u00e9sidents de la municipalit\u00e9 r\u00e9gionale d\u2019Ottawa Carleton, ainsi que des soins oculaires de niveau tertiaire aux collectivit\u00e9s de l\u2019Est et du Nord de l\u2019Ontario, de l\u2019\u00eele de Baffin et de l\u2019Ouest du Qu\u00e9bec.<\/p>\n<p>Gr\u00e2ce au d\u00e9vouement de notre personnel, le D\u00e9partement d&rsquo;ophtalmologie de L&rsquo;H\u00f4pital d&rsquo;Ottawa est un centre hospitalier universitaire qui compte deux divisions de calibre international : le Centre de soins oculaires et l&rsquo;Institut de l&rsquo;oeil de l&rsquo;Universit\u00e9 d&rsquo;Ottawa.<\/p>\n<h2>Historique et aper\u00e7u<\/h2>\n<p>La division du <a href=\"\/fr\/services-cliniques\/deptpgrmcs\/programmes\/centre-de-soins-oculaires\/\"><strong>Centre de soins oculaires<\/strong><\/a> de L&rsquo;H\u00f4pital d&rsquo;Ottawa au Campus Riverside regroupe les anciens d\u00e9partements d&rsquo;ophtalmologie des h\u00f4pitaux Queensway Carleton, Grace, Riverside et Civic qui existaient avant la restructuration. Le nouvel \u00e9tablissement ultramoderne re\u00e7oit le plus grand nombre de patients externes au Canada pour une chirurgie oculaire. Chaque ann\u00e9e, on y fait 9 000 chirurgies de la cataracte et 2 000 chirurgies pour r\u00e9parer une blessure ou traiter des probl\u00e8mes de r\u00e9tine, de glaucome ou d&rsquo;oculoplastie.<\/p>\n<p>La division de <a href=\"\/fr\/services-cliniques\/deptpgrmcs\/programmes\/institut-de-loeil\/\"><strong>l&rsquo;Institut de l&rsquo;\u0153il de l&rsquo;Universit\u00e9 d&rsquo;Ottawa<\/strong><\/a> au Campus G\u00e9n\u00e9ral est un \u00e9tablissement de premier ordre en mati\u00e8re de traitement, de diagnostic, d&rsquo;enseignement et de recherche reli\u00e9s \u00e0 la vision. Ce mariage unique de services d&rsquo;ophtalmologie en milieu communautaire et universitaire permet \u00e0 L&rsquo;H\u00f4pital d&rsquo;Ottawa d&rsquo;offrir un programme r\u00e9gional reconnu \u00e0 l&rsquo;\u00e9chelle nationale et internationale. Il est renomm\u00e9 pour son excellence, tant sur le plan de la qualit\u00e9 que de l&rsquo;efficacit\u00e9 des soins oculaires, de la recherche, de la formation et de l&rsquo;enseignement.<\/p>\n<h2>Leadership<\/h2>\n<p>L&rsquo;Ophtalmologie a jou\u00e9 un r\u00f4le de chef de file dans la r\u00e9gionalisation des soins oculaires dans l&rsquo;Est ontarien et la municipalit\u00e9 r\u00e9gionale d&rsquo;Ottawa-Carleton\u00a0:<\/p>\n<ul>\n<li>Service d&rsquo;urgence \u00e0 l&rsquo;H\u00f4pital Queensway Carleton qui n&rsquo;a PAS de d\u00e9partement d&rsquo;ophtalmologie<\/li>\n<li>Programme de pr\u00e9l\u00e8vement de corn\u00e9e qui dessert L&rsquo;HO, les h\u00f4pitaux communautaires et de soins palliatifs, le CHEO, les salons fun\u00e9raires et les h\u00f4pitaux de la vall\u00e9e de l&rsquo;Outaouais<\/li>\n<li>Cliniques de consultation offertes dans la collectivit\u00e9 par L&rsquo;HO \u00e0 Renfrew, Pembroke, Almonte, Winchester, Kemptville, Carleton Place, Barry&rsquo;s Bay, Arnprior, Smiths Falls et Manotick<\/li>\n<li>Entente avec l&rsquo;\u00eele de Baffin pour offrir des services de chirurgie au Centre de soins oculaires<\/li>\n<li>\u00c9troite collaboration avec les ophtalmologistes de l&rsquo;H\u00f4pital Montfort, dont plusieurs ont des privil\u00e8ges dans les deux h\u00f4pitaux.<\/li>\n<\/ul>\n","protected":false},"excerpt":{"rendered":"<p>Bienvenue au D\u00e9partement d&rsquo;ophtalmologie de L&rsquo;H\u00f4pital d&rsquo;Ottawa. Le personnel du D\u00e9partement offre un vaste \u00e9ventail de soins oculaires (examens m\u00e9dicaux, chirurgies et soins d\u2019urgence) aux r\u00e9sidents de la municipalit\u00e9 r\u00e9gionale d\u2019Ottawa Carleton, ainsi que des soins oculaires de niveau tertiaire aux collectivit\u00e9s de l\u2019Est et du Nord de l\u2019Ontario, de l\u2019\u00eele de Baffin et de [&hellip;]<\/p>\n","protected":false},"author":25,"featured_media":0,"parent":7868,"menu_order":18,"comment_status":"closed","ping_status":"closed","template":"","meta":{"_acf_changed":false,"_mc_calendar":[],"footnotes":""},"class_list":["post-11236","page","type-page","status-publish","hentry"],"acf":[],"wps_subtitle":"","_links":{"self":[{"href":"https:\/\/www.ottawahospital.on.ca\/fr\/wp-json\/wp\/v2\/pages\/11236","targetHints":{"allow":["GET"]}}],"collection":[{"href":"https:\/\/www.ottawahospital.on.ca\/fr\/wp-json\/wp\/v2\/pages"}],"about":[{"href":"https:\/\/www.ottawahospital.on.ca\/fr\/wp-json\/wp\/v2\/types\/page"}],"author":[{"embeddable":true,"href":"https:\/\/www.ottawahospital.on.ca\/fr\/wp-json\/wp\/v2\/users\/25"}],"replies":[{"embeddable":true,"href":"https:\/\/www.ottawahospital.on.ca\/fr\/wp-json\/wp\/v2\/comments?post=11236"}],"version-history":[{"count":0,"href":"https:\/\/www.ottawahospital.on.ca\/fr\/wp-json\/wp\/v2\/pages\/11236\/revisions"}],"up":[{"embeddable":true,"href":"https:\/\/www.ottawahospital.on.ca\/fr\/wp-json\/wp\/v2\/pages\/7868"}],"wp:attachment":[{"href":"https:\/\/www.ottawahospital.on.ca\/fr\/wp-json\/wp\/v2\/media?parent=11236"}],"curies":[{"name":"wp","href":"https:\/\/api.w.org\/{rel}","templated":true}]}}