{"id":11202,"date":"2016-11-28T16:10:38","date_gmt":"2016-11-28T21:10:38","guid":{"rendered":"http:\/\/52.229.122.34\/fr\/?page_id=11202"},"modified":"2016-11-28T16:10:38","modified_gmt":"2016-11-28T21:10:38","slug":"formation-recherche","status":"publish","type":"page","link":"https:\/\/www.ottawahospital.on.ca\/fr\/services-cliniques\/deptpgrmcs\/departements\/chirurgie-thoracique\/formation-recherche\/","title":{"rendered":"Formation \/ Recherche"},"content":{"rendered":"<h2>Programme de formation de r\u00e9sidents en chirurgie thoracique<\/h2>\n<p>La Division de chirurgie thoracique de L&rsquo;H\u00f4pital d&rsquo;Ottawa, en collaboration \u00e9troite avec l&rsquo;Institut de cardiologie d&rsquo;Ottawa, a mis sur pied, en 1983, un programme de formation de r\u00e9sidents fort r\u00e9ussi et reconnu en chirurgie thoracique. La r\u00e9ussite de ce programme est due \u00e0 un nombre de patients ad\u00e9quat, \u00e0 la recherche clinique, au laboratoire d&rsquo;analyse des fonctions de l&rsquo;\u0153sophage, ainsi qu&rsquo;au temps consacr\u00e9 chaque semaine \u00e0 des rencontres multidisciplinaires sur l&rsquo;oncologie thoracique, aux rencontres multidisciplinaires bimensuelles sur la chirurgie, la radiologie et la pathologie pulmonaire thoracique, aux rencontres hebdomadaires de formation en chirurgie thoracique, aux rencontres trimestrielles sur la morbidit\u00e9 et la mortalit\u00e9, aux rencontres hebdomadaires communes sur la chirurgie cardiothoracique et aux r\u00e9unions r\u00e9guli\u00e8res du \u00ab pneumoclub \u00bb.<\/p>\n<h2>Recherche et formation<\/h2>\n<p>La Division de chirurgie thoracique de L&rsquo;H\u00f4pital d&rsquo;Ottawa souscrit fortement \u00e0 la recherche clinique et \u00e0 l&rsquo;enseignement des patients, \u00e0 la formation des \u00e9tudiants ainsi que des r\u00e9sidents en chirurgie. Gr\u00e2ce \u00e0 l&rsquo;aide des infirmi\u00e8res enseignantes en chirurgie, les plans cliniques ont \u00e9t\u00e9 pr\u00e9par\u00e9es de mani\u00e8re \u00e0 prodiguer les soins appropri\u00e9s aux patients. Les stages hospitaliers en chirurgie sont coordonn\u00e9s par la Division de chirurgie thoracique depuis 1983. Les r\u00e9sidents en chirurgie qui effectuent des stages en chirurgie thoracique participent \u00e0 des projets de recherche clinique. La Division de chirurgie thoracique participe activement aux essais cliniques men\u00e9s par l&rsquo;Institut national du cancer du Canada.<\/p>\n","protected":false},"excerpt":{"rendered":"<p>Programme de formation de r\u00e9sidents en chirurgie thoracique La Division de chirurgie thoracique de L&rsquo;H\u00f4pital d&rsquo;Ottawa, en collaboration \u00e9troite avec l&rsquo;Institut de cardiologie d&rsquo;Ottawa, a mis sur pied, en 1983, un programme de formation de r\u00e9sidents fort r\u00e9ussi et reconnu en chirurgie thoracique. La r\u00e9ussite de ce programme est due \u00e0 un nombre de patients [&hellip;]<\/p>\n","protected":false},"author":25,"featured_media":0,"parent":11167,"menu_order":6,"comment_status":"closed","ping_status":"closed","template":"","meta":{"_acf_changed":false,"_mc_calendar":[],"footnotes":""},"class_list":["post-11202","page","type-page","status-publish","hentry"],"acf":[],"wps_subtitle":"","_links":{"self":[{"href":"https:\/\/www.ottawahospital.on.ca\/fr\/wp-json\/wp\/v2\/pages\/11202","targetHints":{"allow":["GET"]}}],"collection":[{"href":"https:\/\/www.ottawahospital.on.ca\/fr\/wp-json\/wp\/v2\/pages"}],"about":[{"href":"https:\/\/www.ottawahospital.on.ca\/fr\/wp-json\/wp\/v2\/types\/page"}],"author":[{"embeddable":true,"href":"https:\/\/www.ottawahospital.on.ca\/fr\/wp-json\/wp\/v2\/users\/25"}],"replies":[{"embeddable":true,"href":"https:\/\/www.ottawahospital.on.ca\/fr\/wp-json\/wp\/v2\/comments?post=11202"}],"version-history":[{"count":0,"href":"https:\/\/www.ottawahospital.on.ca\/fr\/wp-json\/wp\/v2\/pages\/11202\/revisions"}],"up":[{"embeddable":true,"href":"https:\/\/www.ottawahospital.on.ca\/fr\/wp-json\/wp\/v2\/pages\/11167"}],"wp:attachment":[{"href":"https:\/\/www.ottawahospital.on.ca\/fr\/wp-json\/wp\/v2\/media?parent=11202"}],"curies":[{"name":"wp","href":"https:\/\/api.w.org\/{rel}","templated":true}]}}