{"id":11192,"date":"2016-11-28T16:05:12","date_gmt":"2016-11-28T21:05:12","guid":{"rendered":"http:\/\/52.229.122.34\/fr\/?page_id=11192"},"modified":"2024-02-28T14:58:03","modified_gmt":"2024-02-28T19:58:03","slug":"personnel","status":"publish","type":"page","link":"https:\/\/www.ottawahospital.on.ca\/fr\/services-cliniques\/deptpgrmcs\/departements\/chirurgie-thoracique\/personnel\/","title":{"rendered":"Personnel"},"content":{"rendered":"<p><img decoding=\"async\" class=\"aligncenter img-responsive\" src=\"\/wp-content\/uploads\/2016\/11\/p_staff_surgery.gif\" alt=\"Staff\" width=\"430\" height=\"91\" \/><\/p>\n<div class=\"row\">\n<div class=\"col-md-6\"><a href=\"https:\/\/www.cpso.on.ca\/public-register\/doctor-details.aspx?view=1&amp;id=%2054522\" target=\"_blank\" rel=\"noopener noreferrer\"><strong>D<sup>r<\/sup> Sudhir Sundaresan<\/strong><\/a><strong><br \/>\nChef, Division de chirurgie thoracique, L\u2019H\u00f4pital d\u2019Ottawa <\/strong><br \/>\nM\u00e9decin actif, Chirurgie thoracique<br \/>\nProfesseur titulaire de chirurgie<br \/>\nChef, Division de chirurgie thoracique, Universit\u00e9 d\u2019Ottawa<br \/>\nT\u00e9l.\u00a0: 613-737-8899, poste 72430<br \/>\nT\u00e9l\u00e9c.\u00a0: 613-737-8668\n<\/div>\n<div class=\"col-md-6\"><a href=\"https:\/\/www.cpso.on.ca\/public-register\/doctor-details.aspx?view=1&amp;id=%2070307\" target=\"_blank\" rel=\"noopener noreferrer\"><strong>D<sup>r<\/sup> S\u00e9bastien Gilbert<\/strong><\/a><strong><br \/>\n<\/strong>M\u00e9decin actif, Chirurgie thoracique<br \/>\nProfesseur agr\u00e9g\u00e9 de chirurgie<br \/>\nDirecteur, Chirurgie mini-invasive de l\u2019intestin ant\u00e9rieur<br \/>\nT\u00e9l. : 613-737-8899, poste 74054<br \/>\nT\u00e9l\u00e9c.\u00a0: 613-737-8668<br \/>\nCourriel :\u00a0<a href=\"mailto:sgilbert@toh.ca\">sgilbert@toh.ca<\/a><\/div>\n<\/div>\n<div class=\"row\">\n<div><\/div>\n<div class=\"col-md-6\"><a href=\"https:\/\/www.cpso.on.ca\/public-register\/doctor-details.aspx?view=1&amp;id=%2058433\" target=\"_blank\" rel=\"noopener noreferrer\"><strong>D<sup>re <\/sup>Donna E. Maziak<\/strong><\/a><br \/>\nM\u00e9decin active, Chirurgie thoracique<br \/>\nProfesseure titulaire de chirurgie<br \/>\nDirectrice de programme, Chirurgie thoracique<br \/>\nT\u00e9l. : 613-737-8899 poste 74035<br \/>\nT\u00e9l\u00e9c. : 613-737-8668\n<\/div>\n<div class=\"col-md-6\"><strong>D<sup>r<\/sup> Andrew Seeley<\/strong><br \/>\nM\u00e9decin actif, Chirurgie thoracique et Soins critiques<br \/>\nProfesseur agr\u00e9g\u00e9 de chirurgie<br \/>\nDirecteur, Recherche clinique en chirurgie thoracique<br \/>\nT\u00e9l. : 613-737-8899, poste 74032<br \/>\nT\u00e9l\u00e9c. : 613-737-8668\n<\/div>\n<\/div>\n<div class=\"row\">\n<div class=\"col-md-6\"><a href=\"https:\/\/www.cpso.on.ca\/public-register\/doctor-details.aspx?view=1&amp;id=%2033328\" target=\"_blank\" rel=\"noopener noreferrer\"><strong>D<sup>r<\/sup> Farid M. Shamji<\/strong><\/a><br \/>\nM\u00e9decin actif, Professeur titulaire de chirurgie<br \/>\nDirecteur, Laboratoire de fonction \u0153sophagienne<br \/>\nT\u00e9l. : 613-737-8899, poste 74030<br \/>\nT\u00e9l\u00e9c. : 613-737-8668\n<\/div>\n<\/div>\n<p><strong>Personne-ressource pour plus de renseignements sur la Division de chirurgie thoracique<\/strong><\/p>\n<p>D<sup>re<\/sup> Donna Maziak<br \/>\nL&rsquo; H\u00f4pital d&rsquo;Ottawa &#8211; Campus G\u00e9n\u00e9ral<br \/>\n501, ch. Smyth &#8211; Bo\u00eete 700<br \/>\nOttawa (Ontario) K1H 8L6<br \/>\nT\u00e9l. : 613-737-8899 poste 74035<br \/>\nCourriel :\u00a0 <a href=\"mailto:dmaziak@lho.ca\" target=\"_blank\" rel=\"noopener noreferrer\">dmaziak@lho.ca<\/a><\/p>\n","protected":false},"excerpt":{"rendered":"<p>Dr Sudhir Sundaresan Chef, Division de chirurgie thoracique, L\u2019H\u00f4pital d\u2019Ottawa M\u00e9decin actif, Chirurgie thoracique Professeur titulaire de chirurgie Chef, Division de chirurgie thoracique, Universit\u00e9 d\u2019Ottawa T\u00e9l.\u00a0: 613-737-8899, poste 72430 T\u00e9l\u00e9c.\u00a0: 613-737-8668 Dr S\u00e9bastien Gilbert M\u00e9decin actif, Chirurgie thoracique Professeur agr\u00e9g\u00e9 de chirurgie Directeur, Chirurgie mini-invasive de l\u2019intestin ant\u00e9rieur T\u00e9l. : 613-737-8899, poste 74054 T\u00e9l\u00e9c.\u00a0: 613-737-8668 [&hellip;]<\/p>\n","protected":false},"author":25,"featured_media":0,"parent":11167,"menu_order":4,"comment_status":"closed","ping_status":"closed","template":"","meta":{"_acf_changed":false,"_mc_calendar":[],"footnotes":""},"class_list":["post-11192","page","type-page","status-publish","hentry"],"acf":[],"wps_subtitle":"","_links":{"self":[{"href":"https:\/\/www.ottawahospital.on.ca\/fr\/wp-json\/wp\/v2\/pages\/11192","targetHints":{"allow":["GET"]}}],"collection":[{"href":"https:\/\/www.ottawahospital.on.ca\/fr\/wp-json\/wp\/v2\/pages"}],"about":[{"href":"https:\/\/www.ottawahospital.on.ca\/fr\/wp-json\/wp\/v2\/types\/page"}],"author":[{"embeddable":true,"href":"https:\/\/www.ottawahospital.on.ca\/fr\/wp-json\/wp\/v2\/users\/25"}],"replies":[{"embeddable":true,"href":"https:\/\/www.ottawahospital.on.ca\/fr\/wp-json\/wp\/v2\/comments?post=11192"}],"version-history":[{"count":0,"href":"https:\/\/www.ottawahospital.on.ca\/fr\/wp-json\/wp\/v2\/pages\/11192\/revisions"}],"up":[{"embeddable":true,"href":"https:\/\/www.ottawahospital.on.ca\/fr\/wp-json\/wp\/v2\/pages\/11167"}],"wp:attachment":[{"href":"https:\/\/www.ottawahospital.on.ca\/fr\/wp-json\/wp\/v2\/media?parent=11192"}],"curies":[{"name":"wp","href":"https:\/\/api.w.org\/{rel}","templated":true}]}}