{"id":11183,"date":"2016-11-28T15:58:12","date_gmt":"2016-11-28T20:58:12","guid":{"rendered":"http:\/\/52.229.122.34\/fr\/?page_id=11183"},"modified":"2019-03-01T14:05:58","modified_gmt":"2019-03-01T19:05:58","slug":"information-a-lintention-des-patients","status":"publish","type":"page","link":"https:\/\/www.ottawahospital.on.ca\/fr\/services-cliniques\/deptpgrmcs\/departements\/chirurgie-thoracique\/information-a-lintention-des-patients\/","title":{"rendered":"Information \u00e0 l&rsquo;intention des patients"},"content":{"rendered":"<h2>Des brochures sont disponibles aupr\u00e8s de la Division de chirurgie thoracique :<\/h2>\n<div class=\"alert alert-info\" role=\"alert\">De nouveaux livrets d&rsquo;\u00e9ducation des patients en chirurgie thoracique seront bient\u00f4t disponibles.<\/div>\n","protected":false},"excerpt":{"rendered":"<p>Des brochures sont disponibles aupr\u00e8s de la Division de chirurgie thoracique : De nouveaux livrets d&rsquo;\u00e9ducation des patients en chirurgie thoracique seront bient\u00f4t disponibles.<\/p>\n","protected":false},"author":25,"featured_media":0,"parent":11167,"menu_order":3,"comment_status":"closed","ping_status":"closed","template":"","meta":{"_acf_changed":false,"_mc_calendar":[],"footnotes":""},"class_list":["post-11183","page","type-page","status-publish","hentry"],"acf":[],"wps_subtitle":"","_links":{"self":[{"href":"https:\/\/www.ottawahospital.on.ca\/fr\/wp-json\/wp\/v2\/pages\/11183","targetHints":{"allow":["GET"]}}],"collection":[{"href":"https:\/\/www.ottawahospital.on.ca\/fr\/wp-json\/wp\/v2\/pages"}],"about":[{"href":"https:\/\/www.ottawahospital.on.ca\/fr\/wp-json\/wp\/v2\/types\/page"}],"author":[{"embeddable":true,"href":"https:\/\/www.ottawahospital.on.ca\/fr\/wp-json\/wp\/v2\/users\/25"}],"replies":[{"embeddable":true,"href":"https:\/\/www.ottawahospital.on.ca\/fr\/wp-json\/wp\/v2\/comments?post=11183"}],"version-history":[{"count":0,"href":"https:\/\/www.ottawahospital.on.ca\/fr\/wp-json\/wp\/v2\/pages\/11183\/revisions"}],"up":[{"embeddable":true,"href":"https:\/\/www.ottawahospital.on.ca\/fr\/wp-json\/wp\/v2\/pages\/11167"}],"wp:attachment":[{"href":"https:\/\/www.ottawahospital.on.ca\/fr\/wp-json\/wp\/v2\/media?parent=11183"}],"curies":[{"name":"wp","href":"https:\/\/api.w.org\/{rel}","templated":true}]}}