{"id":11172,"date":"2016-11-28T15:52:38","date_gmt":"2016-11-28T20:52:38","guid":{"rendered":"http:\/\/52.229.122.34\/fr\/?page_id=11172"},"modified":"2016-11-28T15:52:38","modified_gmt":"2016-11-28T20:52:38","slug":"buts","status":"publish","type":"page","link":"https:\/\/www.ottawahospital.on.ca\/fr\/services-cliniques\/deptpgrmcs\/departements\/chirurgie-thoracique\/buts\/","title":{"rendered":"Buts"},"content":{"rendered":"<p>Le personnel de la Division de chirurgie thoracique estime qu\u2019il est important :<\/p>\n<ul>\n<li>d\u2019offrir des soins optimaux \u00e0 la population de l\u2019Est de l\u2019Ontario<\/li>\n<li>de bien former les futurs chirurgiens thoraciques pour r\u00e9pondre aux besoins de la population canadienne<\/li>\n<li>d\u2019assurer la formation continue des chirurgiens thoraciques<\/li>\n<li>de faire r\u00e9guli\u00e8rement des v\u00e9rifications, de l\u2019enseignement et de la recherche pour maintenir des normes d\u2019enseignement et de recherche \u00e9lev\u00e9es<\/li>\n<li>de recruter des sp\u00e9cialistes de la chirurgie thoracique au Canada et de les garder parmi nous.<\/li>\n<\/ul>\n<p><strong>Engagement \u00e0 collaborer<\/strong><br \/>\nLes responsables du Programme de chirurgie thoracique g\u00e9n\u00e9rale reconnaissent depuis longtemps l\u2019importance de maintenir de solides liens de collaboration pour offrir des soins de grande qualit\u00e9. Ces liens sont \u00e0 la fois multidisciplinaires et interdisciplinaires.<\/p>\n<p>Le volet <strong>multidisciplinaire <\/strong>regroupe les \u00e9quipes m\u00e9dicales des disciplines suivantes : oncologie m\u00e9dicale, radio-oncologie, radiologie pulmonaire, anesth\u00e9siologie thoracique, pathologie thoracique, douleur aigu\u00eb, oto-rhino-laryngologie, m\u00e9decine pulmonaire, gastro-ent\u00e9rologie et soins critiques.<\/p>\n<p>Dans l\u2019unit\u00e9 d\u2019hospitalisation du Centre des maladies pulmonaires, <strong>l\u2019\u00e9quipe interdisciplinaire<\/strong> comprend des infirmi\u00e8res sp\u00e9cialis\u00e9es en m\u00e9decine thoracique et des professionnels d\u2019autres disciplines, comme la physioth\u00e9rapie, l\u2019ergoth\u00e9rapie, la di\u00e9t\u00e9tique, la th\u00e9rapie respiratoire, le travail social, la pharmacie et les soins infirmiers \u00e0 domicile.<\/p>\n<p>Le haut degr\u00e9 de collaboration a permis d\u2019am\u00e9liorer non seulement les soins offerts aux patients, mais aussi la formation des r\u00e9sidents et des moniteurs cliniques en chirurgie thoracique, en plus de faciliter la r\u00e9alisation de recherches cliniques de qualit\u00e9 sup\u00e9rieure.<\/p>\n","protected":false},"excerpt":{"rendered":"<p>Le personnel de la Division de chirurgie thoracique estime qu\u2019il est important : d\u2019offrir des soins optimaux \u00e0 la population de l\u2019Est de l\u2019Ontario de bien former les futurs chirurgiens thoraciques pour r\u00e9pondre aux besoins de la population canadienne d\u2019assurer la formation continue des chirurgiens thoraciques de faire r\u00e9guli\u00e8rement des v\u00e9rifications, de l\u2019enseignement et de [&hellip;]<\/p>\n","protected":false},"author":25,"featured_media":0,"parent":11167,"menu_order":1,"comment_status":"closed","ping_status":"closed","template":"","meta":{"_acf_changed":false,"_mc_calendar":[],"footnotes":""},"class_list":["post-11172","page","type-page","status-publish","hentry"],"acf":[],"wps_subtitle":"","_links":{"self":[{"href":"https:\/\/www.ottawahospital.on.ca\/fr\/wp-json\/wp\/v2\/pages\/11172","targetHints":{"allow":["GET"]}}],"collection":[{"href":"https:\/\/www.ottawahospital.on.ca\/fr\/wp-json\/wp\/v2\/pages"}],"about":[{"href":"https:\/\/www.ottawahospital.on.ca\/fr\/wp-json\/wp\/v2\/types\/page"}],"author":[{"embeddable":true,"href":"https:\/\/www.ottawahospital.on.ca\/fr\/wp-json\/wp\/v2\/users\/25"}],"replies":[{"embeddable":true,"href":"https:\/\/www.ottawahospital.on.ca\/fr\/wp-json\/wp\/v2\/comments?post=11172"}],"version-history":[{"count":0,"href":"https:\/\/www.ottawahospital.on.ca\/fr\/wp-json\/wp\/v2\/pages\/11172\/revisions"}],"up":[{"embeddable":true,"href":"https:\/\/www.ottawahospital.on.ca\/fr\/wp-json\/wp\/v2\/pages\/11167"}],"wp:attachment":[{"href":"https:\/\/www.ottawahospital.on.ca\/fr\/wp-json\/wp\/v2\/media?parent=11172"}],"curies":[{"name":"wp","href":"https:\/\/api.w.org\/{rel}","templated":true}]}}