{"id":11167,"date":"2016-11-28T15:51:22","date_gmt":"2016-11-28T20:51:22","guid":{"rendered":"http:\/\/52.229.122.34\/fr\/?page_id=11167"},"modified":"2017-05-17T10:37:52","modified_gmt":"2017-05-17T14:37:52","slug":"chirurgie-thoracique","status":"publish","type":"page","link":"https:\/\/www.ottawahospital.on.ca\/fr\/services-cliniques\/deptpgrmcs\/departements\/chirurgie-thoracique\/","title":{"rendered":"Chirurgie thoracique"},"content":{"rendered":"<div class=\"col-md-3 col-md-push-9 nopadding nopaddingmobile\"><img decoding=\"async\" class=\"img-responsive marginbottom10 aligncenter\" src=\"\/wp-content\/uploads\/2016\/11\/thoracic_surg.gif\" alt=\"Thoracic Surgery\" width=\"238\" height=\"177\" \/><\/div>\n<div class=\"col-md-9 col-md-pull-3 nopaddingleft nopaddingmobile\"><strong>Bienvenue \u00e0 la Division de chirurgie thoracique du D\u00e9partement de chirurgie<\/strong><\/p>\n<h2>Historique<\/h2>\n<p>Le Programme de chirurgie thoracique g\u00e9n\u00e9rale de L\u2019H\u00f4pital d\u2019Ottawa a \u00e9t\u00e9 regroup\u00e9 au Campus G\u00e9n\u00e9ral en 2002 dans le cadre d\u2019une restructuration des services. C\u2019\u00e9tait initialement un programme sp\u00e9cialis\u00e9 au Campus Civic depuis 1983. Nous l\u2019avons s\u00e9par\u00e9 du Programme de chirurgie cardiaque en 1985.\n<\/p><\/div>\n<h2>Structure<\/h2>\n<p>Depuis la cr\u00e9ation de la Division de chirurgie thoracique \u00e0 L\u2019H\u00f4pital d\u2019Ottawa, dans les ann\u00e9es 1960, notre objectif a toujours \u00e9t\u00e9 d\u2019offrir des soins de chirurgie thoracique sup\u00e9rieurs aux patients souffrant de maladies thoraciques graves. Le Programme de chirurgie thoracique g\u00e9n\u00e9rale traite les personnes qui ont :<\/p>\n<ol>\n<li>une tumeur maligne dans la cage thoracique, y compris dans les poumons, l\u2019\u0153sophage, l\u2019estomac proximal, le m\u00e9diastin, la paroi thoracique et l\u2019espace pleural<\/li>\n<li>une maladie b\u00e9nigne dans l\u2019intestin ant\u00e9rieur, y compris une hernie diaphragmatique, des troubles de motilit\u00e9 \u0153sophagienne, une tumeur b\u00e9nigne dans l\u2019\u0153sophage et une l\u00e9sion kystique<\/li>\n<li>une anomalie cong\u00e9nitale de l\u2019arbre trach\u00e9obronchique et de l\u2019\u0153sophage d\u00e9couverte \u00e0 l\u2019\u00e2ge adulte<\/li>\n<li>une blessure \u00e0 la poitrine<\/li>\n<li>une maladie acquise comme une myasth\u00e9nie grave, un hyperparathyro\u00efdisme caus\u00e9 par un ad\u00e9nome parathyro\u00efdien m\u00e9diastinal et une sepsie dans l\u2019espace pleural, le m\u00e9diastin, la paroi thoracique ou les poumons<\/li>\n<li>une maladie des voies respiratoires proximales<\/li>\n<li>une maladie b\u00e9nigne de l\u2019\u0153sophage n\u00e9cessitant une \u00e9valuation de la fonction \u0153sophagienne<\/li>\n<li>de l\u2019emphys\u00e8me n\u00e9cessitant une r\u00e9duction du volume pulmonaire.<\/li>\n<\/ol>\n<p>Les responsables du Programme de chirurgie thoracique g\u00e9n\u00e9rale de L\u2019H\u00f4pital d\u2019Ottawa ont toujours reconnu l\u2019importance d\u2019offrir des soins en \u00e9quipe multidisciplinaire \u00e0 la population de l\u2019Est de l\u2019Ontario et, de nos jours, du R\u00e9seau local d\u2019int\u00e9gration des services de sant\u00e9 (RLISS) de Champlain. Pour offrir des soins de grande qualit\u00e9, nous comptons sur des sp\u00e9cialistes de diff\u00e9rentes disciplines\u00a0:<\/p>\n<ol>\n<li>oncologie thoracique et gastro-intestinale<\/li>\n<li>radiologie pulmonaire<\/li>\n<li>anesth\u00e9siologie thoracique<\/li>\n<li>pathologie thoracique<\/li>\n<li>douleur aigu\u00eb<\/li>\n<li>autres secteurs de la sant\u00e9<\/li>\n<li>soins infirmiers sp\u00e9cialis\u00e9s<\/li>\n<li>r\u00e9sidence en chirurgie thoracique<\/li>\n<li>oto-rhino-laryngologie<\/li>\n<li>pneumologie<\/li>\n<li>gastro-ent\u00e9rologie<\/li>\n<li>soins critiques.<\/li>\n<\/ol>\n<h2>Centre des maladies pulmonaires de L\u2019H\u00f4pital d\u2019Ottawa<\/h2>\n<p>Le regroupement du Programme de chirurgie thoracique g\u00e9n\u00e9rale au Campus G\u00e9n\u00e9ral a men\u00e9 \u00e0 la cr\u00e9ation du Centre des maladies pulmonaires de L\u2019H\u00f4pital d\u2019Ottawa en 2010. Le Centre dispose des installations suivantes\u00a0:<\/p>\n<ol>\n<li>unit\u00e9 d\u2019hospitalisation dans trois secteurs\u00a0: m\u00e9decine thoracique, pneumologie et oto-rhino-laryngologie<\/li>\n<li>laboratoire de fonction \u0153sophagienne<\/li>\n<li>unit\u00e9 d\u2019observation de patients hospitalis\u00e9s<\/li>\n<li>clinique de m\u00e9decine thoracique et de pneumologie<\/li>\n<li>clinique d\u2019\u00e9valuation du cancer (depuis 2007) permettant d\u2019assurer rapidement le suivi des patients qui viennent d\u2019apprendre qu\u2019ils ont le cancer<\/li>\n<li>salle de conf\u00e9rences pour l\u2019enseignement<\/li>\n<li>bureaux pour le personnel de recherche, l\u2019administration et la gestion des donn\u00e9es<\/li>\n<li>bureaux pour les chirurgiens thoraciques et les pneumologues<\/li>\n<\/ol>\n","protected":false},"excerpt":{"rendered":"<p>Bienvenue \u00e0 la Division de chirurgie thoracique du D\u00e9partement de chirurgie Historique Le Programme de chirurgie thoracique g\u00e9n\u00e9rale de L\u2019H\u00f4pital d\u2019Ottawa a \u00e9t\u00e9 regroup\u00e9 au Campus G\u00e9n\u00e9ral en 2002 dans le cadre d\u2019une restructuration des services. C\u2019\u00e9tait initialement un programme sp\u00e9cialis\u00e9 au Campus Civic depuis 1983. Nous l\u2019avons s\u00e9par\u00e9 du Programme de chirurgie cardiaque en [&hellip;]<\/p>\n","protected":false},"author":25,"featured_media":0,"parent":7868,"menu_order":25,"comment_status":"closed","ping_status":"closed","template":"","meta":{"_acf_changed":false,"_mc_calendar":[],"footnotes":""},"class_list":["post-11167","page","type-page","status-publish","hentry"],"acf":[],"wps_subtitle":"","_links":{"self":[{"href":"https:\/\/www.ottawahospital.on.ca\/fr\/wp-json\/wp\/v2\/pages\/11167","targetHints":{"allow":["GET"]}}],"collection":[{"href":"https:\/\/www.ottawahospital.on.ca\/fr\/wp-json\/wp\/v2\/pages"}],"about":[{"href":"https:\/\/www.ottawahospital.on.ca\/fr\/wp-json\/wp\/v2\/types\/page"}],"author":[{"embeddable":true,"href":"https:\/\/www.ottawahospital.on.ca\/fr\/wp-json\/wp\/v2\/users\/25"}],"replies":[{"embeddable":true,"href":"https:\/\/www.ottawahospital.on.ca\/fr\/wp-json\/wp\/v2\/comments?post=11167"}],"version-history":[{"count":0,"href":"https:\/\/www.ottawahospital.on.ca\/fr\/wp-json\/wp\/v2\/pages\/11167\/revisions"}],"up":[{"embeddable":true,"href":"https:\/\/www.ottawahospital.on.ca\/fr\/wp-json\/wp\/v2\/pages\/7868"}],"wp:attachment":[{"href":"https:\/\/www.ottawahospital.on.ca\/fr\/wp-json\/wp\/v2\/media?parent=11167"}],"curies":[{"name":"wp","href":"https:\/\/api.w.org\/{rel}","templated":true}]}}