{"id":11149,"date":"2016-11-28T15:33:56","date_gmt":"2016-11-28T20:33:56","guid":{"rendered":"http:\/\/52.229.122.34\/fr\/?page_id=11149"},"modified":"2021-05-31T13:34:42","modified_gmt":"2021-05-31T17:34:42","slug":"surspecialisation-en-traumatologie","status":"publish","type":"page","link":"https:\/\/www.ottawahospital.on.ca\/fr\/services-cliniques\/deptpgrmcs\/departements\/traumatologie\/surspecialisation-en-traumatologie\/","title":{"rendered":"Sursp\u00e9cialisation en traumatologie et chirurgie d\u2019urgence"},"content":{"rendered":"<div class=\"table-responsive\">\n<h2>Programme de sursp\u00e9cialisation<br \/>\nen traumatologie et soins chirurgicaux d\u2019urgence<\/h2>\n<p><em>D\u00e9partement de chirurgie, Universit\u00e9 d\u2019Ottawa<\/em><\/p>\n<p>L\u2019H\u00f4pital d\u2019Ottawa offre un poste en sursp\u00e9cialisation clinique d\u2019une dur\u00e9e de 12 mois en traumatologie et soins chirurgicaux d\u2019urgence. Cette sursp\u00e9cialisation a pour but de pr\u00e9parer le candidat \u00e0 mener une carri\u00e8re dynamique et cr\u00e9ative en donnant des soins aux patients dont l\u2019\u00e9tat est critique.<\/p>\n<h3>Excellence clinique<\/h3>\n<p>Cette formation sursp\u00e9cialis\u00e9e permet d\u2019acqu\u00e9rir une exp\u00e9rience consid\u00e9rable en traumatologie et en soins chirurgicaux d\u2019urgence. Le moniteur clinique en traumatologie et soins chirurgicaux d\u2019urgence agira \u00e0 titre de chef d\u2019\u00e9quipe de traumatologie et de m\u00e9decin traitant. Il sera responsable d\u2019orienter la gestion des patients, d\u2019enseigner ainsi que de mettre en place et mener \u00e0 bien des initiatives en mati\u00e8re de surveillance et d\u2019am\u00e9lioration de la qualit\u00e9 de l\u2019acte. En plus de la traumatologie et des soins chirurgicaux d\u2019urgence, le moniteur clinique pourra acqu\u00e9rir de l\u2019exp\u00e9rience dans d\u2019autres sursp\u00e9cialit\u00e9s pertinentes, dont la chirurgie thoracique et la chirurgie vasculaire. Le moniteur clinique aura aussi l\u2019occasion de prendre part \u00e0 des programmes de formation structur\u00e9s et d\u2019y enseigner, notamment les cours de soins avanc\u00e9s en r\u00e9animation des polytraumatis\u00e9s (ATLS), le cours de formation en \u00e9quipe de traumatologie en r\u00e9gion rurale (RTTDC), le cours TEAM et les cours \u00ab\u00a0Stop the Bleed\u00ae\u00a0\u00bb. Le moniteur clinique aura \u00e9galement l\u2019opportunit\u00e9 d\u2019assister \u00e0 un congr\u00e8s sur la traumatologie.<\/p>\n<h3>Excellence scientifique<\/h3>\n<p>Le moniteur clinique aura la responsabilit\u00e9 de mener \u00e0 fin un projet de recherche au cours de l\u2019ann\u00e9e, ainsi qu\u2019une pr\u00e9sentation scientifique et une r\u00e9union de morbidit\u00e9-mortalit\u00e9, en plus de participer \u00e0 des activit\u00e9s de formation au pr\u00e9-clinique et programme de r\u00e9sidence. Le moniteur clinique devra \u00e9galement r\u00e9pondre aux attentes en mati\u00e8re d\u2019am\u00e9lioration de la qualit\u00e9 de l\u2019acte.<\/p>\n<h3>Questions et demande d\u2019admission<\/h3>\n<p>Position r\u00e9mun\u00e9r\u00e9e d\u2019une dur\u00e9e de 12 mois, du 1er \u00a0juillet 2022 au 30 juin 2023 \u00e0 L\u2019H\u00f4pital d\u2019Ottawa \u2013 Campus Civic, en collaboration avec l\u2019Universit\u00e9 d\u2019Ottawa.<\/p>\n<p>Le candidat doit avoir termin\u00e9 une r\u00e9sidence en chirurgie g\u00e9n\u00e9rale et \u00eatre admissible \u00e0 un permis de pratique ind\u00e9pendante de l\u2019Ordre des m\u00e9decins et chirurgiens de l\u2019Ontario.<\/p>\n<p>Nous acceptons les demandes jusqu\u2019au 30 septembre 2021. Veuillez soumettre votre CV, accompagn\u00e9 d\u2019une lettre de pr\u00e9sentation et de deux lettres de recommandation.<\/p>\n<p><strong>Pour questions et demandes d\u2019admission:<\/strong><\/p>\n<p>D<sup>re<\/sup> Jacinthe Lampron, directrice m\u00e9dicale<br \/>\nProgramme r\u00e9gional de traumatologie d\u2019Ottawa<br \/>\nL\u2019H\u00f4pital d\u2019Ottawa \u2013 Campus Civic<br \/>\n1053, avenue Carling<br \/>\nOttawa, Ontario, K1Y 4E9<br \/>\nT\u00e9l\u00e9phone : 613-798-5555, poste 19600<br \/>\nT\u00e9l\u00e9copieur\u00a0: 613-761-5393<br \/>\n<a href=\"mailto:traumatologie@lho.ca\">traumatologie@lho.ca<\/a><\/p>\n<\/div>\n","protected":false},"excerpt":{"rendered":"<p>Programme de sursp\u00e9cialisation en traumatologie et soins chirurgicaux d\u2019urgence D\u00e9partement de chirurgie, Universit\u00e9 d\u2019Ottawa L\u2019H\u00f4pital d\u2019Ottawa offre un poste en sursp\u00e9cialisation clinique d\u2019une dur\u00e9e de 12 mois en traumatologie et soins chirurgicaux d\u2019urgence. Cette sursp\u00e9cialisation a pour but de pr\u00e9parer le candidat \u00e0 mener une carri\u00e8re dynamique et cr\u00e9ative en donnant des soins aux patients [&hellip;]<\/p>\n","protected":false},"author":25,"featured_media":0,"parent":11079,"menu_order":7,"comment_status":"closed","ping_status":"closed","template":"","meta":{"_acf_changed":false,"_mc_calendar":[],"footnotes":""},"class_list":["post-11149","page","type-page","status-publish","hentry"],"acf":[],"wps_subtitle":"","_links":{"self":[{"href":"https:\/\/www.ottawahospital.on.ca\/fr\/wp-json\/wp\/v2\/pages\/11149","targetHints":{"allow":["GET"]}}],"collection":[{"href":"https:\/\/www.ottawahospital.on.ca\/fr\/wp-json\/wp\/v2\/pages"}],"about":[{"href":"https:\/\/www.ottawahospital.on.ca\/fr\/wp-json\/wp\/v2\/types\/page"}],"author":[{"embeddable":true,"href":"https:\/\/www.ottawahospital.on.ca\/fr\/wp-json\/wp\/v2\/users\/25"}],"replies":[{"embeddable":true,"href":"https:\/\/www.ottawahospital.on.ca\/fr\/wp-json\/wp\/v2\/comments?post=11149"}],"version-history":[{"count":0,"href":"https:\/\/www.ottawahospital.on.ca\/fr\/wp-json\/wp\/v2\/pages\/11149\/revisions"}],"up":[{"embeddable":true,"href":"https:\/\/www.ottawahospital.on.ca\/fr\/wp-json\/wp\/v2\/pages\/11079"}],"wp:attachment":[{"href":"https:\/\/www.ottawahospital.on.ca\/fr\/wp-json\/wp\/v2\/media?parent=11149"}],"curies":[{"name":"wp","href":"https:\/\/api.w.org\/{rel}","templated":true}]}}