{"id":11124,"date":"2016-11-28T15:12:05","date_gmt":"2016-11-28T20:12:05","guid":{"rendered":"http:\/\/52.229.122.34\/fr\/?page_id=11124"},"modified":"2021-02-09T09:56:17","modified_gmt":"2021-02-09T14:56:17","slug":"prevention-des-blessures","status":"publish","type":"page","link":"https:\/\/www.ottawahospital.on.ca\/fr\/services-cliniques\/deptpgrmcs\/departements\/traumatologie\/prevention-des-blessures\/","title":{"rendered":"Pr\u00e9vention des blessures"},"content":{"rendered":"<p><img decoding=\"async\" class=\"aligncenter img-responsive\" src=\"\/wp-content\/uploads\/2016\/11\/InjuryPrevention_DidYouKnow_FR.jpg\" alt=\"Injury Prevention Did You Know FR\" width=\"517\" height=\"180\" \/><\/p>\n<h2>Qu\u2019est-ce qu\u2019une blessure?<\/h2>\n<p>Selon l\u2019Organisation mondiale de la Sant\u00e9 (OMS),<\/p>\n<p><img decoding=\"async\" class=\"aligncenter img-responsive\" src=\"\/wp-content\/uploads\/2016\/11\/EnergyExposurePhysicalDamageInjury_FR.jpg\" alt=\"Energy Exposure Physical Damage Injury FR\" width=\"753\" height=\"176\" \/><\/p>\n<h2>Qu\u2019est-ce que la pr\u00e9vention des blessures?<\/h2>\n<ul>\n<li>Des strat\u00e9gies, des politiques ou des programmes<\/li>\n<li>But : r\u00e9duire ou \u00e9liminer la fr\u00e9quence et la gravit\u00e9 des blessures<\/li>\n<\/ul>\n<h2>Pourquoi devrions-nous pr\u00e9venir les blessures?<\/h2>\n<p>Selon Parachute, les blessures \u00e9vitables sont la <strong>premi\u00e8re cause de d\u00e9c\u00e8s<\/strong> chez les Canadiens \u00e2g\u00e9s de 1 \u00e0 44\u00a0ans.<\/p>\n<h2>Comment pouvons-nous pr\u00e9venir les blessures?<\/h2>\n<p>Nous pouvons pr\u00e9venir les blessures par les mesures suivantes :<\/p>\n<p><img decoding=\"async\" class=\"aligncenter img-responsive\" src=\"\/wp-content\/uploads\/2016\/11\/PrevenInjuriesby_graphic_FR.jpg\" alt=\"Preven Injuries by graphic FR\" width=\"627\" height=\"77\" \/><\/p>\n<h2>Combien co\u00fbtent les blessures en Ontario?<\/h2>\n<p>Selon le rapport sur le fardeau \u00e9conomique des blessures au Canada (<em>Cost of Injury in Canada<\/em>) publi\u00e9 en juin 2015\u00a0:<\/p>\n<p>Les co\u00fbts augmentent!<\/p>\n<p><img decoding=\"async\" class=\"aligncenter img-responsive\" src=\"\/wp-content\/uploads\/2016\/11\/CostofInjuries_FR.jpg\" alt=\"Cost of Injuries FR\" width=\"766\" height=\"303\" \/><\/p>\n<p>Pour en savoir plus, consulter le rapport int\u00e9gral : <a href=\"https:\/\/parachute.ca\/wp-content\/uploads\/2019\/06\/Cost_of_Injury-2015.pdf\" target=\"_blank\" rel=\"noopener noreferrer\">Cost of Injury<\/a> (En anglais seulement.)<\/p>\n<h2>Quelles sont les principales causes des blessures en Ontario?<\/h2>\n<ul>\n<li>Chutes<\/li>\n<li>Incidents li\u00e9s au transport<\/li>\n<li>Blessures volontaires<\/li>\n<\/ul>\n<p class=\"text-center\">Les blessures ne sont pas des accidents!<\/p>\n<p class=\"text-center\">La plupart sont <em>pr\u00e9visibles<\/em> et donc <em>\u00e9vitables<\/em>.<\/p>\n","protected":false},"excerpt":{"rendered":"<p>Qu\u2019est-ce qu\u2019une blessure? Selon l\u2019Organisation mondiale de la Sant\u00e9 (OMS), Qu\u2019est-ce que la pr\u00e9vention des blessures? Des strat\u00e9gies, des politiques ou des programmes But : r\u00e9duire ou \u00e9liminer la fr\u00e9quence et la gravit\u00e9 des blessures Pourquoi devrions-nous pr\u00e9venir les blessures? Selon Parachute, les blessures \u00e9vitables sont la premi\u00e8re cause de d\u00e9c\u00e8s chez les Canadiens \u00e2g\u00e9s [&hellip;]<\/p>\n","protected":false},"author":25,"featured_media":0,"parent":11079,"menu_order":6,"comment_status":"closed","ping_status":"closed","template":"","meta":{"_acf_changed":false,"_mc_calendar":[],"footnotes":""},"class_list":["post-11124","page","type-page","status-publish","hentry"],"acf":[],"wps_subtitle":"","_links":{"self":[{"href":"https:\/\/www.ottawahospital.on.ca\/fr\/wp-json\/wp\/v2\/pages\/11124","targetHints":{"allow":["GET"]}}],"collection":[{"href":"https:\/\/www.ottawahospital.on.ca\/fr\/wp-json\/wp\/v2\/pages"}],"about":[{"href":"https:\/\/www.ottawahospital.on.ca\/fr\/wp-json\/wp\/v2\/types\/page"}],"author":[{"embeddable":true,"href":"https:\/\/www.ottawahospital.on.ca\/fr\/wp-json\/wp\/v2\/users\/25"}],"replies":[{"embeddable":true,"href":"https:\/\/www.ottawahospital.on.ca\/fr\/wp-json\/wp\/v2\/comments?post=11124"}],"version-history":[{"count":0,"href":"https:\/\/www.ottawahospital.on.ca\/fr\/wp-json\/wp\/v2\/pages\/11124\/revisions"}],"up":[{"embeddable":true,"href":"https:\/\/www.ottawahospital.on.ca\/fr\/wp-json\/wp\/v2\/pages\/11079"}],"wp:attachment":[{"href":"https:\/\/www.ottawahospital.on.ca\/fr\/wp-json\/wp\/v2\/media?parent=11124"}],"curies":[{"name":"wp","href":"https:\/\/api.w.org\/{rel}","templated":true}]}}