{"id":11111,"date":"2016-11-28T15:02:23","date_gmt":"2016-11-28T20:02:23","guid":{"rendered":"http:\/\/52.229.122.34\/fr\/?page_id=11111"},"modified":"2021-08-25T13:39:28","modified_gmt":"2021-08-25T17:39:28","slug":"activites-de-formation","status":"publish","type":"page","link":"https:\/\/www.ottawahospital.on.ca\/fr\/services-cliniques\/deptpgrmcs\/departements\/traumatologie\/activites-de-formation\/","title":{"rendered":"Activit\u00e9s de formation"},"content":{"rendered":"<p class=\"intro-text1\">En raison de la situation actuelle avec la pand\u00e9mie de coronarivus,tous les cours ont \u00e9t\u00e9 suspendu. Pour plus d&rsquo;informations, veuillez consulter ci-dessous pour la personne-ressource appropri\u00e9e ou visiter notre site Web fr\u00e9quemment. Je vous remercie.<\/p>\n<h2>Activit\u00e9s \u00e0 venir<\/h2>\n<p><strong><a title=\"https:\/\/www.traumacanada.org\/\" href=\"https:\/\/www.traumacanada.org\/\" target=\"_blank\" rel=\"noopener noreferrer\">Association Canadienne de Traumatologie \u2013 R\u00e9unions et activit\u00e9s<\/a> <\/strong>(<em>en anglais seulement<\/em>)<\/p>\n<h3>Ottawa Trauma Conference<\/h3>\n<p><span style=\"color: #000000;\"> Prochaine conf\u00e9rence: \u00e0 determiner<\/span><\/p>\n<p><span style=\"color: #000000;\"><strong>Nous joindre:<\/strong>\u00a0 Formation m\u00e9dicale continue au <a href=\"mailto:continuingmedicaled@toh.ca\" target=\"_blank\" rel=\"noopener noreferrer\">continuingmedicaled@toh.ca<\/a> \u00a0ou par t\u00e9l\u00e9phone au 613-761-4480 poste 1 si vous souhaitez vous inscrire \u00e0 la liste de distribution.<\/span><\/p>\n<h2>Formations <span style=\"font-size: 12px;\">(en anglais seulement)<\/span><\/h2>\n<h3>ATCN &#8211; Advanced Trauma care for Nurses<\/h3>\n<p>Prochain cours: <span style=\"color: #000000;\">\u00e0 determiner<\/span><\/p>\n<p>Remarque : Le nombre de places est limit\u00e9 \u00e0 16 personnes par cours<\/p>\n<p><strong>Nous joindre:<\/strong><br \/>\nSi vous avez des questions vis-\u00e0-vis le contenu du cours contactez la directrice du cours,\u00a0Cari Poulin, par courriel au <a href=\"mailto:cpoulin@lho.ca\">cpoulin@lho.ca<\/a>.<br \/>\nSi vous souhaitez vous inscrire \u00e0 la liste de distribution, s.v.p. envoyer un courriel \u00e0 <a href=\"mailto:Traumatologie@lho.on.ca\">Traumatologie@lho.ca<\/a> .<\/p>\n<p>Le cours ATCN (soins infirmiers avanc\u00e9s en traumatologie) et le cours ATLS (techniques sp\u00e9cialis\u00e9es de maintien des fonctions vitales des grands bless\u00e9s) sont donn\u00e9s simultan\u00e9ment.<\/p>\n<p>Le cours ATCN est ax\u00e9 sur la formation, le travail d\u2019\u00e9quipe, la collaboration et la synchronisation des soins. Les infirmi\u00e8res sp\u00e9cialis\u00e9es en traumatologie suivent les m\u00eames cours magistraux que les m\u00e9decins qui assistent au cours \u00e9quivalent (ATLS). Les m\u00e9decins et les infirmi\u00e8res qui traitent des patients en traumatologie ont ainsi l\u2019occasion d\u2019adopter une terminologie et une approche communes. Lorsque les m\u00e9decins se divisent en petits groupes pour participer \u00e0 un atelier, les infirmi\u00e8res font de m\u00eame de leur c\u00f4t\u00e9.<\/p>\n<p>Les ateliers con\u00e7us pour les infirmi\u00e8res sont bas\u00e9s sur des exercices pratiques interactifs. Les infirmi\u00e8res re\u00e7oivent \u00e0 la fois le manuel du cours destin\u00e9 aux infirmi\u00e8res et de celui destin\u00e9 aux m\u00e9decins. Le cours destin\u00e9 aux infirmi\u00e8res a \u00e9t\u00e9 \u00e9labor\u00e9 parce qu\u2019il \u00e9tait n\u00e9cessaire de former des infirmi\u00e8res en traumatologie \u00e0 un niveau avanc\u00e9. Cette formation est donn\u00e9e depuis plus de 20\u00a0ans avec l\u2019appui de la Society of Trauma Nurses, une association internationale regroupant des infirmi\u00e8res de l\u2019ensemble du continuum de soins en traumatologie.<\/p>\n<h3>ATLS <strong>(cours avanc\u00e9 de r\u00e9animation des polytraumatis\u00e9s)<\/strong><\/h3>\n<p>Cours (2,5 jours) en 2021: les\u00a0cours\u00a0sont complets<\/p>\n<p>Malheureusement, nous n&rsquo;avons pas de cours disponibles dans les prochains mois. Nous esp\u00e9rons\u00a0ajouter d&rsquo;autres dates\u00a0bient\u00f4t pour des cours en hiver\/printemps 2022.<\/p>\n<p>Veuillez nous envoyer un courriel pour ajouter votre adresse \u00e0 notre\u00a0liste de distribution et nous vous informerons lorsque de nouvelles dates seront fix\u00e9es.<\/p>\n<p><strong>Questions<\/strong>: <a href=\"mailto:sfigueira@toh.ca\">Sonshire Figueira<\/a> par courriel.<\/p>\n<p>Afin d\u2019\u00eatre \u00e9ligible pour prendre le cours de Recertification votre certification d\u2019ATLS doit avoir \u00e9t\u00e9 expir\u00e9e moins de 6 mois. Si elle a \u00e9t\u00e9 expir\u00e9e plus de 6 mois, vous avez besoin de prendre le cours de 2,5 jours.<\/p>\n<p>Si vous souhaitez prendre le cours ailleurs vous pouvez rechercher sur le <a href=\"https:\/\/web2.facs.org\/atls\/existing.htm\">site Web<\/a> suivant pour d&rsquo;autres emplacements canadiens qui offrent ce cours.<\/p>\n<h3>STOP-THE-BLEED\u00ae<\/h3>\n<p>Prochain cours: date <span style=\"color: #000000;\">\u00e0 determiner<\/span><\/p>\n<p>Le cours STOP-THE-BLEED\u00ae (arr\u00eater l\u2019h\u00e9morragie) est concu \u00e0 l\u2019intention du grand public pour am\u00e9liorer les chances de survie de victimes d\u2019h\u00e9mmorragies non contr\u00f4l\u00e9es qui pourraient autrement en d\u00e9c\u00e9der en quelques minutes.<\/p>\n<p>Le cours se r\u00e9sume en trois points :<\/p>\n<ul>\n<li>Formation en secourisme semblable \u00e0 la pratique de la r\u00e9animation cardio-respiratoire (RCR) par le public<\/li>\n<li>Enseigner au public la fa\u00e7on correcte de contr\u00f4ler un saignement, y compris \u00e0 l\u2019aide des mains, de pansements et de tourniquets<\/li>\n<li>En fournissant au grand public les connaissances et outils de base n\u00e9cessaires pour arr\u00eater une h\u00e9morragie, nous sauverons des vies.<\/li>\n<\/ul>\n<p>Cette formation pratique, offerte sans frais par le Programme r\u00e9gional de traumatologie d&rsquo;Ottawa, dure environ 90 minutes. Elle sera donn\u00e9e au Campus Civic de L\u2019H\u00f4pital d\u2019Ottawa.<\/p>\n<p><strong>Nous joindre:<\/strong><br \/>\nSi vous souhaitez vous inscrire \u00e0 la liste de distribution, s.v.p. envoyer un courriel \u00e0 <a href=\"mailto:Traumatologie@lho.on.ca\">Traumatologie@lho.ca<\/a>.<\/p>\n<p>Annulation: En raison du nombre limit\u00e9 de places, si vous devez annuler votre inscription, veuillez envoyer un courriel \u00e0 <a href=\"mailto:trauma@lho.ca\">traumatologie@lho.ca<\/a> le plus t\u00f4t possible.<\/p>\n<p class=\"tw-data-text tw-text-large tw-ta\" dir=\"ltr\" data-placeholder=\"Translation\"><span lang=\"fr\" style=\"font-family: verdana, geneva; font-size: 10px;\">STOP-THE-BLEED\u00ae est une marque d\u00e9pos\u00e9e du d\u00e9partement am\u00e9ricain de la D\u00e9fense. Tous les droits sont r\u00e9serv\u00e9s. \u00a9 DoD 2015<\/span><\/p>\n<h3>TNCC &#8211; Trauma Nursing Core Course<\/h3>\n<p>Prochaines dates : <em>En raison de la situation actuelle avec la pand\u00e9mie de coronarivus, nous avons annul\u00e9 le cours du 8 au 9 mai. Nous allons reporter ce cours \u00e0 une date ult\u00e9rieure.\u00a0<\/em><\/p>\n<p><strong>Nous joindre:<\/strong><br \/>\nSi vous avez des questions vis-\u00e0-vis le contenu du cours contactez la directrice du cours,\u00a0Cari Poulin, par courriel au <a href=\"mailto:cpoulin@lho.ca\">cpoulin@lho.ca<\/a>.<br \/>\nSi vous voulez vous faire partie de notre liste de distribution, s.v.p. envoyer un courriel \u00e0 <a href=\"mailto:Traumatologie@lho.on.ca\">Traumatologie@lho.ca<\/a> .<\/p>\n<p>Trauma Nursing Core Course (TNCC) est\u00a0ax\u00e9 sur les fondements des soins infirmiers en traumatologie, ce cours de 16\u00a0heures permet aux participants de perfectionner leurs comp\u00e9tences et d\u2019acqu\u00e9rir de solides bases en traumatologie. On y enseigne les connaissances cognitives et les aptitudes psychomotrices n\u00e9cessaires pour mieux \u00e9valuer et traiter les victimes d\u2019un traumatisme, qu\u2019ils soient adultes ou enfants. Le cours comprend un expos\u00e9 et des ateliers portant sur l\u2019\u00e9valuation et le traitement de patients gravement bless\u00e9s. L\u2019attestation obtenue \u00e0 l\u2019issue du cours est valide pendant quatre ans. Pour l\u2019obtenir, il faut r\u00e9ussir un examen \u00e0 choix multiples et un examen pratique. Ce cours est recommand\u00e9 aux infirmi\u00e8res de l\u2019urgence et des soins intensifs. Les infirmi\u00e8res d\u2019autres secteurs cliniques sont \u00e9galement encourag\u00e9es \u00e0 le suivre.<\/p>\n<h3>Trauma Day<\/h3>\n<p>Prochain cours: date <span style=\"color: #000000;\">\u00e0 determiner<\/span><\/p>\n<p><strong>Nous joindre:<\/strong><br \/>\nSi vous souhaitez vous inscrire \u00e0 la liste de distribution, s.v.p. envoyer un courriel \u00e0 <a href=\"mailto:Traumatologie@lho.on.ca\">Traumatologie@lho.ca<\/a> .<\/p>\n","protected":false},"excerpt":{"rendered":"<p>En raison de la situation actuelle avec la pand\u00e9mie de coronarivus,tous les cours ont \u00e9t\u00e9 suspendu. Pour plus d&rsquo;informations, veuillez consulter ci-dessous pour la personne-ressource appropri\u00e9e ou visiter notre site Web fr\u00e9quemment. Je vous remercie. Activit\u00e9s \u00e0 venir Association Canadienne de Traumatologie \u2013 R\u00e9unions et activit\u00e9s (en anglais seulement) Ottawa Trauma Conference Prochaine conf\u00e9rence: \u00e0 [&hellip;]<\/p>\n","protected":false},"author":25,"featured_media":0,"parent":11079,"menu_order":4,"comment_status":"closed","ping_status":"closed","template":"","meta":{"_acf_changed":false,"_mc_calendar":[],"footnotes":""},"class_list":["post-11111","page","type-page","status-publish","hentry"],"acf":[],"wps_subtitle":"","_links":{"self":[{"href":"https:\/\/www.ottawahospital.on.ca\/fr\/wp-json\/wp\/v2\/pages\/11111","targetHints":{"allow":["GET"]}}],"collection":[{"href":"https:\/\/www.ottawahospital.on.ca\/fr\/wp-json\/wp\/v2\/pages"}],"about":[{"href":"https:\/\/www.ottawahospital.on.ca\/fr\/wp-json\/wp\/v2\/types\/page"}],"author":[{"embeddable":true,"href":"https:\/\/www.ottawahospital.on.ca\/fr\/wp-json\/wp\/v2\/users\/25"}],"replies":[{"embeddable":true,"href":"https:\/\/www.ottawahospital.on.ca\/fr\/wp-json\/wp\/v2\/comments?post=11111"}],"version-history":[{"count":0,"href":"https:\/\/www.ottawahospital.on.ca\/fr\/wp-json\/wp\/v2\/pages\/11111\/revisions"}],"up":[{"embeddable":true,"href":"https:\/\/www.ottawahospital.on.ca\/fr\/wp-json\/wp\/v2\/pages\/11079"}],"wp:attachment":[{"href":"https:\/\/www.ottawahospital.on.ca\/fr\/wp-json\/wp\/v2\/media?parent=11111"}],"curies":[{"name":"wp","href":"https:\/\/api.w.org\/{rel}","templated":true}]}}