{"id":11099,"date":"2016-11-28T14:52:57","date_gmt":"2016-11-28T19:52:57","guid":{"rendered":"http:\/\/52.229.122.34\/fr\/?page_id=11099"},"modified":"2018-09-17T14:00:00","modified_gmt":"2018-09-17T18:00:00","slug":"calendrier-des-evenements","status":"publish","type":"page","link":"https:\/\/www.ottawahospital.on.ca\/fr\/services-cliniques\/deptpgrmcs\/departements\/traumatologie\/calendrier-des-evenements\/","title":{"rendered":"Calendrier des \u00e9v\u00e9nements"},"content":{"rendered":"<h2 id=\"gt-res-tools\"><span id=\"result_box\" lang=\"fr\">Calendrier des \u00e9v\u00e9nements<\/span><\/h2>\n<p>Avril &#8211; <a href=\"https:\/\/www.giftoflife.on.ca\/fr\/community.htm\" target=\"_blank\" rel=\"noopener\">Semaine nationale de sensibilisation aux dons d&rsquo;organes et de tissus<\/a><\/p>\n<p>Mai &#8211; mois de traumatisme<\/p>\n<p>Juin &#8211; <a href=\"https:\/\/www.mcgill.ca\/neuro\/fr\/channels\/news\/juin-mois-de-la-sensibilisation-aux-lesions-cerebrales-268534\" target=\"_blank\" rel=\"noopener\">mois de sensibilisation aux traumatismes c\u00e9r\u00e9braux<\/a><\/p>\n<p>Juillet &#8211; <a href=\"https:\/\/canadasafetycouncil.org\/fr\/campagnes\/la-prevention-des-noyades-commence-avec-vous\" target=\"_blank\" rel=\"noopener\">Semaine nationale de pr\u00e9vention des noyades<\/a><\/p>\n<p>Novembre &#8211; <a href=\"https:\/\/novembresanschute.ca\/\" target=\"_blank\" rel=\"noopener\">mois de pr\u00e9vention des chutes<\/a><\/p>\n","protected":false},"excerpt":{"rendered":"<p>Calendrier des \u00e9v\u00e9nements Avril &#8211; Semaine nationale de sensibilisation aux dons d&rsquo;organes et de tissus Mai &#8211; mois de traumatisme Juin &#8211; mois de sensibilisation aux traumatismes c\u00e9r\u00e9braux Juillet &#8211; Semaine nationale de pr\u00e9vention des noyades Novembre &#8211; mois de pr\u00e9vention des chutes<\/p>\n","protected":false},"author":25,"featured_media":0,"parent":11079,"menu_order":3,"comment_status":"closed","ping_status":"closed","template":"","meta":{"_acf_changed":false,"_mc_calendar":[],"footnotes":""},"class_list":["post-11099","page","type-page","status-publish","hentry"],"acf":[],"wps_subtitle":"","_links":{"self":[{"href":"https:\/\/www.ottawahospital.on.ca\/fr\/wp-json\/wp\/v2\/pages\/11099","targetHints":{"allow":["GET"]}}],"collection":[{"href":"https:\/\/www.ottawahospital.on.ca\/fr\/wp-json\/wp\/v2\/pages"}],"about":[{"href":"https:\/\/www.ottawahospital.on.ca\/fr\/wp-json\/wp\/v2\/types\/page"}],"author":[{"embeddable":true,"href":"https:\/\/www.ottawahospital.on.ca\/fr\/wp-json\/wp\/v2\/users\/25"}],"replies":[{"embeddable":true,"href":"https:\/\/www.ottawahospital.on.ca\/fr\/wp-json\/wp\/v2\/comments?post=11099"}],"version-history":[{"count":0,"href":"https:\/\/www.ottawahospital.on.ca\/fr\/wp-json\/wp\/v2\/pages\/11099\/revisions"}],"up":[{"embeddable":true,"href":"https:\/\/www.ottawahospital.on.ca\/fr\/wp-json\/wp\/v2\/pages\/11079"}],"wp:attachment":[{"href":"https:\/\/www.ottawahospital.on.ca\/fr\/wp-json\/wp\/v2\/media?parent=11099"}],"curies":[{"name":"wp","href":"https:\/\/api.w.org\/{rel}","templated":true}]}}