{"id":11093,"date":"2016-11-28T14:51:26","date_gmt":"2016-11-28T19:51:26","guid":{"rendered":"http:\/\/52.229.122.34\/fr\/?page_id=11093"},"modified":"2017-04-19T16:13:59","modified_gmt":"2017-04-19T20:13:59","slug":"mission","status":"publish","type":"page","link":"https:\/\/www.ottawahospital.on.ca\/fr\/services-cliniques\/deptpgrmcs\/departements\/traumatologie\/mission\/","title":{"rendered":"Mission"},"content":{"rendered":"<h2>Notre Mission<\/h2>\n<p>Le Service de traumatologie de L\u2019H\u00f4pital d\u2019Ottawa (L\u2019HO) offre des soins complets et de qualit\u00e9 aux patients bless\u00e9s.<\/p>\n<p>\u00c0 titre de centre de traumatologie tertiaire, le Service de traumatologie joue un r\u00f4le de premier plan dans le perfectionnement, l\u2019\u00e9valuation et l\u2019am\u00e9lioration continue de la qualit\u00e9 des services de traumatologie pour adultes de l\u2019Est de l\u2019Ontario.<\/p>\n<ul>\n<li>Le Service de traumatologie de L\u2019HO s\u2019engage \u00e0 assurer l\u2019excellence de ses soins, qui sont <strong>ax\u00e9s sur le patient<\/strong> et prodigu\u00e9s avec compassion, depuis l\u2019admission jusqu\u2019au cong\u00e9 de la personne.<\/li>\n<li>Le Service de traumatologie de L\u2019HO coordonne et dispense une <strong>formation<\/strong> en traumatologie dans toutes les disciplines de la sant\u00e9 aux niveaux local, r\u00e9gional et national.<\/li>\n<li>L\u2019\u00e9quipe du Service de traumatologie de L\u2019HO participe activement \u00e0 l\u2019\u00e9bauche et \u00e0 la mise en route des projets de <strong>recherche<\/strong> portant sur la traumatologie, ainsi qu\u2019\u00e0 la publication et \u00e0 la diffusion des r\u00e9sultats afin d\u2019\u00e9tablir les bases de la pratique fond\u00e9e sur les donn\u00e9es probantes.<\/li>\n<li>Le Service de traumatologie recueille et analyse activement des <strong>donn\u00e9es<\/strong> d\u00e9taill\u00e9es sur tous les patients trait\u00e9s en vue de les int\u00e9grer dans des rapports provinciaux et nationaux ainsi que de surveiller et d\u2019optimiser les soins dispens\u00e9s.<\/li>\n<li><a href=\"\/fr\/services-cliniques\/deptpgrmcs\/programmes\/p-a-r-t-y-prevent-alcohol-and-risk-related-trauma-in-youth\/\">La pr\u00e9vention des blessures<\/a> fait partie int\u00e9grante du mandat du Service de traumatologie de L\u2019HO, qui entretient \u00e0 cette fin des liens \u00e9troits avec la collectivit\u00e9 et avec ses partenaires provinciaux et nationaux.<\/li>\n<\/ul>\n","protected":false},"excerpt":{"rendered":"<p>Notre Mission Le Service de traumatologie de L\u2019H\u00f4pital d\u2019Ottawa (L\u2019HO) offre des soins complets et de qualit\u00e9 aux patients bless\u00e9s. \u00c0 titre de centre de traumatologie tertiaire, le Service de traumatologie joue un r\u00f4le de premier plan dans le perfectionnement, l\u2019\u00e9valuation et l\u2019am\u00e9lioration continue de la qualit\u00e9 des services de traumatologie pour adultes de l\u2019Est [&hellip;]<\/p>\n","protected":false},"author":25,"featured_media":0,"parent":11079,"menu_order":2,"comment_status":"closed","ping_status":"closed","template":"","meta":{"_acf_changed":false,"_mc_calendar":[],"footnotes":""},"class_list":["post-11093","page","type-page","status-publish","hentry"],"acf":[],"wps_subtitle":"","_links":{"self":[{"href":"https:\/\/www.ottawahospital.on.ca\/fr\/wp-json\/wp\/v2\/pages\/11093","targetHints":{"allow":["GET"]}}],"collection":[{"href":"https:\/\/www.ottawahospital.on.ca\/fr\/wp-json\/wp\/v2\/pages"}],"about":[{"href":"https:\/\/www.ottawahospital.on.ca\/fr\/wp-json\/wp\/v2\/types\/page"}],"author":[{"embeddable":true,"href":"https:\/\/www.ottawahospital.on.ca\/fr\/wp-json\/wp\/v2\/users\/25"}],"replies":[{"embeddable":true,"href":"https:\/\/www.ottawahospital.on.ca\/fr\/wp-json\/wp\/v2\/comments?post=11093"}],"version-history":[{"count":0,"href":"https:\/\/www.ottawahospital.on.ca\/fr\/wp-json\/wp\/v2\/pages\/11093\/revisions"}],"up":[{"embeddable":true,"href":"https:\/\/www.ottawahospital.on.ca\/fr\/wp-json\/wp\/v2\/pages\/11079"}],"wp:attachment":[{"href":"https:\/\/www.ottawahospital.on.ca\/fr\/wp-json\/wp\/v2\/media?parent=11093"}],"curies":[{"name":"wp","href":"https:\/\/api.w.org\/{rel}","templated":true}]}}