{"id":11083,"date":"2016-11-28T14:46:38","date_gmt":"2016-11-28T19:46:38","guid":{"rendered":"http:\/\/52.229.122.34\/fr\/?page_id=11083"},"modified":"2023-03-16T11:43:22","modified_gmt":"2023-03-16T15:43:22","slug":"notre-equipe","status":"publish","type":"page","link":"https:\/\/www.ottawahospital.on.ca\/fr\/services-cliniques\/deptpgrmcs\/departements\/traumatologie\/notre-equipe\/","title":{"rendered":"Notre \u00e9quipe"},"content":{"rendered":"<p><strong>Bureau principal:<\/strong><strong>\u00a0<\/strong>613-798-5555, poste 19600,\u00a0<a href=\"mailto:Traumatologie@lho.on.ca\">Traumatologie@lho.ca<\/a><\/p>\n<p><strong>D<\/strong><strong><sup>re<\/sup><\/strong><strong>\u00a0Jacinthe Lampron<\/strong>,<strong>\u00a0<\/strong>MD, FRCSC, FACS<br \/>\nDirecteur m\u00e9dical, Traumatologue<br \/>\n613-798-5555, poste 10470,\u00a0<a href=\"mailto:jlampron@lho.on.ca\">jlampron@lho.ca<\/a><\/p>\n<p><strong>\u200b\u200bD<\/strong><strong><sup>r<\/sup><\/strong><strong>\u00a0Peter Glen<\/strong>, MD, MSc, FRCSC<br \/>\nTraumatologue<br \/>\n613-798-5555, poste 18936<\/p>\n<p><strong>\u200b\u200bD<\/strong><strong><sup>r<\/sup><\/strong><strong>\u00a0Maher Matar<\/strong>, MD, MHA, FRCSC<br \/>\nTraumatologue<br \/>\n613-798-5555, poste 18936\u200b<\/p>\n<p><strong>\u200b\u200bD<\/strong><strong><sup>r<\/sup><\/strong><strong>\u00a0Giuseppe Pagliarello<\/strong>, MD, FRCSC, FACS<br \/>\nTraumatologue, directeur m\u00e9dical des soins avanc\u00e9s de r\u00e9animation des polytraumatis\u00e9s<br \/>\n613-761-5199,\u200b\u00a0<a href=\"mailto:gpagliarello@lho.on.ca\">gpagliarello@lho.ca<\/a><\/p>\n<p><strong>D<\/strong><strong><sup>r<\/sup><\/strong><strong>\u00a0Nada Gawad,\u00a0<\/strong>MD, MAEd, FRCSC<\/p>\n<p>Traumatologue<\/p>\n<p>613-798-5555, poste 18936<\/p>\n<p><strong>Kelly Barnett<\/strong>, RN, Med, BScN<\/p>\n<p>G\u00e9rante<\/p>\n<p>613-798-5555, poste 19002,\u00a0<a href=\"mailto:kbarnett@toh.ca\">kbarnett@toh.ca<\/a><\/p>\n<p><strong>Derek Goltz,<\/strong>\u00a0IA<br \/>\nCoordonnateur de la traumatologie<br \/>\n613-798-5555, poste 19601,\u00a0<a href=\"mailto:dgoltz@lho.ca\">dgoltz@lho.ca\u00a0\u200b\u200b<\/a><\/p>\n<p><strong>Kristin Fisher<\/strong><br \/>\nCoordonnatrice de la pr\u00e9vention des blessures<br \/>\n613-798-5555, extension 19002,\u00a0<a href=\"mailto:kfisher@toh.ca\">kfisher@toh.ca<\/a><\/p>\n<p><strong>Heather Knight,\u00a0<\/strong>CHIM<br \/>\nAnalyste de donn\u00e9es<br \/>\n613-798-5555, poste 16909,\u00a0<a href=\"mailto:hknight@lho.on.ca\">hknight@lho.ca<\/a><\/p>\n<p><strong>Cristin Plunkett<\/strong><br \/>\nAdjointe administrative<br \/>\n613-798-5555, poste 19600,\u00a0<a href=\"mailto:crplunkett@lho.ca\">crplunkett@lho.ca<\/a><\/p>\n","protected":false},"excerpt":{"rendered":"<p>Bureau principal:\u00a0613-798-5555, poste 19600,\u00a0Traumatologie@lho.ca Dre\u00a0Jacinthe Lampron,\u00a0MD, FRCSC, FACS Directeur m\u00e9dical, Traumatologue 613-798-5555, poste 10470,\u00a0jlampron@lho.ca \u200b\u200bDr\u00a0Peter Glen, MD, MSc, FRCSC Traumatologue 613-798-5555, poste 18936 \u200b\u200bDr\u00a0Maher Matar, MD, MHA, FRCSC Traumatologue 613-798-5555, poste 18936\u200b \u200b\u200bDr\u00a0Giuseppe Pagliarello, MD, FRCSC, FACS Traumatologue, directeur m\u00e9dical des soins avanc\u00e9s de r\u00e9animation des polytraumatis\u00e9s 613-761-5199,\u200b\u00a0gpagliarello@lho.ca Dr\u00a0Nada Gawad,\u00a0MD, MAEd, FRCSC Traumatologue 613-798-5555, poste [&hellip;]<\/p>\n","protected":false},"author":25,"featured_media":0,"parent":11079,"menu_order":1,"comment_status":"closed","ping_status":"closed","template":"","meta":{"_acf_changed":false,"_mc_calendar":[],"footnotes":""},"class_list":["post-11083","page","type-page","status-publish","hentry"],"acf":[],"wps_subtitle":"","_links":{"self":[{"href":"https:\/\/www.ottawahospital.on.ca\/fr\/wp-json\/wp\/v2\/pages\/11083","targetHints":{"allow":["GET"]}}],"collection":[{"href":"https:\/\/www.ottawahospital.on.ca\/fr\/wp-json\/wp\/v2\/pages"}],"about":[{"href":"https:\/\/www.ottawahospital.on.ca\/fr\/wp-json\/wp\/v2\/types\/page"}],"author":[{"embeddable":true,"href":"https:\/\/www.ottawahospital.on.ca\/fr\/wp-json\/wp\/v2\/users\/25"}],"replies":[{"embeddable":true,"href":"https:\/\/www.ottawahospital.on.ca\/fr\/wp-json\/wp\/v2\/comments?post=11083"}],"version-history":[{"count":0,"href":"https:\/\/www.ottawahospital.on.ca\/fr\/wp-json\/wp\/v2\/pages\/11083\/revisions"}],"up":[{"embeddable":true,"href":"https:\/\/www.ottawahospital.on.ca\/fr\/wp-json\/wp\/v2\/pages\/11079"}],"wp:attachment":[{"href":"https:\/\/www.ottawahospital.on.ca\/fr\/wp-json\/wp\/v2\/media?parent=11083"}],"curies":[{"name":"wp","href":"https:\/\/api.w.org\/{rel}","templated":true}]}}