{"id":11079,"date":"2016-11-28T14:45:01","date_gmt":"2016-11-28T19:45:01","guid":{"rendered":"http:\/\/52.229.122.34\/fr\/?page_id=11079"},"modified":"2023-02-09T10:04:20","modified_gmt":"2023-02-09T15:04:20","slug":"traumatologie","status":"publish","type":"page","link":"https:\/\/www.ottawahospital.on.ca\/fr\/services-cliniques\/deptpgrmcs\/departements\/traumatologie\/","title":{"rendered":"Traumatologie"},"content":{"rendered":"<p><img decoding=\"async\" class=\"alignnone wp-image-39561 aligncenter\" src=\"https:\/\/www.ottawahospital.on.ca\/wp-content\/uploads\/2018\/10\/Stop-the-bleed-300x118.jpg\" alt=\"\" width=\"338\" height=\"133\" srcset=\"https:\/\/www.ottawahospital.on.ca\/wp-content\/uploads\/2018\/10\/Stop-the-bleed-300x118.jpg 300w, https:\/\/www.ottawahospital.on.ca\/wp-content\/uploads\/2018\/10\/Stop-the-bleed-600x237.jpg 600w, https:\/\/www.ottawahospital.on.ca\/wp-content\/uploads\/2018\/10\/Stop-the-bleed.jpg 651w\" sizes=\"(max-width: 338px) 100vw, 338px\" \/><\/p>\n<p>Le cours STOP-THE-BLEED\u00ae (arr\u00eater l\u2019h\u00e9morragie) est concu \u00e0 l\u2019intention du grand public pour am\u00e9liorer les chances de survie de victimes d\u2019h\u00e9mmorragies non contr\u00f4l\u00e9es qui pourraient autrement en d\u00e9c\u00e9der en quelques minutes.<\/p>\n<p>Le cours se r\u00e9sume en trois points :<\/p>\n<ul>\n<li>Formation en secourisme semblable \u00e0 la pratique de la r\u00e9animation cardio-respiratoire (RCR) par le public<\/li>\n<li>Enseigner au public la fa\u00e7on correcte de contr\u00f4ler un saignement, y compris \u00e0 l\u2019aide des mains, de pansements et de tourniquets<\/li>\n<li>En fournissant au grand public les connaissances et outils de base n\u00e9cessaires pour arr\u00eater une h\u00e9morragie, nous sauverons des vies.<\/li>\n<\/ul>\n<p>Cette formation pratique, offerte sans frais par le Programme r\u00e9gional de traumatologie d&rsquo;Ottawa, dure environ 90 minutes.<\/p>\n<p>Elle sera donn\u00e9e au Campus Civic de L\u2019H\u00f4pital d\u2019Ottawa.<\/p>\n<p><strong>Cours 2023 : <\/strong><\/p>\n<p><strong>23 f\u00e9vrier, 2023<\/strong><\/p>\n<p><strong>23 mars, 2023<\/strong><\/p>\n<p>Nous joindre:\u00a0Si vous souhaitez vous inscrire \u00e0 la liste de distribution, s.v.p. envoyer un courriel \u00e0\u00a0<a href=\"mailto:Traumatologie@lho.on.ca\">Traumatologie@lho.ca<\/a>.<\/p>\n<p>Annulation: En raison du nombre limit\u00e9, si vous devez annuler votre inscription, veuillez envoyer un courriel \u00e0 <a href=\"mailto:trauma@lho.ca\">traumatologie@lho.ca<\/a> le plus t\u00f4t possible.mailto:trauma@lho.ca<\/p>\n<p><span lang=\"fr\" style=\"font-family: verdana, geneva; font-size: 10px;\">STOP-THE-BLEED\u00ae est une marque d\u00e9pos\u00e9e du d\u00e9partement am\u00e9ricain de la D\u00e9fense. Tous les droits sont r\u00e9serv\u00e9s. \u00a9 DoD 2015<\/span><\/p>\n<h2>Mot de bienvenue<\/h2>\n<p>L\u2019H\u00f4pital d\u2019Ottawa est le centre de traumatologie (adulte) pour toute la r\u00e9gion de l\u2019Est de l\u2019Ontario. C\u2019est au Campus Civic que se trouve l\u2019Unit\u00e9 de traumatologie. Notre \u00e9quipe multidisciplinaire regroupe des chirurgiens, des m\u00e9decins, des infirmi\u00e8res autoris\u00e9es, des th\u00e9rapeutes respiratoires et des travailleuses sociales, tous sp\u00e9cialis\u00e9s en traumatologie. Nous collaborons pour offrir des soins de qualit\u00e9 aux patients et \u00e0 leur famille.<\/p>\n<p>Des physioth\u00e9rapeutes, des di\u00e9t\u00e9tistes, des orthophonistes et des ergoth\u00e9rapeutes s\u2019ajoutent au besoin \u00e0 notre \u00e9quipe. Tous les professionnels de la sant\u00e9 travaillent ensemble dans le but d\u2019aider les patients \u00e0 gu\u00e9rir.<\/p>\n<p>\u00c0 titre de centre tertiaire, le Service de traumatologie joue un r\u00f4le de premier plan dans l\u2019\u00e9laboration, l\u2019\u00e9valuation et <strong>l\u2019am\u00e9lioration constante de la qualit\u00e9<\/strong> des services de traumatologie offerts aux adultes de l\u2019Est ontarien.<\/p>\n<p>L\u2019\u00e9quipe du Service de traumatologie s\u2019engage \u00e0 offrir d\u2019excellents soins <strong>centr\u00e9s sur le patient<\/strong> et empreints de compassion, depuis l\u2019admission jusqu\u2019au cong\u00e9 du patient.<\/p>\n<p>L\u2019\u00e9quipe coordonne et dispense une <strong>formation<\/strong> en traumatologie dans toutes les disciplines de la sant\u00e9 aux niveaux local, r\u00e9gional et national.<\/p>\n<p>L\u2019\u00e9quipe participe activement \u00e0 la conception et \u00e0 la mise en \u0153uvres des <strong>projets de recherche<\/strong> portant sur la traumatologie, ainsi qu\u2019\u00e0 la publication et \u00e0 la diffusion des r\u00e9sultats afin d\u2019\u00e9tablir les bases de pratiques fond\u00e9es sur des donn\u00e9es probantes.<\/p>\n<p>L\u2019\u00e9quipe recueille et analyse activement des <strong>donn\u00e9es<\/strong> d\u00e9taill\u00e9es sur tous les patients trait\u00e9s. Ces donn\u00e9es sont int\u00e9gr\u00e9es aux rapports provinciaux et nationaux et permettent de surveiller et d\u2019optimiser les soins dispens\u00e9s.<\/p>\n<p>La <strong>pr\u00e9vention des blessures<\/strong> fait partie int\u00e9grante du mandat du Service de traumatologie. L\u2019\u00e9quipe entretient d\u2019ailleurs des liens \u00e9troits avec la collectivit\u00e9 et ses partenaires provinciaux et nationaux.<\/p>\n","protected":false},"excerpt":{"rendered":"<p>Le cours STOP-THE-BLEED\u00ae (arr\u00eater l\u2019h\u00e9morragie) est concu \u00e0 l\u2019intention du grand public pour am\u00e9liorer les chances de survie de victimes d\u2019h\u00e9mmorragies non contr\u00f4l\u00e9es qui pourraient autrement en d\u00e9c\u00e9der en quelques minutes. Le cours se r\u00e9sume en trois points : Formation en secourisme semblable \u00e0 la pratique de la r\u00e9animation cardio-respiratoire (RCR) par le public Enseigner [&hellip;]<\/p>\n","protected":false},"author":25,"featured_media":0,"parent":7868,"menu_order":26,"comment_status":"closed","ping_status":"closed","template":"","meta":{"_acf_changed":false,"_mc_calendar":[],"footnotes":""},"class_list":["post-11079","page","type-page","status-publish","hentry"],"acf":[],"wps_subtitle":"","_links":{"self":[{"href":"https:\/\/www.ottawahospital.on.ca\/fr\/wp-json\/wp\/v2\/pages\/11079","targetHints":{"allow":["GET"]}}],"collection":[{"href":"https:\/\/www.ottawahospital.on.ca\/fr\/wp-json\/wp\/v2\/pages"}],"about":[{"href":"https:\/\/www.ottawahospital.on.ca\/fr\/wp-json\/wp\/v2\/types\/page"}],"author":[{"embeddable":true,"href":"https:\/\/www.ottawahospital.on.ca\/fr\/wp-json\/wp\/v2\/users\/25"}],"replies":[{"embeddable":true,"href":"https:\/\/www.ottawahospital.on.ca\/fr\/wp-json\/wp\/v2\/comments?post=11079"}],"version-history":[{"count":0,"href":"https:\/\/www.ottawahospital.on.ca\/fr\/wp-json\/wp\/v2\/pages\/11079\/revisions"}],"up":[{"embeddable":true,"href":"https:\/\/www.ottawahospital.on.ca\/fr\/wp-json\/wp\/v2\/pages\/7868"}],"wp:attachment":[{"href":"https:\/\/www.ottawahospital.on.ca\/fr\/wp-json\/wp\/v2\/media?parent=11079"}],"curies":[{"name":"wp","href":"https:\/\/api.w.org\/{rel}","templated":true}]}}