{"id":11073,"date":"2016-11-28T14:38:52","date_gmt":"2016-11-28T19:38:52","guid":{"rendered":"http:\/\/52.229.122.34\/fr\/?page_id=11073"},"modified":"2017-01-11T16:33:10","modified_gmt":"2017-01-11T21:33:10","slug":"liens","status":"publish","type":"page","link":"https:\/\/www.ottawahospital.on.ca\/fr\/services-cliniques\/deptpgrmcs\/departements\/chirurgie-vasculaire\/liens\/","title":{"rendered":"Liens"},"content":{"rendered":"<h2>Associations<\/h2>\n<ul>\n<li><a title=\"\" href=\"https:\/\/www.canadianvascular.ca\/\" target=\"_blank\">Canadian Society for Vascular Surgery<\/a><\/li>\n<li><a href=\"https:\/\/www.cpso.on.ca\/\" target=\"_blank\">College of Physicians and Surgeons of Ontario<\/a><\/li>\n<li><a href=\"https:\/\/www.osdms.org\/\" target=\"_blank\">Ontario Society of Diagnostic Medical Sonography <\/a><\/li>\n<li><a href=\"https:\/\/www.svunet.org\/\" target=\"_blank\">Society of Vascular Ultrasound <\/a><\/li>\n<li><a href=\"https:\/\/www.sonographycanada.ca\/Apps\/frPages\/home-csdms-fr\" target=\"_blank\">\u00c9chographie Canada<\/a><\/li>\n<li><a title=\"https:\/\/www.csvn.ca\/\" href=\"https:\/\/www.csvn.ca\/\" target=\"_blank\">Canadian Society for Vascular Nursing<\/a><\/li>\n<li><a href=\"https:\/\/www.cno.org\/\" target=\"_blank\">Ordre des infirmi\u00e8res et infirmiers de l&rsquo;Ontario <\/a><\/li>\n<li><a href=\"https:\/\/www.rnao.org\/\" target=\"_blank\">Association des infirmi\u00e8res et infirmiers autoris\u00e9s de l&rsquo;Ontario <\/a><\/li>\n<li><a href=\"https:\/\/www.collegept.org\/\" target=\"_blank\">\u00a0Ordre des physioth\u00e9rapeutes de l&rsquo;Ontario <\/a><\/li>\n<li><a href=\"https:\/\/www.cawc.net\/\" target=\"_blank\">Association canadienne du soin des plaies <\/a><\/li>\n<li><a href=\"https:\/\/www.pharmacists.ca\/\" target=\"_blank\">Association des pharmaciens du Canada <\/a><\/li>\n<li><a href=\"https:\/\/www.ocpinfo.com\/\" target=\"_blank\">Ontario College of Pharmacists <\/a><\/li>\n<li><a href=\"https:\/\/www.cshp.ca\/\" target=\"_blank\">Soci\u00e9t\u00e9 canadienne des pharmaciens d&rsquo;h\u00f4pitaux <\/a><\/li>\n<\/ul>\n<h2>Formation\/\u00c9ducation Professionnelle<\/h2>\n<ul>\n<li><a href=\"https:\/\/www.uottawa.ca\/\" target=\"_blank\">Universit\u00e9 d&rsquo;Ottawa<\/a><\/li>\n<li><a href=\"https:\/\/www.algonquincollege.com\/\" target=\"_blank\">Coll\u00e8ge Algonquin<\/a><\/li>\n<li><a title=\"\" href=\"https:\/\/michener.ca\/\" target=\"_blank\">The Michener Institute of Applied Health Sciences<\/a><\/li>\n<li><a href=\"https:\/\/www.mohawkcollege.ca\/\" target=\"_blank\">Mohawk College of Applied Arts and Sciences<\/a><\/li>\n<\/ul>\n","protected":false},"excerpt":{"rendered":"<p>Associations Canadian Society for Vascular Surgery College of Physicians and Surgeons of Ontario Ontario Society of Diagnostic Medical Sonography Society of Vascular Ultrasound \u00c9chographie Canada Canadian Society for Vascular Nursing Ordre des infirmi\u00e8res et infirmiers de l&rsquo;Ontario Association des infirmi\u00e8res et infirmiers autoris\u00e9s de l&rsquo;Ontario \u00a0Ordre des physioth\u00e9rapeutes de l&rsquo;Ontario Association canadienne du soin des [&hellip;]<\/p>\n","protected":false},"author":25,"featured_media":0,"parent":11043,"menu_order":5,"comment_status":"closed","ping_status":"closed","template":"","meta":{"_acf_changed":false,"_mc_calendar":[],"footnotes":""},"class_list":["post-11073","page","type-page","status-publish","hentry"],"acf":[],"wps_subtitle":"","_links":{"self":[{"href":"https:\/\/www.ottawahospital.on.ca\/fr\/wp-json\/wp\/v2\/pages\/11073","targetHints":{"allow":["GET"]}}],"collection":[{"href":"https:\/\/www.ottawahospital.on.ca\/fr\/wp-json\/wp\/v2\/pages"}],"about":[{"href":"https:\/\/www.ottawahospital.on.ca\/fr\/wp-json\/wp\/v2\/types\/page"}],"author":[{"embeddable":true,"href":"https:\/\/www.ottawahospital.on.ca\/fr\/wp-json\/wp\/v2\/users\/25"}],"replies":[{"embeddable":true,"href":"https:\/\/www.ottawahospital.on.ca\/fr\/wp-json\/wp\/v2\/comments?post=11073"}],"version-history":[{"count":0,"href":"https:\/\/www.ottawahospital.on.ca\/fr\/wp-json\/wp\/v2\/pages\/11073\/revisions"}],"up":[{"embeddable":true,"href":"https:\/\/www.ottawahospital.on.ca\/fr\/wp-json\/wp\/v2\/pages\/11043"}],"wp:attachment":[{"href":"https:\/\/www.ottawahospital.on.ca\/fr\/wp-json\/wp\/v2\/media?parent=11073"}],"curies":[{"name":"wp","href":"https:\/\/api.w.org\/{rel}","templated":true}]}}