{"id":11069,"date":"2016-11-28T14:36:09","date_gmt":"2016-11-28T19:36:09","guid":{"rendered":"http:\/\/52.229.122.34\/fr\/?page_id=11069"},"modified":"2016-11-28T14:36:09","modified_gmt":"2016-11-28T19:36:09","slug":"recherche","status":"publish","type":"page","link":"https:\/\/www.ottawahospital.on.ca\/fr\/services-cliniques\/deptpgrmcs\/departements\/chirurgie-vasculaire\/recherche\/","title":{"rendered":"Recherche"},"content":{"rendered":"<p>Les professeurs et les r\u00e9sidents de la Division de chirurgie vasculaire participent \u00e0 des projets de recherche clinique et fondamentale. Voici quelques-uns de leurs int\u00e9r\u00eats de recherche :<\/p>\n<ul>\n<li>Qualit\u00e9 de vie li\u00e9e \u00e0 la sant\u00e9 et chirurgie vasculaire<\/li>\n<li>R\u00e9sultats de recherches en chirurgie vasculaire<\/li>\n<li>Utilisation des endoproth\u00e8ses vasculaires pour traiter les pathologies aortiques<\/li>\n<li>Proth\u00e8ses vasculaires et sous-muqueuse de l\u2019intestin gr\u00eale<\/li>\n<li>Projets subventionn\u00e9s par des organismes de divers secteurs d\u2019activit\u00e9<\/li>\n<\/ul>\n","protected":false},"excerpt":{"rendered":"<p>Les professeurs et les r\u00e9sidents de la Division de chirurgie vasculaire participent \u00e0 des projets de recherche clinique et fondamentale. Voici quelques-uns de leurs int\u00e9r\u00eats de recherche : Qualit\u00e9 de vie li\u00e9e \u00e0 la sant\u00e9 et chirurgie vasculaire R\u00e9sultats de recherches en chirurgie vasculaire Utilisation des endoproth\u00e8ses vasculaires pour traiter les pathologies aortiques Proth\u00e8ses vasculaires [&hellip;]<\/p>\n","protected":false},"author":25,"featured_media":0,"parent":11043,"menu_order":4,"comment_status":"closed","ping_status":"closed","template":"","meta":{"_acf_changed":false,"_mc_calendar":[],"footnotes":""},"class_list":["post-11069","page","type-page","status-publish","hentry"],"acf":[],"wps_subtitle":"","_links":{"self":[{"href":"https:\/\/www.ottawahospital.on.ca\/fr\/wp-json\/wp\/v2\/pages\/11069","targetHints":{"allow":["GET"]}}],"collection":[{"href":"https:\/\/www.ottawahospital.on.ca\/fr\/wp-json\/wp\/v2\/pages"}],"about":[{"href":"https:\/\/www.ottawahospital.on.ca\/fr\/wp-json\/wp\/v2\/types\/page"}],"author":[{"embeddable":true,"href":"https:\/\/www.ottawahospital.on.ca\/fr\/wp-json\/wp\/v2\/users\/25"}],"replies":[{"embeddable":true,"href":"https:\/\/www.ottawahospital.on.ca\/fr\/wp-json\/wp\/v2\/comments?post=11069"}],"version-history":[{"count":0,"href":"https:\/\/www.ottawahospital.on.ca\/fr\/wp-json\/wp\/v2\/pages\/11069\/revisions"}],"up":[{"embeddable":true,"href":"https:\/\/www.ottawahospital.on.ca\/fr\/wp-json\/wp\/v2\/pages\/11043"}],"wp:attachment":[{"href":"https:\/\/www.ottawahospital.on.ca\/fr\/wp-json\/wp\/v2\/media?parent=11069"}],"curies":[{"name":"wp","href":"https:\/\/api.w.org\/{rel}","templated":true}]}}