{"id":11062,"date":"2016-11-28T14:34:07","date_gmt":"2016-11-28T19:34:07","guid":{"rendered":"http:\/\/52.229.122.34\/fr\/?page_id=11062"},"modified":"2016-11-28T14:34:07","modified_gmt":"2016-11-28T19:34:07","slug":"programme-de-residence","status":"publish","type":"page","link":"https:\/\/www.ottawahospital.on.ca\/fr\/services-cliniques\/deptpgrmcs\/departements\/chirurgie-vasculaire\/programme-de-residence\/","title":{"rendered":"Programme de r\u00e9sidence"},"content":{"rendered":"<p>Notre Programme de r\u00e9sidence en chirurgie vasculaire de deux ans a re\u00e7u l\u2019agr\u00e9ment int\u00e9gral du Coll\u00e8ge royal des m\u00e9decins et chirurgiens du Canada. Il est \u00e9galement reconnu \u00e0 l\u2019\u00e9chelle internationale comme programme de formation en chirurgie vasculaire. Vous avez obtenu un certificat en chirurgie g\u00e9n\u00e9rale du Coll\u00e8ge royal et r\u00e9pondez aux crit\u00e8res de formation? Vous \u00eates donc admissible aux examens qui m\u00e8nent au certificat de comp\u00e9tence sp\u00e9ciale en chirurgie vasculaire.<\/p>\n<p>Vous devez premi\u00e8rement faire un stage suppl\u00e9mentaire de 24 mois en tant que chef r\u00e9sident dans une unit\u00e9 de chirurgie vasculaire. Votre formation en chirurgie g\u00e9n\u00e9rale doit en outre inclure les r\u00e9sidences qui suivent.<\/p>\n<p><strong>I.<\/strong> R\u00e9sidence senior de 15 mois en chirurgie vasculaire. La formation de r\u00e9sidence senior se d\u00e9finit comme une p\u00e9riode de temps pendant laquelle un r\u00e9sident se voit r\u00e9guli\u00e8rement confier des responsabilit\u00e9s pour les soins pr\u00e9 op\u00e9ratoires, op\u00e9ratoires et post-op\u00e9ratoires, y compris les probl\u00e8mes les plus difficiles en chirurgie vasculaire. Le r\u00e9sident senior doit \u00eatre en charge de l\u2019unit\u00e9 de chirurgie vasculaire et relever directement d\u2019un chirurgien en titre de l\u2019unit\u00e9.<\/p>\n<p><strong>II.<\/strong> R\u00e9sidence de 9 mois en chirurgie vasculaire, qui peut inclure les stages suivants :<\/p>\n<ul>\n<li>stage de trois \u00e0 six mois en chirurgie cardiaque (le programme de chirurgie cardiaque doit \u00eatre approuv\u00e9 par le Coll\u00e8ge royal);<\/li>\n<li>stage de trois \u00e0 six mois en chirurgie thoracique (le programme de chirurgie thoracique doit \u00eatre approuv\u00e9 par le Coll\u00e8ge royal);<\/li>\n<li>stage de de recherche pouvant durer jusqu\u2019\u00e0 neuf mois (le projet de recherche doit \u00eatre approuv\u00e9 par le directeur du programme de r\u00e9sidence en chirurgie vasculaire avant le d\u00e9but du stage);<\/li>\n<li>r\u00e9sidence senior en chirurgie vasculaire clinique (le programme doit \u00eatre approuv\u00e9 par le Coll\u00e8ge royal pour la formation en chirurgie vasculaire);<\/li>\n<li>autres stages approuv\u00e9s \u00e0 l\u2019avance par le directeur du programme de r\u00e9sidence en chirurgie vasculaire.<\/li>\n<\/ul>\n<p>Un chef r\u00e9sident en chirurgie vasculaire est responsable d\u2019une unit\u00e9 de chirurgie vasculaire sous la supervision des chirurgiens en titre. Les stages au Campus Civic de L\u2019H\u00f4pital d\u2019Ottawa constituent votre ann\u00e9e de r\u00e9sidence senior. Pendant cette ann\u00e9e, vous pourrez acqu\u00e9rir une exp\u00e9rience pratique de tous les aspects de la chirurgie vasculaire clinique, y compris des \u00e9tudes en laboratoires et des \u00e9tudes angiographiques non effractives, et de la s\u00e9lection et du traitement des patients.<\/p>\n<p>En plus des t\u00e2ches cliniques, le chef r\u00e9sident administre l\u2019unit\u00e9. Il doit donc superviser les r\u00e9sidents juniors et les \u00e9tudiants en m\u00e9decine et participer \u00e0 leur programme de formation. Il a de multiples occasions de participer \u00e0 des projets de recherche clinique et fondamentale. Il peut utiliser le laboratoire de recherche fondamentale. Nous avons aussi un laboratoire de physiologie vasculaire qui a re\u00e7u l\u2019agr\u00e9ment int\u00e9gral.<\/p>\n<p>Les r\u00e9sidents pourront choisir de passer l\u2019examen \u00e9crit pour obtenir le titre de technologue vasculaire autoris\u00e9 \u00e0 la fin de la formation. Dans le cadre du programme endovasculaire, les r\u00e9sidents peuvent aussi acqu\u00e9rir de l\u2019exp\u00e9rience dans le traitement des an\u00e9vrismes aortiques abdominaux.<\/p>\n","protected":false},"excerpt":{"rendered":"<p>Notre Programme de r\u00e9sidence en chirurgie vasculaire de deux ans a re\u00e7u l\u2019agr\u00e9ment int\u00e9gral du Coll\u00e8ge royal des m\u00e9decins et chirurgiens du Canada. Il est \u00e9galement reconnu \u00e0 l\u2019\u00e9chelle internationale comme programme de formation en chirurgie vasculaire. Vous avez obtenu un certificat en chirurgie g\u00e9n\u00e9rale du Coll\u00e8ge royal et r\u00e9pondez aux crit\u00e8res de formation? Vous [&hellip;]<\/p>\n","protected":false},"author":25,"featured_media":0,"parent":11043,"menu_order":3,"comment_status":"closed","ping_status":"closed","template":"","meta":{"_acf_changed":false,"_mc_calendar":[],"footnotes":""},"class_list":["post-11062","page","type-page","status-publish","hentry"],"acf":[],"wps_subtitle":"","_links":{"self":[{"href":"https:\/\/www.ottawahospital.on.ca\/fr\/wp-json\/wp\/v2\/pages\/11062","targetHints":{"allow":["GET"]}}],"collection":[{"href":"https:\/\/www.ottawahospital.on.ca\/fr\/wp-json\/wp\/v2\/pages"}],"about":[{"href":"https:\/\/www.ottawahospital.on.ca\/fr\/wp-json\/wp\/v2\/types\/page"}],"author":[{"embeddable":true,"href":"https:\/\/www.ottawahospital.on.ca\/fr\/wp-json\/wp\/v2\/users\/25"}],"replies":[{"embeddable":true,"href":"https:\/\/www.ottawahospital.on.ca\/fr\/wp-json\/wp\/v2\/comments?post=11062"}],"version-history":[{"count":0,"href":"https:\/\/www.ottawahospital.on.ca\/fr\/wp-json\/wp\/v2\/pages\/11062\/revisions"}],"up":[{"embeddable":true,"href":"https:\/\/www.ottawahospital.on.ca\/fr\/wp-json\/wp\/v2\/pages\/11043"}],"wp:attachment":[{"href":"https:\/\/www.ottawahospital.on.ca\/fr\/wp-json\/wp\/v2\/media?parent=11062"}],"curies":[{"name":"wp","href":"https:\/\/api.w.org\/{rel}","templated":true}]}}