{"id":11056,"date":"2016-11-28T14:29:49","date_gmt":"2016-11-28T19:29:49","guid":{"rendered":"http:\/\/52.229.122.34\/fr\/?page_id=11056"},"modified":"2017-05-15T14:48:14","modified_gmt":"2017-05-15T18:48:14","slug":"clinique-de-chirurgie-vasculaire","status":"publish","type":"page","link":"https:\/\/www.ottawahospital.on.ca\/fr\/services-cliniques\/deptpgrmcs\/departements\/chirurgie-vasculaire\/clinique-de-chirurgie-vasculaire\/","title":{"rendered":"Clinique de Chirurgie Vasculaire"},"content":{"rendered":"<h2>Vue d\u2019ensemble<\/h2>\n<p>Cette clinique offre des consultations aux patients externes recommand\u00e9s par leur m\u00e9decin ou des visites de suivi aux patients qui ont subi une op\u00e9ration. Le personnel comprend des chirurgiens vasculaires, des infirmi\u00e8res auxiliaires autoris\u00e9es et un commis.<\/p>\n<p><strong>Changement de rendez-vous : <\/strong>Si vous devez annuler ou reporter un rendez-vous, appelez au bureau de votre chirurgien vasculaire \u00e0 l&rsquo;h\u00f4pital.<\/p>\n<p><strong>Lien :<\/strong> <a href=\"\/fr\/services-cliniques\/deptpgrmcs\/departements\/chirurgie-vasculaire\/\">Division de Chirurgie vasculaire<\/a><\/p>\n<h2>Rendez\u2013vous<\/h2>\n<p>Recommandation d&rsquo;un m\u00e9decin<br \/>\nLundi &#8211; vendredi, 8 h &#8211; 16 h<\/p>\n<h2>Pour nous joindre<\/h2>\n<p><strong>Campus Civic : <\/strong>\u00c9difice J, 1<sup>er <\/sup>\u00e9tage<a href=\"\/fr\/documents\/2017\/01\/directions-pour-la-clinique-des-maladies-infectieuses.pdf\" target=\"_blank\"><br \/>\nDirections pour la Clinique des maladies infectieuses, a Clinique de chirurgie vasculaire et le Centre decicatrisation des plaies<\/a><br \/>\n<strong>T\u00e9l. : <\/strong>613-761-4766<\/p>\n","protected":false},"excerpt":{"rendered":"<p>Vue d\u2019ensemble Cette clinique offre des consultations aux patients externes recommand\u00e9s par leur m\u00e9decin ou des visites de suivi aux patients qui ont subi une op\u00e9ration. Le personnel comprend des chirurgiens vasculaires, des infirmi\u00e8res auxiliaires autoris\u00e9es et un commis. Changement de rendez-vous : Si vous devez annuler ou reporter un rendez-vous, appelez au bureau de [&hellip;]<\/p>\n","protected":false},"author":25,"featured_media":0,"parent":11043,"menu_order":2,"comment_status":"closed","ping_status":"closed","template":"","meta":{"_acf_changed":false,"_mc_calendar":[],"footnotes":""},"class_list":["post-11056","page","type-page","status-publish","hentry"],"acf":[],"wps_subtitle":"","_links":{"self":[{"href":"https:\/\/www.ottawahospital.on.ca\/fr\/wp-json\/wp\/v2\/pages\/11056","targetHints":{"allow":["GET"]}}],"collection":[{"href":"https:\/\/www.ottawahospital.on.ca\/fr\/wp-json\/wp\/v2\/pages"}],"about":[{"href":"https:\/\/www.ottawahospital.on.ca\/fr\/wp-json\/wp\/v2\/types\/page"}],"author":[{"embeddable":true,"href":"https:\/\/www.ottawahospital.on.ca\/fr\/wp-json\/wp\/v2\/users\/25"}],"replies":[{"embeddable":true,"href":"https:\/\/www.ottawahospital.on.ca\/fr\/wp-json\/wp\/v2\/comments?post=11056"}],"version-history":[{"count":0,"href":"https:\/\/www.ottawahospital.on.ca\/fr\/wp-json\/wp\/v2\/pages\/11056\/revisions"}],"up":[{"embeddable":true,"href":"https:\/\/www.ottawahospital.on.ca\/fr\/wp-json\/wp\/v2\/pages\/11043"}],"wp:attachment":[{"href":"https:\/\/www.ottawahospital.on.ca\/fr\/wp-json\/wp\/v2\/media?parent=11056"}],"curies":[{"name":"wp","href":"https:\/\/api.w.org\/{rel}","templated":true}]}}