{"id":11043,"date":"2016-11-28T14:21:54","date_gmt":"2016-11-28T19:21:54","guid":{"rendered":"http:\/\/52.229.122.34\/fr\/?page_id=11043"},"modified":"2017-01-03T12:53:22","modified_gmt":"2017-01-03T17:53:22","slug":"chirurgie-vasculaire","status":"publish","type":"page","link":"https:\/\/www.ottawahospital.on.ca\/fr\/services-cliniques\/deptpgrmcs\/departements\/chirurgie-vasculaire\/","title":{"rendered":"Chirurgie vasculaire"},"content":{"rendered":"<p>La Division de chirurgie vasculaire de L\u2019H\u00f4pital d\u2019Ottawa offre des soins cliniques aux r\u00e9sidants de la r\u00e9gion d\u2019Ottawa-Carleton et dans la majorit\u00e9 de l\u2019Est ontarien. La Division est un centre de r\u00e9f\u00e9rence pour le Centre hospitalier pour enfants de l\u2019est de l\u2019Ontario et d\u2019autres \u00e9tablissements de l\u2019Ouest du Qu\u00e9bec et de l\u2019Est du Canada en mati\u00e8re de soins tertiaires.<\/p>\n<p>La Division de chirurgie vasculaire comprend cinq professeurs de l\u2019Universit\u00e9 d\u2019Ottawa, qui limitent leur pratique clinique au diagnostic et au traitement des maladies vasculaires. Les soins aux patients hospitalis\u00e9s sont centralis\u00e9s au Campus Civic de L\u2019H\u00f4pital d\u2019Ottawa. Les professionnels de la Division sont sp\u00e9cialis\u00e9s dans la gestion des maladies vasculaires c\u00e9r\u00e9brales, thoraciques et abdominales et des maladies vasculaires des art\u00e8res, des veines et des vaisseaux lymphatiques p\u00e9riph\u00e9riques.<\/p>\n<p>La Division est responsable de fournir un acc\u00e8s vasculaire permanent aux patients en h\u00e9modialyse dans l\u2019Est de l\u2019Ontario. Elle dirige \u00e9galement un programme d\u2019endoproth\u00e8ses vasculaires, qui servent \u00e0 traiter les pathologies aortiques thoraciques et abdominales, et de chirurgie traditionnelle.<\/p>\n<p>Les chirurgiens de la Division dirigent un grand centre de diagnostic non effractif des maladies vasculaires au Campus Civic de L\u2019H\u00f4pital d\u2019Ottawa. Le laboratoire a re\u00e7u l\u2019agr\u00e9ment int\u00e9gral de l\u2019Intersocietal Commission for the Accreditation of Vascular Laboratories (ICAVL).<\/p>\n<p>En plus fournir des services de diagnostic de haute qualit\u00e9, le <a href=\"\/fr\/services-cliniques\/deptpgrmcs\/cliniques-et-services\/centre-de-diagnostic-vasculaire\/\">Centre de diagnostic vasculaire<span style=\"display: none;\"> page<\/span><\/a> procure un excellent environnement de formation aux technologues vasculaires et aux chirurgiens (th\u00e9orie et techniques de diagnostic). Une formation semblable constitue aussi une bonne pr\u00e9paration pour passer l\u2019examen qui permet d\u2019obtenir le titre de technologue vasculaire autoris\u00e9.<\/p>\n<h2>Formation m\u00e9dicale<\/h2>\n<p>La Division de chirurgie vasculaire du Campus Civic est l\u2019un des plus importants centres de soins cliniques regroup\u00e9s qui pratique un tr\u00e8s grand nombre de chirurgies au Canada. C\u2019est donc un milieu d\u2019apprentissage id\u00e9al pour les \u00e9tudiants en m\u00e9decine et les r\u00e9sidents en chirurgie. Le programme de formation de la Division permet aussi aux r\u00e9sidents d\u2019autres programmes (urologie, chirurgie g\u00e9n\u00e9rale, cardiaque ou orthop\u00e9dique, etc.) d\u2019acqu\u00e9rir la vaste exp\u00e9rience clinique dont ils ont besoin en chirurgie vasculaire. Des r\u00e9sidents d\u2019autres programmes de l\u2019ensemble du Canada viennent fr\u00e9quemment \u00e0 Ottawa pour b\u00e9n\u00e9ficier de notre exp\u00e9rience.<\/p>\n<p>La Division dirige un <a href=\"\/fr\/services-cliniques\/deptpgrmcs\/departements\/chirurgie-vasculaire\/programme-de-residence\/\">programme de r\u00e9sidence en chirurgie vasculaire<\/a> reconnu par le Coll\u00e8ge royal des m\u00e9decins et chirurgiens du Canada. Nous pouvons accueillir jusqu\u2019\u00e0 trois r\u00e9sidents \u00e0 la fois. Il s\u2019agit en g\u00e9n\u00e9ral de chirurgiens qui ont termin\u00e9 leur programme de r\u00e9sidence en chirurgie g\u00e9n\u00e9rale.<\/p>\n","protected":false},"excerpt":{"rendered":"<p>La Division de chirurgie vasculaire de L\u2019H\u00f4pital d\u2019Ottawa offre des soins cliniques aux r\u00e9sidants de la r\u00e9gion d\u2019Ottawa-Carleton et dans la majorit\u00e9 de l\u2019Est ontarien. La Division est un centre de r\u00e9f\u00e9rence pour le Centre hospitalier pour enfants de l\u2019est de l\u2019Ontario et d\u2019autres \u00e9tablissements de l\u2019Ouest du Qu\u00e9bec et de l\u2019Est du Canada en [&hellip;]<\/p>\n","protected":false},"author":25,"featured_media":0,"parent":7868,"menu_order":28,"comment_status":"closed","ping_status":"closed","template":"","meta":{"_acf_changed":false,"_mc_calendar":[],"footnotes":""},"class_list":["post-11043","page","type-page","status-publish","hentry"],"acf":[],"wps_subtitle":"","_links":{"self":[{"href":"https:\/\/www.ottawahospital.on.ca\/fr\/wp-json\/wp\/v2\/pages\/11043","targetHints":{"allow":["GET"]}}],"collection":[{"href":"https:\/\/www.ottawahospital.on.ca\/fr\/wp-json\/wp\/v2\/pages"}],"about":[{"href":"https:\/\/www.ottawahospital.on.ca\/fr\/wp-json\/wp\/v2\/types\/page"}],"author":[{"embeddable":true,"href":"https:\/\/www.ottawahospital.on.ca\/fr\/wp-json\/wp\/v2\/users\/25"}],"replies":[{"embeddable":true,"href":"https:\/\/www.ottawahospital.on.ca\/fr\/wp-json\/wp\/v2\/comments?post=11043"}],"version-history":[{"count":0,"href":"https:\/\/www.ottawahospital.on.ca\/fr\/wp-json\/wp\/v2\/pages\/11043\/revisions"}],"up":[{"embeddable":true,"href":"https:\/\/www.ottawahospital.on.ca\/fr\/wp-json\/wp\/v2\/pages\/7868"}],"wp:attachment":[{"href":"https:\/\/www.ottawahospital.on.ca\/fr\/wp-json\/wp\/v2\/media?parent=11043"}],"curies":[{"name":"wp","href":"https:\/\/api.w.org\/{rel}","templated":true}]}}