{"id":11039,"date":"2016-11-28T14:04:59","date_gmt":"2016-11-28T19:04:59","guid":{"rendered":"http:\/\/52.229.122.34\/fr\/?page_id=11039"},"modified":"2017-06-26T13:12:22","modified_gmt":"2017-06-26T17:12:22","slug":"urologie-departement-de-chirurgie","status":"publish","type":"page","link":"https:\/\/www.ottawahospital.on.ca\/fr\/services-cliniques\/deptpgrmcs\/departements\/urologie-departement-de-chirurgie\/","title":{"rendered":"Urologie \u2013 D\u00e9partement de chirurgie"},"content":{"rendered":"<h2>Vue d&rsquo;ensemble<\/h2>\n<p>La Division d\u2019urologie (Chirurgie urologique) fait partie du D\u00e9partement de chirurgie de L\u2019H\u00f4pital d\u2019Ottawa. Elle offre un programme enti\u00e8rement int\u00e9gr\u00e9 de soins cliniques, de recherche et d\u2019enseignement pour la prise en charge chirurgicale de maladies de l\u2019appareil g\u00e9nito-urinaire (reins, vessie, prostate, testicules, p\u00e9nis et ur\u00e8tre) chez l\u2019homme et des voies urinaires (reins, vessie et ur\u00e8tre) chez la femme. Elle compte 13 chirurgiens urologues qui fournissent des soins de haut niveau \u00e0 environ 40\u00a0000 patients par ann\u00e9e dans toutes les sous-sp\u00e9cialit\u00e9s de l\u2019urologie.<\/p>\n<p>La Division offre un programme de cinq ans de formation postdoctorale sp\u00e9cialis\u00e9e en urologie qui a re\u00e7u l\u2019agr\u00e9ment int\u00e9gral (\u00e0 son plus haut niveau) du Coll\u00e8ge royal des m\u00e9decins et chirurgiens du Canada. Elle joue un r\u00f4le tr\u00e8s actif dans la formation m\u00e9dicale de premier cycle. Ses m\u00e9decins enseignent aux \u00e9tudiants de la Facult\u00e9 de m\u00e9decine de l\u2019Universit\u00e9 d\u2019Ottawa et \u00e0 des \u00e9tudiants qui font des stages au choix (\u00e9tudiants d\u00e9sirant approfondir leurs connaissances de l\u2019urologie) et qui proviennent d\u2019autres universit\u00e9s au Canada.<\/p>\n<h2>Nos services<\/h2>\n<p>La Division d\u2019urologie offre les services suivants\u00a0:<\/p>\n<ul>\n<li>Traitements de troubles urologiques graves (patients dirig\u00e9s du D\u00e9partement d\u2019urgence)<\/li>\n<li>Services d\u2019oncologie urologique (cancer)<\/li>\n<li>Services neuro-urologiques et examen urodynamique<\/li>\n<li>Traitement de pierres aux reins (calculs r\u00e9naux) (chirurgie et prise en charge m\u00e9dicale)<\/li>\n<li>Chirurgie mini-invasive et endourologie<\/li>\n<li>Lithotritie par ondes de choc (fragmentation des pierres au rein)<\/li>\n<li>Greffe du rein<\/li>\n<li>Chirurgie reconstructive de l\u2019appareil g\u00e9nito-urinaire et incontinence urinaire complexe<\/li>\n<li>Traitement des traumatismes g\u00e9nito-urinaires<\/li>\n<li>Traitement des obstructions des voies urinaires<\/li>\n<li>Traitement des troubles de l\u2019infertilit\u00e9 masculine et autres aspects de la m\u00e9decine de la reproduction<\/li>\n<li>Traitement de la dysfonction sexuelle masculine (dysfonction \u00e9rectile et maladie de La Peyronie)<\/li>\n<\/ul>\n<h2>Notre \u00e9quipe<\/h2>\n<p>Voici une liste des membres de la Division d\u2019urologie, leurs coordonn\u00e9es et une br\u00e8ve description de leurs domaines d\u2019expertise ou d\u2019int\u00e9r\u00eat majeur\u00a0:<\/p>\n<p>D<sup>r<\/sup> J. Stuart Oake \u00a0(chef de division)<br \/>\nCancer de la prostate, urologie g\u00e9n\u00e9rale<br \/>\nCampus Civic, 1053, avenue Carling<br \/>\n613-761-4500<\/p>\n<p>D<sup>r<\/sup> Christopher G. L. Morash (chef de l\u2019Unit\u00e9, Campus G\u00e9n\u00e9ral)<br \/>\nOncologie urologique (cancer) seulement<br \/>\nCampus G\u00e9n\u00e9ral, 501, chemin Smyth<br \/>\n613-737-8899 poste 71203<\/p>\n<p>D<sup>r<\/sup> Ilias Cagiannos<br \/>\nOncologie urologique (cancer) seulement<br \/>\nCampus G\u00e9n\u00e9ral, 501, chemin Smyth<br \/>\n613-737-8899 poste 71258<\/p>\n<p>D<sup>r<\/sup> M. Eric Saltel<br \/>\nChirurgie reconstructive, neuro-urologie, incontinence complexe, traumatisme g\u00e9nito\u2011urinaire<br \/>\nCampus Civic, 1053, avenue Carling<br \/>\n613-761-4500<\/p>\n<p>D<sup>r<\/sup> Anthony J. Bella<br \/>\nDysfonction \u00e9rectile et maladie de La Peyronie seulement<br \/>\nCampus Civic, 1053, avenue Carling<br \/>\n613-761-4500<\/p>\n<p>D<sup>r<\/sup> Matthew Roberts<br \/>\nChirurgie de l\u2019infertilit\u00e9 masculine\/microchirurgie et m\u00e9decine de la reproduction<br \/>\nCampus Civic, 1053, avenue Carling<br \/>\n613-761-4500<\/p>\n<p>D<sup>r<\/sup> Filemon DeJesus<br \/>\nUrologie g\u00e9n\u00e9rale<br \/>\n144, chemin Richmond<br \/>\n613-722-5680<\/p>\n<p>D<sup>r<\/sup> John E. Mahoney<br \/>\nGreffe du rein, calculs r\u00e9naux, urologie g\u00e9n\u00e9rale<br \/>\nCampus G\u00e9n\u00e9ral, 501, chemin Smyth<br \/>\n613-737-8899 poste 78030<\/p>\n<p>D<sup>r<\/sup> James Watterson<br \/>\nCalculs r\u00e9naux, endourologie, chirurgie mini-invasive<br \/>\nCampus G\u00e9n\u00e9ral, 501, chemin Smyth<br \/>\n613-737-8373<\/p>\n<p>D<sup>r <\/sup>Brian D. M. Blew<br \/>\nCalculs r\u00e9naux, greffe du rein, endourologie, chirurgie mini-invasive<br \/>\nCampus G\u00e9n\u00e9ral, 501, chemin Smyth<br \/>\n613-737-8899 poste 73636<\/p>\n<p>D<sup>r<\/sup> Jeffrey Warren<br \/>\nGreffe du rein, Calculs r\u00e9naux, endourologie, chirurgie mini-invasive<br \/>\nCampus G\u00e9n\u00e9ral, 501, chemin Smyth<br \/>\n613-737-8899 poste 73288<\/p>\n<p>D<sup>r<\/sup> Rodney H. Breau<br \/>\nOncologie urologique (cancer) seulement<br \/>\nCampus G\u00e9n\u00e9ral, 501, chemin Smyth<br \/>\n613-737-8899\u00a0\u00a0poste 73019<\/p>\n<p>D<sup>r<\/sup> Ronald G. Gerridzen<br \/>\nIncontinence complexe, neuro-urologie, examen urodynamique, sphincter artificiel<br \/>\nCampus Civic, 1053, avenue Carling<br \/>\n613-761-4500<\/p>\n<p>D<sup>r <\/sup>Duane R. Hickling<br \/>\nProfesseur adjoint, Division de l\u2019urologie<br \/>\nD\u00e9partement de chirurgie, Universit\u00e9 d\u2019Ottawa<br \/>\nSant\u00e9 pelvienne de la femme et chirurgie reconstructive<\/p>\n<p>D<sup>r<\/sup> Luke T. Lavall\u00e9e<br \/>\nOncologie urologique (cancer) seulement<br \/>\nCampus G\u00e9n\u00e9ral, 501, chemin Smyth<br \/>\n613-737-8899 poste \u00a073019<\/p>\n<h2>Rendez-vous<\/h2>\n<p>Un m\u00e9decin de famille ou un autre sp\u00e9cialiste doit faire une demande de consultation pour qu\u2019un patient puisse obtenir un rendez-vous chez un urologue de L\u2019H\u00f4pital d\u2019Ottawa.<\/p>\n","protected":false},"excerpt":{"rendered":"<p>Vue d&rsquo;ensemble La Division d\u2019urologie (Chirurgie urologique) fait partie du D\u00e9partement de chirurgie de L\u2019H\u00f4pital d\u2019Ottawa. Elle offre un programme enti\u00e8rement int\u00e9gr\u00e9 de soins cliniques, de recherche et d\u2019enseignement pour la prise en charge chirurgicale de maladies de l\u2019appareil g\u00e9nito-urinaire (reins, vessie, prostate, testicules, p\u00e9nis et ur\u00e8tre) chez l\u2019homme et des voies urinaires (reins, vessie [&hellip;]<\/p>\n","protected":false},"author":25,"featured_media":0,"parent":7868,"menu_order":27,"comment_status":"closed","ping_status":"closed","template":"","meta":{"_acf_changed":false,"_mc_calendar":[],"footnotes":""},"class_list":["post-11039","page","type-page","status-publish","hentry"],"acf":[],"wps_subtitle":"","_links":{"self":[{"href":"https:\/\/www.ottawahospital.on.ca\/fr\/wp-json\/wp\/v2\/pages\/11039","targetHints":{"allow":["GET"]}}],"collection":[{"href":"https:\/\/www.ottawahospital.on.ca\/fr\/wp-json\/wp\/v2\/pages"}],"about":[{"href":"https:\/\/www.ottawahospital.on.ca\/fr\/wp-json\/wp\/v2\/types\/page"}],"author":[{"embeddable":true,"href":"https:\/\/www.ottawahospital.on.ca\/fr\/wp-json\/wp\/v2\/users\/25"}],"replies":[{"embeddable":true,"href":"https:\/\/www.ottawahospital.on.ca\/fr\/wp-json\/wp\/v2\/comments?post=11039"}],"version-history":[{"count":0,"href":"https:\/\/www.ottawahospital.on.ca\/fr\/wp-json\/wp\/v2\/pages\/11039\/revisions"}],"up":[{"embeddable":true,"href":"https:\/\/www.ottawahospital.on.ca\/fr\/wp-json\/wp\/v2\/pages\/7868"}],"wp:attachment":[{"href":"https:\/\/www.ottawahospital.on.ca\/fr\/wp-json\/wp\/v2\/media?parent=11039"}],"curies":[{"name":"wp","href":"https:\/\/api.w.org\/{rel}","templated":true}]}}