{"id":11021,"date":"2016-11-28T13:46:07","date_gmt":"2016-11-28T18:46:07","guid":{"rendered":"http:\/\/52.229.122.34\/fr\/?page_id=11021"},"modified":"2016-11-28T13:46:44","modified_gmt":"2016-11-28T18:46:44","slug":"nous-joindre","status":"publish","type":"page","link":"https:\/\/www.ottawahospital.on.ca\/fr\/services-cliniques\/deptpgrmcs\/departements\/neonatologie\/nous-joindre\/","title":{"rendered":"Nous joindre"},"content":{"rendered":"<p>Voici les num\u00e9ros de t\u00e9l\u00e9phone de la Division de n\u00e9onatalogie, de l\u2019Unit\u00e9 n\u00e9onatale de soins intensifs (UNSI) au Campus G\u00e9n\u00e9ral et de la Pouponni\u00e8re de soins sp\u00e9ciaux Rich-Little au Campus Civic.<\/p>\n<p><strong>Unit\u00e9 n\u00e9onatale de soins intensifs :<\/strong>\u00a0613-737-8899, poste 78651<\/p>\n<p><strong>Pouponni\u00e8re de soins sp\u00e9ciaux Rich-Little :<\/strong>\u00a0613-798-5555, poste 14418<\/p>\n<p><strong>Division de n\u00e9onatalogie :<\/strong>\u00a0613-737-8899, poste 78561<\/p>\n","protected":false},"excerpt":{"rendered":"<p>Voici les num\u00e9ros de t\u00e9l\u00e9phone de la Division de n\u00e9onatalogie, de l\u2019Unit\u00e9 n\u00e9onatale de soins intensifs (UNSI) au Campus G\u00e9n\u00e9ral et de la Pouponni\u00e8re de soins sp\u00e9ciaux Rich-Little au Campus Civic. Unit\u00e9 n\u00e9onatale de soins intensifs :\u00a0613-737-8899, poste 78651 Pouponni\u00e8re de soins sp\u00e9ciaux Rich-Little :\u00a0613-798-5555, poste 14418 Division de n\u00e9onatalogie :\u00a0613-737-8899, poste 78561<\/p>\n","protected":false},"author":25,"featured_media":0,"parent":10962,"menu_order":9,"comment_status":"closed","ping_status":"closed","template":"","meta":{"_acf_changed":false,"_mc_calendar":[],"footnotes":""},"class_list":["post-11021","page","type-page","status-publish","hentry"],"acf":[],"wps_subtitle":"","_links":{"self":[{"href":"https:\/\/www.ottawahospital.on.ca\/fr\/wp-json\/wp\/v2\/pages\/11021","targetHints":{"allow":["GET"]}}],"collection":[{"href":"https:\/\/www.ottawahospital.on.ca\/fr\/wp-json\/wp\/v2\/pages"}],"about":[{"href":"https:\/\/www.ottawahospital.on.ca\/fr\/wp-json\/wp\/v2\/types\/page"}],"author":[{"embeddable":true,"href":"https:\/\/www.ottawahospital.on.ca\/fr\/wp-json\/wp\/v2\/users\/25"}],"replies":[{"embeddable":true,"href":"https:\/\/www.ottawahospital.on.ca\/fr\/wp-json\/wp\/v2\/comments?post=11021"}],"version-history":[{"count":0,"href":"https:\/\/www.ottawahospital.on.ca\/fr\/wp-json\/wp\/v2\/pages\/11021\/revisions"}],"up":[{"embeddable":true,"href":"https:\/\/www.ottawahospital.on.ca\/fr\/wp-json\/wp\/v2\/pages\/10962"}],"wp:attachment":[{"href":"https:\/\/www.ottawahospital.on.ca\/fr\/wp-json\/wp\/v2\/media?parent=11021"}],"curies":[{"name":"wp","href":"https:\/\/api.w.org\/{rel}","templated":true}]}}