{"id":11010,"date":"2016-11-28T13:41:17","date_gmt":"2016-11-28T18:41:17","guid":{"rendered":"http:\/\/52.229.122.34\/fr\/?page_id=11010"},"modified":"2016-11-28T13:41:17","modified_gmt":"2016-11-28T18:41:17","slug":"notre-equipe","status":"publish","type":"page","link":"https:\/\/www.ottawahospital.on.ca\/fr\/services-cliniques\/deptpgrmcs\/departements\/neonatologie\/notre-equipe\/","title":{"rendered":"Notre \u00e9quipe"},"content":{"rendered":"<h2 style=\"text-align: center;\"><em>On entend souvent qu&rsquo;il faut un village pour \u00e9lever un enfant.<br \/>\nC\u2019est pourquoi il y a beaucoup de gens<br \/>\nqui s\u2019occupent de votre b\u00e9b\u00e9.<\/em><\/h2>\n<p><strong>N\u00e9onatologistes<\/strong><br \/>\nLe p\u00e9diatre peut r\u00e9gler la plupart des probl\u00e8mes de sant\u00e9 des nouveau-n\u00e9s, mais le n\u00e9onatologiste est sp\u00e9cialement form\u00e9 pour s\u2019occuper des situations plus complexes et \u00e0 risque \u00e9lev\u00e9. Si votre b\u00e9b\u00e9 est n\u00e9 pr\u00e9matur\u00e9ment ou s\u2019il a une maladie, une blessure ou une anomalie cong\u00e9nitale grave, le n\u00e9onatologiste sera l\u00e0 pour aider \u00e0 la naissance et aux soins subs\u00e9quents. S\u2019il y a un probl\u00e8me avant la naissance de votre b\u00e9b\u00e9, votre obst\u00e9tricien peut consulter un n\u00e9onatologiste concernant les soins durant la grossesse. Il y a toujours un n\u00e9onatologiste sur place ou disponible pour offrir des conseils aux autres membres de l\u2019\u00e9quipe m\u00e9dicale.<\/p>\n<p><strong>Moniteurs cliniques<\/strong><br \/>\nLes moniteurs cliniques sont des m\u00e9decins qui ont suivi une formation sp\u00e9cialis\u00e9e en p\u00e9diatrie et se sursp\u00e9cialisent maintenant en soins intensifs n\u00e9onataux. Les moniteurs sont responsables des soins aux nouveau-n\u00e9s sous la supervision des n\u00e9onatologistes.<\/p>\n<p><strong>R\u00e9sidents<\/strong><br \/>\nLes r\u00e9sidents sont des m\u00e9decins qui suivent une formation sp\u00e9cialis\u00e9e pour devenir p\u00e9diatres.<\/p>\n<p><strong>\u00c9tudiants en m\u00e9decine<\/strong><br \/>\nLes \u00e9tudiants en m\u00e9decine passent en moyenne une semaine \u00e0 l\u2019USIN pour apprendre. Ils sont supervis\u00e9s par les n\u00e9onatologistes, les r\u00e9sidents et les moniteurs cliniques. Ils assument des responsabilit\u00e9s m\u00e9dicales limit\u00e9es et sont \u00e9troitement supervis\u00e9s.<\/p>\n<p><strong>Infirmi\u00e8res autoris\u00e9es<\/strong><br \/>\nLes soins p\u00e9rinataux sont une sp\u00e9cialit\u00e9 des soins infirmiers. L\u2019infirmi\u00e8re autoris\u00e9e joue un r\u00f4le essentiel dans l\u2019\u00e9quipe multidisciplinaire. Elle a les connaissances et les comp\u00e9tences n\u00e9cessaires pour prendre soin des nouveau-n\u00e9s gravement malades.<\/p>\n<p><strong>Th\u00e9rapeutes respiratoires<\/strong><br \/>\nLes th\u00e9rapeutes respiratoires travaillent au sein de l\u2019\u00e9quipe multidisciplinaire pour aider les nouveau-n\u00e9s \u00e0 bien respirer. Ils s\u2019occupent par exemple des soins ventilatoires, de la prise en charge des voies a\u00e9riennes et de l\u2019oxyg\u00e9noth\u00e9rapie.<\/p>\n<p><strong>Pharmaciens<\/strong><br \/>\nLes pharmaciens collaborent avec l\u2019\u00e9quipe pour choisir les meilleurs m\u00e9dicaments pour votre b\u00e9b\u00e9. Ils donnent aussi de la formation au personnel ainsi qu\u2019aux parents dont le nouveau-n\u00e9 doit prendre des m\u00e9dicaments une fois rendu \u00e0 la maison. Il y a une petite pharmacie \u00e0 l\u2019USIN pour faciliter la pr\u00e9paration et l\u2019administration rapide des m\u00e9dicaments prescrits aux nouveau-n\u00e9s.<\/p>\n<p><strong>Commis d\u2019unit\u00e9<\/strong><br \/>\nLe commis d\u2019unit\u00e9 est la premi\u00e8re personne \u00e0 vous accueillir \u00e0 l\u2019USIN. Elle accompagne les visiteurs ou les dirige vers le b\u00e9b\u00e9. Elle accomplit toutes les t\u00e2ches administratives de l\u2019unit\u00e9 comme r\u00e9pondre au t\u00e9l\u00e9phone, prendre les rendez-vous pour les examens et organiser le transfert et le suivi.<\/p>\n<p><strong>Di\u00e9t\u00e9tiste<\/strong><br \/>\nLa di\u00e9t\u00e9tiste collabore avec l\u2019\u00e9quipe de soins pour assurer la bonne alimentation des nouveau-n\u00e9s au tout d\u00e9but de leur vie et \u00e9tablir des objectifs de nutrition jusqu\u2019\u00e0 leur d\u00e9part de l\u2019h\u00f4pital et apr\u00e8s. La di\u00e9t\u00e9tiste donne aussi de l\u2019information au personnel de l\u2019USIN et aux parents.<\/p>\n<p><strong>Consultante en lactation<br \/>\n<\/strong>La consultante en lactation est une infirmi\u00e8re qui a \u00e9t\u00e9 form\u00e9e pour aider les nouvelles m\u00e8res \u00e0 commencer l\u2019allaitement maternel. Elle donne des conseils aux m\u00e8res qui allaitent durant tout leur s\u00e9jour \u00e0 l\u2019USIN. De plus, elle organise chaque semaine une s\u00e9ance d&rsquo;information sur l\u2019allaitement o\u00f9 les m\u00e8res et leurs b\u00e9b\u00e9s peuvent venir une fois qu\u2019ils ont quitt\u00e9 l\u2019h\u00f4pital pour obtenir des conseils.<\/p>\n<p><strong>Travailleuse sociale<br \/>\n<\/strong>Les familles qui ont un b\u00e9b\u00e9 \u00e0 l\u2019USIN \u00e9prouvent toutes sortes d&rsquo;\u00e9motions. La travailleuse sociale de l\u2019USIN aide les parents en leur offrant assistance et soutien \u00e9motionnel pendant le s\u00e9jour de leur b\u00e9b\u00e9. La travailleuse sociale est l\u00e0 pour aider les parents \u00e0 surmonter l\u2019exp\u00e9rience difficile d\u2019avoir un b\u00e9b\u00e9 \u00e0 l\u2019USIN. Elle donne aussi des conseils et dirige les parents vers d&rsquo;autres ressources utiles.<\/p>\n<p><strong>Soins spirituels<br \/>\n<\/strong>Le personnel des Soins spirituels offre du soutien \u00e9motionnel et spirituel aux familles. Il \u00e9value les besoins spirituels et culturels et les pr\u00e9occupations religieuses et tente d\u2019y r\u00e9pondre.<\/p>\n","protected":false},"excerpt":{"rendered":"<p>On entend souvent qu&rsquo;il faut un village pour \u00e9lever un enfant. C\u2019est pourquoi il y a beaucoup de gens qui s\u2019occupent de votre b\u00e9b\u00e9. N\u00e9onatologistes Le p\u00e9diatre peut r\u00e9gler la plupart des probl\u00e8mes de sant\u00e9 des nouveau-n\u00e9s, mais le n\u00e9onatologiste est sp\u00e9cialement form\u00e9 pour s\u2019occuper des situations plus complexes et \u00e0 risque \u00e9lev\u00e9. Si votre [&hellip;]<\/p>\n","protected":false},"author":25,"featured_media":0,"parent":10962,"menu_order":7,"comment_status":"closed","ping_status":"closed","template":"","meta":{"_acf_changed":false,"_mc_calendar":[],"footnotes":""},"class_list":["post-11010","page","type-page","status-publish","hentry"],"acf":[],"wps_subtitle":"","_links":{"self":[{"href":"https:\/\/www.ottawahospital.on.ca\/fr\/wp-json\/wp\/v2\/pages\/11010","targetHints":{"allow":["GET"]}}],"collection":[{"href":"https:\/\/www.ottawahospital.on.ca\/fr\/wp-json\/wp\/v2\/pages"}],"about":[{"href":"https:\/\/www.ottawahospital.on.ca\/fr\/wp-json\/wp\/v2\/types\/page"}],"author":[{"embeddable":true,"href":"https:\/\/www.ottawahospital.on.ca\/fr\/wp-json\/wp\/v2\/users\/25"}],"replies":[{"embeddable":true,"href":"https:\/\/www.ottawahospital.on.ca\/fr\/wp-json\/wp\/v2\/comments?post=11010"}],"version-history":[{"count":0,"href":"https:\/\/www.ottawahospital.on.ca\/fr\/wp-json\/wp\/v2\/pages\/11010\/revisions"}],"up":[{"embeddable":true,"href":"https:\/\/www.ottawahospital.on.ca\/fr\/wp-json\/wp\/v2\/pages\/10962"}],"wp:attachment":[{"href":"https:\/\/www.ottawahospital.on.ca\/fr\/wp-json\/wp\/v2\/media?parent=11010"}],"curies":[{"name":"wp","href":"https:\/\/api.w.org\/{rel}","templated":true}]}}