{"id":11000,"date":"2016-11-28T13:37:01","date_gmt":"2016-11-28T18:37:01","guid":{"rendered":"http:\/\/52.229.122.34\/fr\/?page_id=11000"},"modified":"2017-01-13T14:39:07","modified_gmt":"2017-01-13T19:39:07","slug":"ressources-pour-les-parents","status":"publish","type":"page","link":"https:\/\/www.ottawahospital.on.ca\/fr\/services-cliniques\/deptpgrmcs\/departements\/neonatologie\/ressources-pour-les-parents\/","title":{"rendered":"Ressources pour les parents"},"content":{"rendered":"<ul>\n<li><a href=\"\/fr\/documents\/2017\/01\/nicu-scn-carseat-f.pdf\" target=\"_blank\">Positionner mon enfant pr\u00e9matur\u00e9 dans son si\u00e8ge d\u2019auto<\/a><\/li>\n<li><a href=\"\/fr\/services-cliniques\/deptpgrmcs\/programmes\/soiree-dinformation-prenatale\/\">Les services pr\u00e9nataux (cours, s\u00e9ances d\u2019information, ressources)<\/a><\/li>\n<li><a href=\"\/fr\/documents\/2017\/01\/nicu-parent-f.pdf\" target=\"_blank\">L\u2019USIN : Guide \u00e0 l&rsquo;intention des parents<\/a><\/li>\n<li><a href=\"\/fr\/documents\/2017\/01\/nicu-scn-rounds-f.pdf\" target=\"_blank\">Les visites cliniques quotidiennes<\/a><\/li>\n<li><a href=\"\/fr\/services-cliniques\/deptpgrmcs\/departements\/obstetrique-gynecologie-et-soins-aux-nouveau-nes\/avoir-un-bebe\/ressources-pour-les-patients\/\">Autres ressources pour les parents<\/a><\/li>\n<\/ul>\n<p>&nbsp;<\/p>\n<p>&nbsp;<\/p>\n","protected":false},"excerpt":{"rendered":"<p>Positionner mon enfant pr\u00e9matur\u00e9 dans son si\u00e8ge d\u2019auto Les services pr\u00e9nataux (cours, s\u00e9ances d\u2019information, ressources) L\u2019USIN : Guide \u00e0 l&rsquo;intention des parents Les visites cliniques quotidiennes Autres ressources pour les parents &nbsp; &nbsp;<\/p>\n","protected":false},"author":25,"featured_media":0,"parent":10962,"menu_order":5,"comment_status":"closed","ping_status":"closed","template":"","meta":{"_acf_changed":false,"_mc_calendar":[],"footnotes":""},"class_list":["post-11000","page","type-page","status-publish","hentry"],"acf":[],"wps_subtitle":"","_links":{"self":[{"href":"https:\/\/www.ottawahospital.on.ca\/fr\/wp-json\/wp\/v2\/pages\/11000","targetHints":{"allow":["GET"]}}],"collection":[{"href":"https:\/\/www.ottawahospital.on.ca\/fr\/wp-json\/wp\/v2\/pages"}],"about":[{"href":"https:\/\/www.ottawahospital.on.ca\/fr\/wp-json\/wp\/v2\/types\/page"}],"author":[{"embeddable":true,"href":"https:\/\/www.ottawahospital.on.ca\/fr\/wp-json\/wp\/v2\/users\/25"}],"replies":[{"embeddable":true,"href":"https:\/\/www.ottawahospital.on.ca\/fr\/wp-json\/wp\/v2\/comments?post=11000"}],"version-history":[{"count":0,"href":"https:\/\/www.ottawahospital.on.ca\/fr\/wp-json\/wp\/v2\/pages\/11000\/revisions"}],"up":[{"embeddable":true,"href":"https:\/\/www.ottawahospital.on.ca\/fr\/wp-json\/wp\/v2\/pages\/10962"}],"wp:attachment":[{"href":"https:\/\/www.ottawahospital.on.ca\/fr\/wp-json\/wp\/v2\/media?parent=11000"}],"curies":[{"name":"wp","href":"https:\/\/api.w.org\/{rel}","templated":true}]}}