{"id":10987,"date":"2016-11-28T13:29:26","date_gmt":"2016-11-28T18:29:26","guid":{"rendered":"http:\/\/52.229.122.34\/fr\/?page_id=10987"},"modified":"2016-11-28T13:29:26","modified_gmt":"2016-11-28T18:29:26","slug":"formation-et-recherche","status":"publish","type":"page","link":"https:\/\/www.ottawahospital.on.ca\/fr\/services-cliniques\/deptpgrmcs\/departements\/neonatologie\/formation-et-recherche\/","title":{"rendered":"Formation et Recherche"},"content":{"rendered":"<h2>Programme de formation en m\u00e9decine n\u00e9onatale et p\u00e9rinatale<\/h2>\n<p>Le programme a vu le jour en 1991 gr\u00e2ce \u00e0 l\u2019initiative de membres de la Division de n\u00e9onatologie (CHEO et Campus G\u00e9n\u00e9ral). Il a permis de former plusieurs n\u00e9onatologistes enseignants. L\u2019exposition clinique et les possibilit\u00e9s de recherche clinique sont vastes, ce qui contribue au succ\u00e8s du programme, et l\u2019enseignement donn\u00e9 est complet. Les clubs de lecture, les s\u00e9minaires et les s\u00e9ances de discussion sur l\u2019\u00e9thique sont tr\u00e8s courus!<\/p>\n<h2>Recherche clinique<\/h2>\n<p>La Division a \u00e0 c\u0153ur de stimuler la recherche clinique. Plusieurs membres dirigent des \u00e9tudes cliniques ou y participent en tant que co-chercheurs. Ils explorent de nouveaux traitements pour notre population de patients fragiles dans l\u2019objectif d\u2019am\u00e9liorer les r\u00e9sultats \u00e0 long terme.<\/p>\n<h2>Formation m\u00e9dicale<\/h2>\n<p>La Division tient aussi \u00e0 former les \u00e9tudiants dipl\u00f4m\u00e9s. Elle accepte des r\u00e9sidents et des moniteurs cliniques en p\u00e9diatrie, en anesth\u00e9siologie, en obst\u00e9trique-gyn\u00e9cologie et en chirurgie p\u00e9diatrique g\u00e9n\u00e9rale chaque mois au Campus G\u00e9n\u00e9ral.<\/p>\n<p>Des \u00e9tudiants de premier cycle en m\u00e9decine peuvent \u00e9galement faire des stages chaque semaine \u00e0 l\u2019Unit\u00e9 de soins intensifs n\u00e9onataux du Campus General.<\/p>\n","protected":false},"excerpt":{"rendered":"<p>Programme de formation en m\u00e9decine n\u00e9onatale et p\u00e9rinatale Le programme a vu le jour en 1991 gr\u00e2ce \u00e0 l\u2019initiative de membres de la Division de n\u00e9onatologie (CHEO et Campus G\u00e9n\u00e9ral). Il a permis de former plusieurs n\u00e9onatologistes enseignants. L\u2019exposition clinique et les possibilit\u00e9s de recherche clinique sont vastes, ce qui contribue au succ\u00e8s du programme, [&hellip;]<\/p>\n","protected":false},"author":25,"featured_media":0,"parent":10962,"menu_order":4,"comment_status":"closed","ping_status":"closed","template":"","meta":{"_acf_changed":false,"_mc_calendar":[],"footnotes":""},"class_list":["post-10987","page","type-page","status-publish","hentry"],"acf":[],"wps_subtitle":"","_links":{"self":[{"href":"https:\/\/www.ottawahospital.on.ca\/fr\/wp-json\/wp\/v2\/pages\/10987","targetHints":{"allow":["GET"]}}],"collection":[{"href":"https:\/\/www.ottawahospital.on.ca\/fr\/wp-json\/wp\/v2\/pages"}],"about":[{"href":"https:\/\/www.ottawahospital.on.ca\/fr\/wp-json\/wp\/v2\/types\/page"}],"author":[{"embeddable":true,"href":"https:\/\/www.ottawahospital.on.ca\/fr\/wp-json\/wp\/v2\/users\/25"}],"replies":[{"embeddable":true,"href":"https:\/\/www.ottawahospital.on.ca\/fr\/wp-json\/wp\/v2\/comments?post=10987"}],"version-history":[{"count":0,"href":"https:\/\/www.ottawahospital.on.ca\/fr\/wp-json\/wp\/v2\/pages\/10987\/revisions"}],"up":[{"embeddable":true,"href":"https:\/\/www.ottawahospital.on.ca\/fr\/wp-json\/wp\/v2\/pages\/10962"}],"wp:attachment":[{"href":"https:\/\/www.ottawahospital.on.ca\/fr\/wp-json\/wp\/v2\/media?parent=10987"}],"curies":[{"name":"wp","href":"https:\/\/api.w.org\/{rel}","templated":true}]}}