{"id":10979,"date":"2016-11-28T13:26:29","date_gmt":"2016-11-28T18:26:29","guid":{"rendered":"http:\/\/52.229.122.34\/fr\/?page_id=10979"},"modified":"2016-11-28T13:26:29","modified_gmt":"2016-11-28T18:26:29","slug":"pouponniere-de-soins-speciaux","status":"publish","type":"page","link":"https:\/\/www.ottawahospital.on.ca\/fr\/services-cliniques\/deptpgrmcs\/departements\/neonatologie\/pouponniere-de-soins-speciaux\/","title":{"rendered":"Pouponni\u00e8re de soins sp\u00e9ciaux"},"content":{"rendered":"<p><img decoding=\"async\" class=\"alignright img-responsive\" src=\"\/wp-content\/uploads\/2016\/11\/scn-incubator.jpg\" alt=\"Scn Incubator\" width=\"199\" height=\"300\" \/>Bienvenue \u00e0 la Pouponni\u00e8re de soins sp\u00e9ciaux, qui dispose de 17 lits au Campus Civic de L\u2019H\u00f4pital d\u2019Ottawa.<\/p>\n<p>La Pouponni\u00e8re de soins sp\u00e9ciaux est l\u2019une des trois unit\u00e9s n\u00e9onatales de la r\u00e9gion. On y offre des soins avanc\u00e9s de niveau II aux b\u00e9b\u00e9s pr\u00e9matur\u00e9s de 32 \u00e0 37 semaines et aux b\u00e9b\u00e9s \u00e0 terme qui souffrent de probl\u00e8mes de sant\u00e9.<\/p>\n<p>Nous accueillons plus de 600 patients par ann\u00e9e et nous sommes reconnus pour nos soins ax\u00e9s sur la famille.<\/p>\n<p>Notre \u00e9quipe regroupe des professionnels de la sant\u00e9, dont deux n\u00e9onatologistes et plus de 60 infirmi\u00e8res, th\u00e9rapeutes respiratoires, travailleurs sociaux, employ\u00e9s de bureau et \u00e9tudiants supervis\u00e9s. Un sp\u00e9cialiste est en tout temps sur place.<\/p>\n<p>Nous avons \u00e0 c\u0153ur de fournir des soins de qualit\u00e9 ax\u00e9s sur la compassion et la compr\u00e9hension et de collaborer \u00e9troitement avec les familles et les organismes de la collectivit\u00e9.<\/p>\n","protected":false},"excerpt":{"rendered":"<p>Bienvenue \u00e0 la Pouponni\u00e8re de soins sp\u00e9ciaux, qui dispose de 17 lits au Campus Civic de L\u2019H\u00f4pital d\u2019Ottawa. La Pouponni\u00e8re de soins sp\u00e9ciaux est l\u2019une des trois unit\u00e9s n\u00e9onatales de la r\u00e9gion. On y offre des soins avanc\u00e9s de niveau II aux b\u00e9b\u00e9s pr\u00e9matur\u00e9s de 32 \u00e0 37 semaines et aux b\u00e9b\u00e9s \u00e0 terme qui [&hellip;]<\/p>\n","protected":false},"author":25,"featured_media":0,"parent":10962,"menu_order":3,"comment_status":"closed","ping_status":"closed","template":"","meta":{"_acf_changed":false,"_mc_calendar":[],"footnotes":""},"class_list":["post-10979","page","type-page","status-publish","hentry"],"acf":[],"wps_subtitle":"","_links":{"self":[{"href":"https:\/\/www.ottawahospital.on.ca\/fr\/wp-json\/wp\/v2\/pages\/10979","targetHints":{"allow":["GET"]}}],"collection":[{"href":"https:\/\/www.ottawahospital.on.ca\/fr\/wp-json\/wp\/v2\/pages"}],"about":[{"href":"https:\/\/www.ottawahospital.on.ca\/fr\/wp-json\/wp\/v2\/types\/page"}],"author":[{"embeddable":true,"href":"https:\/\/www.ottawahospital.on.ca\/fr\/wp-json\/wp\/v2\/users\/25"}],"replies":[{"embeddable":true,"href":"https:\/\/www.ottawahospital.on.ca\/fr\/wp-json\/wp\/v2\/comments?post=10979"}],"version-history":[{"count":0,"href":"https:\/\/www.ottawahospital.on.ca\/fr\/wp-json\/wp\/v2\/pages\/10979\/revisions"}],"up":[{"embeddable":true,"href":"https:\/\/www.ottawahospital.on.ca\/fr\/wp-json\/wp\/v2\/pages\/10962"}],"wp:attachment":[{"href":"https:\/\/www.ottawahospital.on.ca\/fr\/wp-json\/wp\/v2\/media?parent=10979"}],"curies":[{"name":"wp","href":"https:\/\/api.w.org\/{rel}","templated":true}]}}