{"id":10974,"date":"2016-11-28T13:24:33","date_gmt":"2016-11-28T18:24:33","guid":{"rendered":"http:\/\/52.229.122.34\/fr\/?page_id=10974"},"modified":"2016-11-28T13:24:33","modified_gmt":"2016-11-28T18:24:33","slug":"services-de-consultation","status":"publish","type":"page","link":"https:\/\/www.ottawahospital.on.ca\/fr\/services-cliniques\/deptpgrmcs\/departements\/neonatologie\/services-de-consultation\/","title":{"rendered":"Services de consultation"},"content":{"rendered":"<h2>Services de consultation pr\u00e9natale<\/h2>\n<p>La Division de n\u00e9onatologie de L\u2019H\u00f4pital d\u2019Ottawa offre des services de consultation pr\u00e9natale une fois par deux semaines pour les femmes enceintes dont le f\u0153tus a des besoins sp\u00e9ciaux. Les professionnels de la sant\u00e9 donnent des conseils, de la formation et du soutien aux couples, en plus d\u2019\u00e9tablir un plan de gestion des soins apr\u00e8s la naissance qui tient compte des diff\u00e9rents besoins du b\u00e9b\u00e9.<\/p>\n<p>Les m\u00e9decins qui souhaitent y diriger une patiente enceinte peuvent envoyer une demande de consultation \u00e0 l\u2019adresse suivante :<\/p>\n<p>Division de n\u00e9onatologie<br \/>\nL\u2019H\u00f4pital d\u2019Ottawa \u2013 Campus G\u00e9n\u00e9ral<br \/>\n501, chemin Smyth, pi\u00e8ce 8231<br \/>\nOttawa ON K1H 8L6<br \/>\nT\u00e9l\u00e9copieur : 613-737-8889<\/p>\n<h2>Suivi n\u00e9onatal<\/h2>\n<p>Les professionnels de la Division de n\u00e9onatologie offrent \u00e9galement un suivi n\u00e9onatal complet \u00e0 tous les nouveau-n\u00e9s qui p\u00e8sent moins de 1 250 g ou ont d\u2019autres facteurs de risque.<\/p>\n<p>Vous devrez vous pr\u00e9senter au CHEO quand votre b\u00e9b\u00e9 aura 4 mois, 10 mois, 18 mois et 4 ans. Les professionnels \u00e9valueront sa capacit\u00e9 motrice, cognitive, visuelle et auditive pour d\u00e9pister toute anomalie et ainsi pouvoir le diriger le plus t\u00f4t possible vers un sp\u00e9cialiste. Le suivi est assur\u00e9 par une \u00e9quipe multidisciplinaire dirig\u00e9e par le D<sup>r<\/sup> Thierry Daboval.<\/p>\n<p>Les m\u00e9decins qui souhaitent y diriger un nouveau-n\u00e9 \u00e0 risque \u00e9lev\u00e9 peuvent envoyer une demande de consultation au D<sup>r<\/sup> Daboval au 613-738-4847.<\/p>\n","protected":false},"excerpt":{"rendered":"<p>Services de consultation pr\u00e9natale La Division de n\u00e9onatologie de L\u2019H\u00f4pital d\u2019Ottawa offre des services de consultation pr\u00e9natale une fois par deux semaines pour les femmes enceintes dont le f\u0153tus a des besoins sp\u00e9ciaux. Les professionnels de la sant\u00e9 donnent des conseils, de la formation et du soutien aux couples, en plus d\u2019\u00e9tablir un plan de [&hellip;]<\/p>\n","protected":false},"author":25,"featured_media":0,"parent":10962,"menu_order":2,"comment_status":"closed","ping_status":"closed","template":"","meta":{"_acf_changed":false,"_mc_calendar":[],"footnotes":""},"class_list":["post-10974","page","type-page","status-publish","hentry"],"acf":[],"wps_subtitle":"","_links":{"self":[{"href":"https:\/\/www.ottawahospital.on.ca\/fr\/wp-json\/wp\/v2\/pages\/10974","targetHints":{"allow":["GET"]}}],"collection":[{"href":"https:\/\/www.ottawahospital.on.ca\/fr\/wp-json\/wp\/v2\/pages"}],"about":[{"href":"https:\/\/www.ottawahospital.on.ca\/fr\/wp-json\/wp\/v2\/types\/page"}],"author":[{"embeddable":true,"href":"https:\/\/www.ottawahospital.on.ca\/fr\/wp-json\/wp\/v2\/users\/25"}],"replies":[{"embeddable":true,"href":"https:\/\/www.ottawahospital.on.ca\/fr\/wp-json\/wp\/v2\/comments?post=10974"}],"version-history":[{"count":0,"href":"https:\/\/www.ottawahospital.on.ca\/fr\/wp-json\/wp\/v2\/pages\/10974\/revisions"}],"up":[{"embeddable":true,"href":"https:\/\/www.ottawahospital.on.ca\/fr\/wp-json\/wp\/v2\/pages\/10962"}],"wp:attachment":[{"href":"https:\/\/www.ottawahospital.on.ca\/fr\/wp-json\/wp\/v2\/media?parent=10974"}],"curies":[{"name":"wp","href":"https:\/\/api.w.org\/{rel}","templated":true}]}}