{"id":10970,"date":"2016-11-28T13:22:15","date_gmt":"2016-11-28T18:22:15","guid":{"rendered":"http:\/\/52.229.122.34\/fr\/?page_id=10970"},"modified":"2021-02-09T09:42:07","modified_gmt":"2021-02-09T14:42:07","slug":"a-notre-sujet","status":"publish","type":"page","link":"https:\/\/www.ottawahospital.on.ca\/fr\/services-cliniques\/deptpgrmcs\/departements\/neonatologie\/a-notre-sujet\/","title":{"rendered":"\u00c0 notre sujet"},"content":{"rendered":"<p>L\u2019Unit\u00e9 de soins intensifs n\u00e9onataux (USIN) du Campus G\u00e9n\u00e9ral de L\u2019H\u00f4pital d\u2019Ottawa est le centre d\u00e9sign\u00e9 pour les cas \u00e0 risque \u00e9lev\u00e9 dans la r\u00e9gion de l\u2019Est et du Sud-Est de l\u2019Ontario, de l\u2019Ouest qu\u00e9b\u00e9cois et de l\u2019\u00eele de Baffin. Comme nous sommes inscrits au r\u00e9pertoire des lits de soins critiques en Ontario, nous recevons aussi des patients qui viennent de tous les coins de l\u2019Ontario.<\/p>\n<p><img decoding=\"async\" class=\"alignright img-responsive\" src=\"\/wp-content\/uploads\/2016\/11\/twins.jpg\" alt=\"Twins\" width=\"230\" height=\"173\" \/>L\u2019USIN est une unit\u00e9 de soins intensifs de niveau III. Elle compte 24 lits et offre des soins de grande qualit\u00e9, fond\u00e9s sur des donn\u00e9es probantes, selon une approche multidisciplinaire.<\/p>\n<p>Nous excellons aupr\u00e8s des nouveau-n\u00e9s \u00e0 risque \u00e9lev\u00e9 et nous nous sp\u00e9cialisons dans les soins aux nourrissons n\u00e9s aussi pr\u00e9matur\u00e9ment qu\u2019\u00e0 24 semaines de gestation. Nous utilisons diverses interventions novatrices, comme le soutien au d\u00e9veloppement, les soins kangourou, le partage du m\u00eame incubateur dans les cas de naissances multiples, les projets de recherche et les plans de soins personnalis\u00e9s.<\/p>\n<p>Plus de 8 000 b\u00e9b\u00e9s naissent tous les ans \u00e0 L\u2019H\u00f4pital d\u2019Ottawa et l\u2019USIN s\u2019occupe d\u2019environ 700 d\u2019entre eux. Ce sont des nouveau-n\u00e9s d\u2019une pr\u00e9maturit\u00e9 extr\u00eame, qui ont besoin du maintien des fonctions vitales ou qui sont n\u00e9s \u00e0 terme mais ont besoin de soins intensifs et de surveillance. La dur\u00e9e de leur s\u00e9jour varie de quatre heures \u00e0 quatre mois, selon les besoins.<\/p>\n<h2>Partenaires dans les soins<\/h2>\n<p>L\u2019USIN compte parmi trois unit\u00e9s \u00e0 Ottawa qui collaborent en vue d\u2019offrir des soins appropri\u00e9s et uniformes \u00e0 tous les nouveau-n\u00e9s de la r\u00e9gion. Lorsque le nouveau-n\u00e9 s\u2019est r\u00e9tabli et n\u2019a plus besoin de soins intensifs de niveau III, on le transf\u00e8re \u00e0 la <a href=\"\/fr\/services-cliniques\/deptpgrmcs\/departements\/neonatologie\/pouponniere-de-soins-speciaux\/\">Pouponni\u00e8re de soins sp\u00e9ciaux Rich-Little<\/a> situ\u00e9e au Campus Civic. Le <a href=\"https:\/\/www.cheo.on.ca\/fr\/index.aspx\" target=\"_blank\" rel=\"noopener noreferrer\">Centre hospitalier pour enfants de l&rsquo;est de l&rsquo;Ontario<\/a> re\u00e7oit les nouveau-n\u00e9s qui ont besoin d\u2019une chirurgie sp\u00e9ciale.<\/p>\n","protected":false},"excerpt":{"rendered":"<p>L\u2019Unit\u00e9 de soins intensifs n\u00e9onataux (USIN) du Campus G\u00e9n\u00e9ral de L\u2019H\u00f4pital d\u2019Ottawa est le centre d\u00e9sign\u00e9 pour les cas \u00e0 risque \u00e9lev\u00e9 dans la r\u00e9gion de l\u2019Est et du Sud-Est de l\u2019Ontario, de l\u2019Ouest qu\u00e9b\u00e9cois et de l\u2019\u00eele de Baffin. Comme nous sommes inscrits au r\u00e9pertoire des lits de soins critiques en Ontario, nous recevons [&hellip;]<\/p>\n","protected":false},"author":25,"featured_media":0,"parent":10962,"menu_order":1,"comment_status":"closed","ping_status":"closed","template":"","meta":{"_acf_changed":false,"_mc_calendar":[],"footnotes":""},"class_list":["post-10970","page","type-page","status-publish","hentry"],"acf":[],"wps_subtitle":"","_links":{"self":[{"href":"https:\/\/www.ottawahospital.on.ca\/fr\/wp-json\/wp\/v2\/pages\/10970","targetHints":{"allow":["GET"]}}],"collection":[{"href":"https:\/\/www.ottawahospital.on.ca\/fr\/wp-json\/wp\/v2\/pages"}],"about":[{"href":"https:\/\/www.ottawahospital.on.ca\/fr\/wp-json\/wp\/v2\/types\/page"}],"author":[{"embeddable":true,"href":"https:\/\/www.ottawahospital.on.ca\/fr\/wp-json\/wp\/v2\/users\/25"}],"replies":[{"embeddable":true,"href":"https:\/\/www.ottawahospital.on.ca\/fr\/wp-json\/wp\/v2\/comments?post=10970"}],"version-history":[{"count":0,"href":"https:\/\/www.ottawahospital.on.ca\/fr\/wp-json\/wp\/v2\/pages\/10970\/revisions"}],"up":[{"embeddable":true,"href":"https:\/\/www.ottawahospital.on.ca\/fr\/wp-json\/wp\/v2\/pages\/10962"}],"wp:attachment":[{"href":"https:\/\/www.ottawahospital.on.ca\/fr\/wp-json\/wp\/v2\/media?parent=10970"}],"curies":[{"name":"wp","href":"https:\/\/api.w.org\/{rel}","templated":true}]}}