{"id":10962,"date":"2016-11-28T13:16:06","date_gmt":"2016-11-28T18:16:06","guid":{"rendered":"http:\/\/52.229.122.34\/fr\/?page_id=10962"},"modified":"2021-02-04T09:57:25","modified_gmt":"2021-02-04T14:57:25","slug":"neonatologie","status":"publish","type":"page","link":"https:\/\/www.ottawahospital.on.ca\/fr\/services-cliniques\/deptpgrmcs\/departements\/neonatologie\/","title":{"rendered":"N\u00e9onatologie"},"content":{"rendered":"<p>Bienvenue \u00e0 la Division de n\u00e9onatologie de L\u2019H\u00f4pital d\u2019Ottawa. Nous faisons partie de la Division de n\u00e9onatalogie de toute la ville d&rsquo;Ottawa, qui comprend des membres au CHEO et \u00e0 L\u2019H\u00f4pital d\u2019Ottawa.<\/p>\n<p>Notre Unit\u00e9 de soins intensifs n\u00e9onataux de 24 lits au Campus G\u00e9n\u00e9ral s\u2019occupe des nouveau-n\u00e9s tr\u00e8s pr\u00e9matur\u00e9s. La <a href=\"\/fr\/services-cliniques\/deptpgrmcs\/departements\/neonatologie\/pouponniere-de-soins-speciaux\/\">Pouponni\u00e8re de soins sp\u00e9ciaux<span style=\"display: none;\">Lien vers la page du Pouponni\u00e8re de soins sp\u00e9ciaux<\/span><\/a> de 17 lits au Campus Civic s\u2019occupe des nouveau-n\u00e9s moyennement pr\u00e9matur\u00e9s. Nous voyons plus de 1 300 nouveau-n\u00e9s chaque ann\u00e9e.<\/p>\n<p>Nous travaillons en \u00e9troite collaboration avec l&rsquo;<a title=\"https:\/\/www.cheo.on.ca\/fr\/nicufr?mid=\" href=\"https:\/\/www.cheo.on.ca\/fr\/clinics-services-programs\/neonatal-care.aspx\" target=\"_blank\" rel=\"noopener noreferrer\">Unit\u00e9 n\u00e9onatale de soins intensifs du CHEO<\/a> de niveau 3A. Elle fait partie int\u00e9grante de la Division de n\u00e9onatologie.<\/p>\n<p>Notre objectif est de fournir des soins de grande qualit\u00e9 aux nouveau-n\u00e9s pr\u00e9matur\u00e9s et aux nouveau-n\u00e9s \u00e0 terme qui pr\u00e9sentent des complications m\u00e9dicales. Pour ce faire, nous travaillons en \u00e9quipes multidisciplinaires. Ces \u00e9quipes comprennent des di\u00e9t\u00e9tistes, des pharmaciens, des th\u00e9rapeutes respiratoires, des p\u00e9diatres et des travailleuses sociales, en plus, bien s\u00fbr, des m\u00e9decins et des infirmi\u00e8res.<\/p>\n<p>Nous collaborons aussi \u00e9troitement avec les obst\u00e9triciens et les sp\u00e9cialistes en m\u00e9decine materno-f\u0153tale pour coordonner les soins aux femmes enceintes et \u00e0 leur f\u0153tus.<\/p>\n<h2>Objectifs<\/h2>\n<ul>\n<li>Promouvoir l\u2019excellence des soins aux nouveau-n\u00e9s tr\u00e8s pr\u00e9matur\u00e9s et moyennement pr\u00e9matur\u00e9s.<\/li>\n<li>Promouvoir l\u2019excellence des soins aux nouveau-n\u00e9s \u00e0 terme qui pr\u00e9sentent des complications m\u00e9dicales.<\/li>\n<li>Renforcer le programme de formation en m\u00e9decine n\u00e9onatale et p\u00e9rinatale.<\/li>\n<li>Favoriser le maintien d\u2019un milieu sain pour l\u2019enseignement et la recherche clinique dans les unit\u00e9s.<\/li>\n<li>Donner des soins s\u00e9curitaires et de grande qualit\u00e9 aux nouveau-n\u00e9s malades \u00e0 Ottawa et dans les environs.<\/li>\n<\/ul>\n","protected":false},"excerpt":{"rendered":"<p>Bienvenue \u00e0 la Division de n\u00e9onatologie de L\u2019H\u00f4pital d\u2019Ottawa. Nous faisons partie de la Division de n\u00e9onatalogie de toute la ville d&rsquo;Ottawa, qui comprend des membres au CHEO et \u00e0 L\u2019H\u00f4pital d\u2019Ottawa. Notre Unit\u00e9 de soins intensifs n\u00e9onataux de 24 lits au Campus G\u00e9n\u00e9ral s\u2019occupe des nouveau-n\u00e9s tr\u00e8s pr\u00e9matur\u00e9s. La Pouponni\u00e8re de soins sp\u00e9ciauxLien vers [&hellip;]<\/p>\n","protected":false},"author":25,"featured_media":0,"parent":7868,"menu_order":13,"comment_status":"closed","ping_status":"closed","template":"","meta":{"_acf_changed":false,"_mc_calendar":[],"footnotes":""},"class_list":["post-10962","page","type-page","status-publish","hentry"],"acf":[],"wps_subtitle":"","_links":{"self":[{"href":"https:\/\/www.ottawahospital.on.ca\/fr\/wp-json\/wp\/v2\/pages\/10962","targetHints":{"allow":["GET"]}}],"collection":[{"href":"https:\/\/www.ottawahospital.on.ca\/fr\/wp-json\/wp\/v2\/pages"}],"about":[{"href":"https:\/\/www.ottawahospital.on.ca\/fr\/wp-json\/wp\/v2\/types\/page"}],"author":[{"embeddable":true,"href":"https:\/\/www.ottawahospital.on.ca\/fr\/wp-json\/wp\/v2\/users\/25"}],"replies":[{"embeddable":true,"href":"https:\/\/www.ottawahospital.on.ca\/fr\/wp-json\/wp\/v2\/comments?post=10962"}],"version-history":[{"count":0,"href":"https:\/\/www.ottawahospital.on.ca\/fr\/wp-json\/wp\/v2\/pages\/10962\/revisions"}],"up":[{"embeddable":true,"href":"https:\/\/www.ottawahospital.on.ca\/fr\/wp-json\/wp\/v2\/pages\/7868"}],"wp:attachment":[{"href":"https:\/\/www.ottawahospital.on.ca\/fr\/wp-json\/wp\/v2\/media?parent=10962"}],"curies":[{"name":"wp","href":"https:\/\/api.w.org\/{rel}","templated":true}]}}