{"id":10945,"date":"2016-11-28T13:07:03","date_gmt":"2016-11-28T18:07:03","guid":{"rendered":"http:\/\/52.229.122.34\/fr\/?page_id=10945"},"modified":"2021-06-28T15:44:57","modified_gmt":"2021-06-28T19:44:57","slug":"nous-joindre","status":"publish","type":"page","link":"https:\/\/www.ottawahospital.on.ca\/fr\/services-cliniques\/deptpgrmcs\/departements\/sante-mentale\/nous-joindre\/","title":{"rendered":"Nous joindre"},"content":{"rendered":"<p>Si vous avez des questions sur nos programmes et nos services, composez le 613-798-5555 et demandez \u00e0 la t\u00e9l\u00e9phoniste le num\u00e9ro du responsable du programme ou du service en questions.<\/p>\n<table class=\"text-center table\">\n<tbody>\n<tr>\n<th style=\"background-color: #295d90; color: #fff; text-align: center;\" width=\"307\"><strong>Secteur<\/strong><\/th>\n<th style=\"background-color: #295d90; color: #fff; text-align: center;\" width=\"307\"><strong>Questions G\u00e9n\u00e9rales<\/strong><\/th>\n<th style=\"background-color: #295d90; color: #fff; text-align: center;\" width=\"307\"><strong>Adresse<\/strong><\/th>\n<th style=\"background-color: #295d90; color: #fff; text-align: center;\" width=\"307\"><strong>Demande de Consultation<\/strong><\/th>\n<\/tr>\n<tr>\n<td width=\"307\"><a href=\"\/fr\/services-cliniques\/deptpgrmcs\/departements\/sante-mentale\/nos-services\/on-avance-programme-dintervention-au-premier-episode-de-psychose\/\">\u00ab On avance \u00bb: Programme r\u00e9gional d\u2019intervention au premier \u00e9pisode de psychose du district Champlain \u2013 bas\u00e9 dans la collectivit\u00e9<\/a><\/td>\n<td width=\"307\">613-737-8069<\/td>\n<td width=\"307\">1355, rue Bank, bureau 208<\/td>\n<td width=\"307\">Toute personne peut demander \u00e0 participer au programme<\/td>\n<\/tr>\n<tr>\n<td width=\"307\"><a href=\"\/fr\/services-cliniques\/deptpgrmcs\/departements\/sante-mentale\/nos-services\/troubles-de-lalimentation\/\">Centre r\u00e9gional de traitement des troubles de l\u2019alimentation dans la collectivit\u00e9<\/a><\/td>\n<td width=\"307\">613-737-8010<\/td>\n<td width=\"307\">Campus G\u00e9n\u00e9ral, 4e \u00e9tage, 501, chemin Smyth<\/td>\n<td width=\"307\">Une recommandation m\u00e9dicale est requise<\/td>\n<\/tr>\n<tr>\n<td width=\"307\"><a href=\"https:\/\/www.ottawahospital.on.ca\/fr\/services-cliniques\/deptpgrmcs\/departements\/sante-mentale\/nos-services\/programme-de-soins-partages-en-sante-mentale\/\">Programme de soins partag\u00e9s en sant\u00e9 mentale \u2013 Bas\u00e9 dans la collectivit\u00e9<\/a><\/td>\n<td width=\"307\">613-798-5555 poste 19112<\/td>\n<td width=\"307\">Campus Civique, 1053 avenue Carling<\/td>\n<td width=\"307\">Une recommandation m\u00e9decin de famille ou de l\u2019infirmi\u00e8re praticienne ou d&rsquo;un personnel param\u00e9dical est requise<\/td>\n<\/tr>\n<\/tbody>\n<\/table>\n<p><\/p>\n","protected":false},"excerpt":{"rendered":"<p>Si vous avez des questions sur nos programmes et nos services, composez le 613-798-5555 et demandez \u00e0 la t\u00e9l\u00e9phoniste le num\u00e9ro du responsable du programme ou du service en questions. Secteur Questions G\u00e9n\u00e9rales Adresse Demande de Consultation \u00ab On avance \u00bb: Programme r\u00e9gional d\u2019intervention au premier \u00e9pisode de psychose du district Champlain \u2013 bas\u00e9 dans [&hellip;]<\/p>\n","protected":false},"author":25,"featured_media":0,"parent":10886,"menu_order":5,"comment_status":"closed","ping_status":"closed","template":"","meta":{"_acf_changed":false,"_mc_calendar":[],"footnotes":""},"class_list":["post-10945","page","type-page","status-publish","hentry"],"acf":[],"wps_subtitle":"","_links":{"self":[{"href":"https:\/\/www.ottawahospital.on.ca\/fr\/wp-json\/wp\/v2\/pages\/10945","targetHints":{"allow":["GET"]}}],"collection":[{"href":"https:\/\/www.ottawahospital.on.ca\/fr\/wp-json\/wp\/v2\/pages"}],"about":[{"href":"https:\/\/www.ottawahospital.on.ca\/fr\/wp-json\/wp\/v2\/types\/page"}],"author":[{"embeddable":true,"href":"https:\/\/www.ottawahospital.on.ca\/fr\/wp-json\/wp\/v2\/users\/25"}],"replies":[{"embeddable":true,"href":"https:\/\/www.ottawahospital.on.ca\/fr\/wp-json\/wp\/v2\/comments?post=10945"}],"version-history":[{"count":0,"href":"https:\/\/www.ottawahospital.on.ca\/fr\/wp-json\/wp\/v2\/pages\/10945\/revisions"}],"up":[{"embeddable":true,"href":"https:\/\/www.ottawahospital.on.ca\/fr\/wp-json\/wp\/v2\/pages\/10886"}],"wp:attachment":[{"href":"https:\/\/www.ottawahospital.on.ca\/fr\/wp-json\/wp\/v2\/media?parent=10945"}],"curies":[{"name":"wp","href":"https:\/\/api.w.org\/{rel}","templated":true}]}}