{"id":10918,"date":"2016-11-28T12:52:55","date_gmt":"2016-11-28T17:52:55","guid":{"rendered":"http:\/\/52.229.122.34\/fr\/?page_id=10918"},"modified":"2025-07-24T14:14:40","modified_gmt":"2025-07-24T18:14:40","slug":"nos-services","status":"publish","type":"page","link":"https:\/\/www.ottawahospital.on.ca\/fr\/services-cliniques\/deptpgrmcs\/departements\/sante-mentale\/nos-services\/","title":{"rendered":"Nos services"},"content":{"rendered":"<p class=\"intro-text1\">Nous fournissons divers services hospitaliers aux campus Civic et G\u00e9n\u00e9ral et un certain nombre de services communautaires hautement sp\u00e9cialis\u00e9s.<\/p>\n<div class=\"emer-alert-inner supernora\" style=\"margin-top: 0; margin-bottom: 5%;\">\n<p class=\"emer-alert-text\"><i class=\"fa fa-exclamation-circle fa-lg\"><\/i> <strong>Veuillez noter que le programme all\u00e9g\u00e9 de th\u00e9rapie comportementale dialectique est d\u00e9sormais ferm\u00e9 et n&rsquo;accepte plus de demandes de services.<\/strong><\/p>\n<\/div>\n<div class=\"toh-row-content\">\n<div class=\"col-sm-6 col-md-4 mb-4\">\n<div class=\"toh-card h-100\">\n<div class=\"toh-card-inner\">\n<div class=\"toh-card-body\">\n<h5 class=\"toh-card-title\"><a href=\"https:\/\/www.ottawahospital.on.ca\/fr\/services-cliniques\/deptpgrmcs\/departements\/sante-mentale\/nos-services\/programme-dordonnance-de-traitement-en-milieu-communautaire\/\" target=\"_blank\" rel=\"noopener\">Programme d\u2019ordonnance de traitement en milieu Communautaire<\/a><\/h5>\n<div class=\"toh-card-text\">\n<p>L\u2019H\u00f4pital d\u2019Ottawa coordonne le d\u00e9veloppement et le fonctionnement du Programme d\u2019ordonnance de traitement en milieu communautaire avec l\u2019un des trois coordonnateurs de la r\u00e9gion.<\/p>\n<\/div>\n<\/div>\n<\/div>\n<\/div>\n<\/div>\n<div class=\"col-sm-6 col-md-4 mb-4\">\n<div class=\"toh-card h-100\">\n<div class=\"toh-card-inner\">\n<div class=\"toh-card-body\">\n<h5 class=\"toh-card-title\"><a href=\"https:\/\/www.ottawahospital.on.ca\/fr\/services-cliniques\/deptpgrmcs\/departements\/sante-mentale\/nos-services\/service-de-consultation-ou-de-formation\/\" target=\"_blank\" rel=\"noopener\">Service de consultation ou de formation<\/a><\/h5>\n<div class=\"toh-card-text\">\n<p>Le programme offre un service de consultation aux unit\u00e9s m\u00e9dicales et chirurgicales de l\u2019H\u00f4pital, \u00e0 l\u2019Institut de cardiologie et au Centre de sant\u00e9 pour les femmes.<\/p>\n<\/div>\n<\/div>\n<\/div>\n<\/div>\n<\/div>\n<div class=\"col-sm-6 col-md-4 mb-4\">\n<div class=\"toh-card h-100\">\n<div class=\"toh-card-inner\">\n<div class=\"toh-card-body\">\n<h5 class=\"toh-card-title\"><a href=\"https:\/\/www.ottawahospital.on.ca\/fr\/services-cliniques\/deptpgrmcs\/departements\/sante-mentale\/nos-services\/programme-dhospitalisation-partielle-pour-soins-de-courte-duree-durgence\/\" target=\"_blank\" rel=\"noopener\">Programme d\u2019hospitalisation partielle pour soins de courte dur\u00e9e d\u2019urgence<\/a><\/h5>\n<div class=\"toh-card-text\">\n<p>L\u2019objectif du Programme est d\u2019offrir un traitement intensif aux personnes qui ont une maladie mentale mod\u00e9r\u00e9e \u00e0 grave pour les aider \u00e0 redevenir autonomes.<\/p>\n<\/div>\n<\/div>\n<\/div>\n<\/div>\n<\/div>\n<div class=\"col-sm-6 col-md-4 mb-4\">\n<div class=\"toh-card h-100\">\n<div class=\"toh-card-inner\">\n<div class=\"toh-card-body\">\n<h5 class=\"toh-card-title\"><a href=\"https:\/\/www.ottawahospital.on.ca\/fr\/services-cliniques\/deptpgrmcs\/departements\/sante-mentale\/nos-services\/la-therapie-comportementale-dialectique\/\" target=\"_blank\" rel=\"noopener\">La th\u00e9rapie comportementale dialectique<\/a><\/h5>\n<div class=\"toh-card-text\">\n<p>Le programme dure 21 semaines et est offert en groupe aux personnes qui ont le trouble de la personnalit\u00e9 limite.<\/p>\n<\/div>\n<\/div>\n<\/div>\n<\/div>\n<\/div>\n<div class=\"col-sm-6 col-md-4 mb-4\">\n<div class=\"toh-card h-100\">\n<div class=\"toh-card-inner\">\n<div class=\"toh-card-body\">\n<h5 class=\"toh-card-title\"><a href=\"https:\/\/www.ottawahospital.on.ca\/fr\/services-cliniques\/deptpgrmcs\/programmes\/centre-regional-de-traitement-des-troubles-de-lalimentation\/\" target=\"_blank\" rel=\"noopener\">Programme de traitement des troubles de l\u2019alimentation<\/a><\/h5>\n<div class=\"toh-card-text\">\n<p>Le Programme des troubles de l\u2019alimentation r\u00e9pond aux besoins des adultes d\u2019Ottawa-Carleton et de l\u2019Est ontarien qui ont des troubles de l\u2019alimentation graves.<\/p>\n<\/div>\n<\/div>\n<\/div>\n<\/div>\n<\/div>\n<div class=\"col-sm-6 col-md-4 mb-4\">\n<div class=\"toh-card h-100\">\n<div class=\"toh-card-inner\">\n<div class=\"toh-card-body\">\n<h5 class=\"toh-card-title\"><a href=\"https:\/\/www.ottawahospital.on.ca\/fr\/services-cliniques\/deptpgrmcs\/departements\/sante-mentale\/nos-services\/unites-de-soins\/\" target=\"_blank\" rel=\"noopener\">Unit\u00e9s de soins<\/a><\/h5>\n<div class=\"toh-card-text\">\n<p>La grande majorit\u00e9 des patients proviennent du Service d\u2019urgence psychiatrique.<\/p>\n<\/div>\n<\/div>\n<\/div>\n<\/div>\n<\/div>\n<div class=\"col-sm-6 col-md-4 mb-4\">\n<div class=\"toh-card h-100\">\n<div class=\"toh-card-inner\">\n<div class=\"toh-card-body\">\n<h5 class=\"toh-card-title\"><a href=\"https:\/\/www.ottawahospital.on.ca\/fr\/services-cliniques\/deptpgrmcs\/departements\/sante-mentale\/nos-services\/equipe-mobile-de-crise\/\" target=\"_blank\" rel=\"noopener\">\u00c9quipe mobile de crise<\/a><\/h5>\n<div class=\"toh-card-text\">\n<p>L\u2019\u00c9quipe mobile de crise est organis\u00e9e pour faire une \u00e9valuation rapide de personnes en crise dans la collectivit\u00e9 et stabiliser leur \u00e9tat.<\/p>\n<\/div>\n<\/div>\n<\/div>\n<\/div>\n<\/div>\n<div class=\"col-sm-6 col-md-4 mb-4\">\n<div class=\"toh-card h-100\">\n<div class=\"toh-card-inner\">\n<div class=\"toh-card-body\">\n<h5 class=\"toh-card-title\"><a href=\"https:\/\/www.ottawahospital.on.ca\/fr\/services-cliniques\/deptpgrmcs\/departements\/sante-mentale\/nos-services\/on-avance-programme-dintervention-au-premier-episode-de-psychose\/\" target=\"_blank\" rel=\"noopener\">\u00ab On avance \u00bb : Programme d\u2019intervention au premier \u00e9pisode de psychose<\/a><\/h5>\n<div class=\"toh-card-text\">\n<p>\u00ab\u202fOn avance\u202f\u00bb est un programme de r\u00e9adaptation \u00e0 participation volontaire offrant des soins aux personnes de 16 \u00e0 35\u202fans qui ont des sympt\u00f4mes de psychose.<\/p>\n<\/div>\n<\/div>\n<\/div>\n<\/div>\n<\/div>\n<div class=\"col-sm-6 col-md-4 mb-4\">\n<div class=\"toh-card h-100\">\n<div class=\"toh-card-inner\">\n<div class=\"toh-card-body\">\n<h5 class=\"toh-card-title\"><a href=\"https:\/\/www.ottawahospital.on.ca\/fr\/services-cliniques\/deptpgrmcs\/departements\/sante-mentale\/nos-services\/services-aux-patients-externes-et-clinique-de-consultation-durgence\/\" target=\"_blank\" rel=\"noopener\">Services aux patients externes et Clinique de consultation d\u2019urgence<\/a><\/h5>\n<div class=\"toh-card-text\">\n<p>L\u2019objectif de ces services est de faire le suivi des patients apr\u00e8s leur d\u00e9part de l\u2019h\u00f4pital au besoin.<\/p>\n<\/div>\n<\/div>\n<\/div>\n<\/div>\n<\/div>\n<div class=\"col-sm-6 col-md-4 mb-4\">\n<div class=\"toh-card h-100\">\n<div class=\"toh-card-inner\">\n<div class=\"toh-card-body\">\n<h5 class=\"toh-card-title\"><a href=\"https:\/\/www.ottawahospital.on.ca\/fr\/services-cliniques\/deptpgrmcs\/departements\/sante-mentale\/nos-services\/service-durgence-psychiatrique\/\" target=\"_blank\" rel=\"noopener\">Service d\u2019urgence psychiatrique<\/a><\/h5>\n<div class=\"toh-card-text\">\n<p>Le Service d\u2019urgence psychiatrique permet d\u2019\u00e9valuer les personnes qui semblent avoir des probl\u00e8mes psychiatriques et sont en crise.<\/p>\n<\/div>\n<\/div>\n<\/div>\n<\/div>\n<\/div>\n<div class=\"col-sm-6 col-md-4 mb-4\">\n<div class=\"toh-card h-100\">\n<div class=\"toh-card-inner\">\n<div class=\"toh-card-body\">\n<h5 class=\"toh-card-title\"><a href=\"https:\/\/www.ottawahospital.on.ca\/fr\/services-cliniques\/deptpgrmcs\/departements\/sante-mentale\/nos-services\/programme-de-soins-partages-en-sante-mentale\/\" target=\"_blank\" rel=\"noopener\">Programme de soins partag\u00e9s en sant\u00e9 mentale<\/a><\/h5>\n<div class=\"toh-card-text\">\n<p>Le Programme dispose de deux \u00e9quipes de sant\u00e9 familiale r\u00e9parties dans quatre \u00e9tablissements pour offrir des services de consultation et des services directs aux patients des \u00e9quipes.<\/p>\n<\/div>\n<\/div>\n<\/div>\n<\/div>\n<\/div>\n<div class=\"col-sm-6 col-md-4 mb-4\">\n<div class=\"toh-card h-100\">\n<div class=\"toh-card-inner\">\n<div class=\"toh-card-body\">\n<h5 class=\"toh-card-title\"><a href=\"https:\/\/www.ottawahospital.on.ca\/fr\/services-cliniques\/deptpgrmcs\/departements\/sante-mentale\/nos-services\/programme-de-sante-mentale-perinatale\/\" target=\"_blank\" rel=\"noopener\">Programme de sant\u00e9 mentale p\u00e9rinatale<\/a><\/h5>\n<div class=\"toh-card-text\">\n<p>Le Programme de sant\u00e9 mentale p\u00e9rinatale de L\u2019H\u00f4pital d\u2019Ottawa offre un soutien psychiatrique sp\u00e9cialis\u00e9 aux personnes qui planifient une grossesse, qui sont enceintes ou qui ont accouch\u00e9 au cours de la derni\u00e8re ann\u00e9e, et qui ont des probl\u00e8mes de sant\u00e9 mentale confirm\u00e9s ou pr\u00e9sum\u00e9s.<\/p>\n<\/div>\n<\/div>\n<\/div>\n<\/div>\n<\/div>\n<div class=\"col-sm-6 col-md-4 mb-4\">\n<div class=\"toh-card h-100\">\n<div class=\"toh-card-inner\">\n<div class=\"toh-card-body\">\n<h5 class=\"toh-card-title\"><a href=\"https:\/\/www.ottawahospital.on.ca\/fr\/services-cliniques\/deptpgrmcs\/departements\/sante-mentale\/nos-services\/equipe-dintervention-en-matiere-de-bien-etre-mental\/\" target=\"_blank\" rel=\"noopener\">\u00c9quipe d&rsquo;Intervention en Mati\u00e8re de Bien-\u00eatre Mental<\/a><\/h5>\n<div class=\"toh-card-text\">\n<p>L&rsquo;\u00e9quipe d&rsquo;intervention en mati\u00e8re de sant\u00e9 mentale r\u00e9pond aux appels 9-1-1 non violents et non criminels \u00e0 Ottawa lorsque les probl\u00e8mes de sant\u00e9 mentale et la consommation de substances contribuent et\/ou compliquent les facteurs.<\/p>\n<\/div>\n<\/div>\n<\/div>\n<\/div>\n<\/div>\n<\/div>\n\n\n<p><\/p>\n","protected":false},"excerpt":{"rendered":"<p>Nous fournissons divers services hospitaliers aux campus Civic et G\u00e9n\u00e9ral et un certain nombre de services communautaires hautement sp\u00e9cialis\u00e9s. Veuillez noter que le programme all\u00e9g\u00e9 de th\u00e9rapie comportementale dialectique est d\u00e9sormais ferm\u00e9 et n&rsquo;accepte plus de demandes de services. Programme d\u2019ordonnance de traitement en milieu Communautaire L\u2019H\u00f4pital d\u2019Ottawa coordonne le d\u00e9veloppement et le fonctionnement du [&hellip;]<\/p>\n","protected":false},"author":25,"featured_media":0,"parent":10886,"menu_order":3,"comment_status":"closed","ping_status":"closed","template":"","meta":{"_acf_changed":false,"_mc_calendar":[],"footnotes":""},"class_list":["post-10918","page","type-page","status-publish","hentry"],"acf":[],"wps_subtitle":"","_links":{"self":[{"href":"https:\/\/www.ottawahospital.on.ca\/fr\/wp-json\/wp\/v2\/pages\/10918","targetHints":{"allow":["GET"]}}],"collection":[{"href":"https:\/\/www.ottawahospital.on.ca\/fr\/wp-json\/wp\/v2\/pages"}],"about":[{"href":"https:\/\/www.ottawahospital.on.ca\/fr\/wp-json\/wp\/v2\/types\/page"}],"author":[{"embeddable":true,"href":"https:\/\/www.ottawahospital.on.ca\/fr\/wp-json\/wp\/v2\/users\/25"}],"replies":[{"embeddable":true,"href":"https:\/\/www.ottawahospital.on.ca\/fr\/wp-json\/wp\/v2\/comments?post=10918"}],"version-history":[{"count":0,"href":"https:\/\/www.ottawahospital.on.ca\/fr\/wp-json\/wp\/v2\/pages\/10918\/revisions"}],"up":[{"embeddable":true,"href":"https:\/\/www.ottawahospital.on.ca\/fr\/wp-json\/wp\/v2\/pages\/10886"}],"wp:attachment":[{"href":"https:\/\/www.ottawahospital.on.ca\/fr\/wp-json\/wp\/v2\/media?parent=10918"}],"curies":[{"name":"wp","href":"https:\/\/api.w.org\/{rel}","templated":true}]}}