{"id":10905,"date":"2016-11-28T13:08:04","date_gmt":"2016-11-28T18:08:04","guid":{"rendered":"http:\/\/52.229.122.34\/fr\/?page_id=10905"},"modified":"2022-11-21T09:10:21","modified_gmt":"2022-11-21T14:10:21","slug":"centre-de-sante-du-sein-rose-ages","status":"publish","type":"page","link":"https:\/\/www.ottawahospital.on.ca\/fr\/services-cliniques\/deptpgrmcs\/programmes\/programme-de-cancerologie\/nos-programmes-et-cliniques\/centre-de-sante-du-sein-rose-ages\/","title":{"rendered":"Le Centre de sant\u00e9 du sein Rose Ages"},"content":{"rendered":"<p><img decoding=\"async\" class=\"alignnone size-full wp-image-39350\" src=\"\/wp-content\/uploads\/2021\/01\/Landing_banner_the_rose-ages-1.jpg\" alt=\"The Rose Ages Breast Health Centre Staff\" width=\"740\" height=\"330\" \/><\/p>\n<h2>Aper\u00e7u<\/h2>\n<p>Le Centre de sant\u00e9 du sein de L\u2019H\u00f4pital d\u2019Ottawa\u00a0a pour mission de fournir aux patientes des services diagnostiques et d\u2019imagerie du sein de la meilleure qualit\u00e9 qui soit. Le Centre offre des services complets et une expertise en imagerie du sein, en diagnostic des anomalies, en \u00e9valuation des risques, en planification chirurgicale et en soutien psychosocial dans un milieu empreint de compassion.<\/p>\n<p>Dans le cadre de son programme r\u00e9gional, le Centre s\u2019est engag\u00e9 \u00e0 offrir d\u2019excellents services et coordonne des examens diagnostiques selon vos besoins.<\/p>\n<h2>Notre \u00e9quipe<\/h2>\n<p>L\u2019\u00e9quipe interprofessionnelle du Centre comprend des radiologistes, des technologistes en imagerie du sein, des chirurgiens, des infirmi\u00e8res, des oncologues m\u00e9dicaux, des m\u00e9decins de famille, des travailleuses sociales et du personnel de bureau<\/p>\n<h2>Nos leaders<\/h2>\n<div class=\"clearblock\"><\/div>\n<div class=\"toh-tc-row\">\n<div class=\"col-lg-4 col-md-4 col-sm-6 col-xs-12 mb-4\">\n<div class=\"toh-tc h-100\">\n<div class=\"toh-tc-body text-center\">\n<p><img decoding=\"async\" src=\"\/wp-content\/uploads\/2021\/01\/Erin-Cordeiro.jpg\" alt=\"Erin Cordeiro\" \/><\/p>\n<h4 class=\"toh-tc-title\">D<sup>re<\/sup> Erin Cordeiro<\/h4>\n<p class=\"toh-tc-text\">directeur medical<\/p>\n<\/div>\n<\/div>\n<\/div>\n<div class=\"col-lg-4 col-md-4 col-sm-6 col-xs-12 mb-4\">\n<div class=\"toh-tc h-100\">\n<div class=\"toh-tc-body text-center\">\n<p><img decoding=\"async\" src=\"\/wp-content\/uploads\/2021\/01\/Jean-Seely.jpg\" alt=\"Jean Seely\" \/><\/p>\n<h4 class=\"toh-tc-title\">D<sup>re<\/sup> Jean Seely<\/h4>\n<p class=\"toh-tc-text\">chef, Imagerie du sein<\/p>\n<\/div>\n<\/div>\n<\/div>\n<div class=\"col-lg-4 col-md-4 col-sm-6 col-xs-12 mb-4\">\n<div class=\"toh-tc h-100\">\n<div class=\"toh-tc-body text-center\">\n<p><img decoding=\"async\" src=\"\/wp-content\/uploads\/2022\/11\/Tennille-Headshot-1.jpg\" alt=\"Tennille Lecours\" \/><\/p>\n<h4 class=\"toh-tc-title\">Tennille Lecours<\/h4>\n<p class=\"toh-tc-text\">Gestionnaire clinique<\/p>\n<\/div>\n<\/div>\n<\/div>\n<\/div>\n<h2>Nos services<\/h2>\n<ul>\n<li>Services d\u2019imagerie du sein (c.-\u00e0-d. mammographie num\u00e9rique, \u00e9chographie, examen d\u2019IRM du sein, biopsie au trocart)<\/li>\n<li>Coordination des examens diagnostiques des anomalies du sein et explication des traitements possibles<\/li>\n<li>Soutien psychosocial \u00e0 la patiente et \u00e0 sa famille (information, ressources, s\u00e9ances d\u2019information, soutien \u00e9motionnel)<\/li>\n<li>\u00c9valuation chirurgicale et planification et soins p\u00e9riop\u00e9ratoires<\/li>\n<\/ul>\n<p><a href=\"https:\/\/www.ottawahospital.on.ca\/fr\/documents\/2021\/04\/essai-de-depistage-par-imagerie-par-tomosynthese-mammaire.pdf\">Essai de d\u00e9pistage par imagerie par tomosynth\u00e8se mammaire (TMIST)<\/a><\/p>\n<h2>Rendez-vous<\/h2>\n<p>Vous devez obtenir une\u00a0<a href=\"https:\/\/www.ottawahospital.on.ca\/fr\/documents\/2017\/01\/cln114.pdf\">demande de consultation (en anglais)<\/a>\u00a0de votre m\u00e9decin pour avoir une consultation au Centre de sant\u00e9 du sein de la femme. Les demandes de consultation peuvent \u00eatre envoy\u00e9es par t\u00e9l\u00e9copieur : 613-761-4994.<\/p>\n<p>Votre m\u00e9decin peut faire lui-m\u00eame une demande d\u2019examens d\u2019imagerie du sein, incluant les mammographies, les \u00e9chographies et les biopsies du sein. Il doit remplir une\u00a0<a href=\"https:\/\/www.ottawahospital.on.ca\/fr\/documents\/2017\/01\/diagnosticimagingrequisitionbilingual2014.pdf\">demande d\u2019imagerie m\u00e9dicale (en anglais)<\/a>\u00a0et l\u2019envoyer au bureau des rendez-vous en imagerie du sein par t\u00e9l\u00e9copieur au 613-761-4405.<\/p>\n<p>Pour nous joindre au bureau des rendez-vous, composez le 613-761-4831, option 5.<\/p>\n<h2>Formulaires<\/h2>\n<ul>\n<li><a href=\"https:\/\/www.ottawahospital.on.ca\/fr\/documents\/2017\/01\/diagnosticimagingrequisitionbilingual2014.pdf\">Demande d\u2019imagerie m\u00e9dicale<\/a><\/li>\n<li><a href=\"https:\/\/www.ottawahospital.on.ca\/wp-content\/uploads\/2020\/06\/Cancer-Program-Referral-Form-2019.pdf\">Demande de consultation au Centre de sein de L\u2019H\u00f4pital d\u2019Ottawa (en anglais)<\/a><\/li>\n<li><a href=\"https:\/\/www.ottawahospital.on.ca\/wp-content\/uploads\/2020\/06\/Cancer-Program-Referral-Guide-2019.pdf\">Guide des m\u00e9decins pour la recommandation des patientes au Centre (en anglais)<\/a><\/li>\n<\/ul>\n<div class=\"card\">\n<h2 class=\"card-header h2-mock\">Nous joindre<\/h2>\n<div class=\"card-body\">\n<p>Campus G\u00e9n\u00e9ral de L\u2019H\u00f4pital d\u2019Ottawa<br \/>\n501 Smyth Rd., 4th floor of the Cancer Centre (Minto Pavilion)<\/p>\n<hr \/>\n<p><strong>Heures :<\/strong> Du lundi au vendredi, de 8 h \u00e0 16 h<\/p>\n<hr \/>\n<p>T\u00e9l.: (613) 761-4400<br \/>\nBureau des rendez-vous : 613-761-4831, option 5<br \/>\nT\u00e9l\u00e9copie : 613-761-4405<\/p>\n<hr \/>\n<p><a href=\"https:\/\/www.ottawahospital.on.ca\/en\/documents\/2019\/03\/bhc-location-map.pdf\/\" target=\"_blank\" rel=\"noopener\">Plan du campus (en anglais)<\/a><\/p>\n<\/div>\n<\/div>\n","protected":false},"excerpt":{"rendered":"<p>Aper\u00e7u Le Centre de sant\u00e9 du sein de L\u2019H\u00f4pital d\u2019Ottawa\u00a0a pour mission de fournir aux patientes des services diagnostiques et d\u2019imagerie du sein de la meilleure qualit\u00e9 qui soit. Le Centre offre des services complets et une expertise en imagerie du sein, en diagnostic des anomalies, en \u00e9valuation des risques, en planification chirurgicale et en [&hellip;]<\/p>\n","protected":false},"author":25,"featured_media":0,"parent":8984,"menu_order":4,"comment_status":"closed","ping_status":"closed","template":"","meta":{"_acf_changed":false,"_mc_calendar":[],"footnotes":""},"class_list":["post-10905","page","type-page","status-publish","hentry"],"acf":[],"wps_subtitle":"","_links":{"self":[{"href":"https:\/\/www.ottawahospital.on.ca\/fr\/wp-json\/wp\/v2\/pages\/10905","targetHints":{"allow":["GET"]}}],"collection":[{"href":"https:\/\/www.ottawahospital.on.ca\/fr\/wp-json\/wp\/v2\/pages"}],"about":[{"href":"https:\/\/www.ottawahospital.on.ca\/fr\/wp-json\/wp\/v2\/types\/page"}],"author":[{"embeddable":true,"href":"https:\/\/www.ottawahospital.on.ca\/fr\/wp-json\/wp\/v2\/users\/25"}],"replies":[{"embeddable":true,"href":"https:\/\/www.ottawahospital.on.ca\/fr\/wp-json\/wp\/v2\/comments?post=10905"}],"version-history":[{"count":0,"href":"https:\/\/www.ottawahospital.on.ca\/fr\/wp-json\/wp\/v2\/pages\/10905\/revisions"}],"up":[{"embeddable":true,"href":"https:\/\/www.ottawahospital.on.ca\/fr\/wp-json\/wp\/v2\/pages\/8984"}],"wp:attachment":[{"href":"https:\/\/www.ottawahospital.on.ca\/fr\/wp-json\/wp\/v2\/media?parent=10905"}],"curies":[{"name":"wp","href":"https:\/\/api.w.org\/{rel}","templated":true}]}}