{"id":10899,"date":"2016-11-28T12:44:54","date_gmt":"2016-11-28T17:44:54","guid":{"rendered":"http:\/\/52.229.122.34\/fr\/?page_id=10899"},"modified":"2024-02-06T17:14:33","modified_gmt":"2024-02-06T22:14:33","slug":"notre-equipe","status":"publish","type":"page","link":"https:\/\/www.ottawahospital.on.ca\/fr\/services-cliniques\/deptpgrmcs\/departements\/sante-mentale\/notre-equipe\/","title":{"rendered":"Notre \u00e9quipe"},"content":{"rendered":"<p><strong>D<sup>r<\/sup> Jess Gerard Fiedorowicz<\/strong> \u2013 Chef et directeur du D\u00e9partement de sant\u00e9 mentale<\/p>\n<p><strong>D<sup>r<\/sup> Mark Kaluzienski <\/strong>\u2013 Chef adjoint et directeur m\u00e9dical de sant\u00e9 mentale<\/p>\n<p><strong>Mackenzie Eaton <\/strong>\u2013 Directeur clinique par int\u00e9rim de la sant\u00e9 mentale<\/p>\n<h2>Gestionnaires cliniques<\/h2>\n<p><strong>Kiley Lacelle<\/strong> \u2013 Services d&rsquo;hospitalisation provisoires \/ Service d\u2019urgence psychiatrique (Campus G\u00e9n\u00e9ral)<\/p>\n<p><strong>Laura Arnason<\/strong> \u2013 Services aux patients hospitalis\u00e9s \/ Service d\u2019urgence psychiatrique (Campus Civic)<\/p>\n<p><strong>Tracy Meeker<\/strong> \u2013 Programme de soins partag\u00e9s en sant\u00e9 mentale<\/p>\n<p><strong>Crystal Morris<\/strong> \u2013 Hospitalisation partielle pour soins de courte dur\u00e9e \/ coordonnatrice des ordonnances de traitement en milieu communautaire \/ Services de sant\u00e9 mentale pour patients externes \/ Centre r\u00e9gional de traitement des troubles de l\u2019alimentation<\/p>\n<p><strong>Todd Marriner<\/strong> \u2013 Lits de crise dans la collectivit\u00e9 \/ programme \u00ab On avance \u00bb : Programme r\u00e9gional d\u2019intervention au premier \u00e9pisode de psychose du district Champlain \/ \u00c9quipe mobile de crise<\/p>\n<h2>Directeurs m\u00e9dicaux<\/h2>\n<p><strong>D<sup>r<\/sup> Marco Solmi<\/strong> \u2013 Programme des troubles de l\u2019alimentation<\/p>\n<p><strong>D<sup>r<\/sup> Marco Solmi<\/strong> \u2013 Programme d\u2019intervention au premier \u00e9pisode de psychose \u00ab On avance \u00bb<\/p>\n<p><strong>D<sup>re<\/sup> Elizabeth Druss<\/strong>\u00a0\u2013 Services externes de psychiatrie<\/p>\n<p><strong>D<sup>re<\/sup> Jasmine Gandhi<\/strong>\u00a0\u2013 Programme de sant\u00e9 mentale p\u00e9rinatale<\/p>\n<p><strong>D<sup>r <\/sup>Doug Green<\/strong>\u00a0\u2013 Soins partag\u00e9s<\/p>\n<p><strong>D<sup>r <\/sup>Mark Kaluzienski<\/strong>\u00a0\u2013 Service d\u2019urgence psychiatrique (Campus Civic et G\u00e9n\u00e9ral)<\/p>\n<p><strong>D<sup>r <\/sup>Gary Kay<\/strong>\u00a0\u2013 Unit\u00e9 de soins en psychiatrie (Campus Civic)<\/p>\n<p><strong>D<sup>r <\/sup>David McBride<\/strong>\u00a0\u2013 H\u00f4pital de jour<\/p>\n<p><strong>D<sup>re <\/sup>Lyndal Petit<\/strong>\u00a0\u2013 Consultation-liaison en psychiatrie (Campus G\u00e9n\u00e9ral)<\/p>\n<p><strong>D<sup>r<\/sup> Eric Mikhail<\/strong> \u2013 \u00c9lectroconvulsivoth\u00e9rapie<\/p>\n<p><strong>D<sup>re<\/sup> Sarah Russell <\/strong>&#8211; G\u00e9rontopsychiatrie<\/p>\n<p><strong>D<sup>r <\/sup>Andrew Smith<\/strong>\u00a0\u2013 Unit\u00e9 de soins en psychiatrie (Campus G\u00e9n\u00e9ral)<\/p>\n<p><strong>D<sup>r <\/sup>Doug Wilkins<\/strong>\u00a0\u2013 Consultation-liaison en psychiatrie (Campus Civic)<\/p>\n<p><strong>D<sup>re<\/sup> Si-Ann Woods<\/strong>\u00a0\u2013 \u00c9quipe mobile de crise et Lits de crise dans la collectivit\u00e9<\/p>\n<h2>Directeurs des \u00e9tudes m\u00e9dicales<\/h2>\n<p><strong>D<sup>re<\/sup> Emily Fernandes<\/strong> \u2013 directrice, \u00c9tudes m\u00e9dicales de premier cycle (Campus Civic)<\/p>\n<p><strong>D<sup>r<\/sup> Cong Thanh Nguyen<\/strong> \u2013 directrice, \u00c9tudes m\u00e9dicales de premier cycle (Campus G\u00e9n\u00e9ral)<\/p>\n<p><strong>D<sup>r<\/sup> Andrew Greene<\/strong>\u00a0 \u2013 directrice, Formation des r\u00e9sidents (Campus Civic)<\/p>\n<p><strong>D<sup>r<\/sup> Saumil Dholakia<\/strong> \u2013 directrice, Formation des r\u00e9sidents (Campus G\u00e9n\u00e9ral)<\/p>\n\n\n<p><\/p>\n","protected":false},"excerpt":{"rendered":"<p>Dr Jess Gerard Fiedorowicz \u2013 Chef et directeur du D\u00e9partement de sant\u00e9 mentale Dr Mark Kaluzienski \u2013 Chef adjoint et directeur m\u00e9dical de sant\u00e9 mentale Mackenzie Eaton \u2013 Directeur clinique par int\u00e9rim de la sant\u00e9 mentale Gestionnaires cliniques Kiley Lacelle \u2013 Services d&rsquo;hospitalisation provisoires \/ Service d\u2019urgence psychiatrique (Campus G\u00e9n\u00e9ral) Laura Arnason \u2013 Services aux [&hellip;]<\/p>\n","protected":false},"author":25,"featured_media":0,"parent":10886,"menu_order":2,"comment_status":"closed","ping_status":"closed","template":"","meta":{"_acf_changed":false,"_mc_calendar":[],"footnotes":""},"class_list":["post-10899","page","type-page","status-publish","hentry"],"acf":[],"wps_subtitle":"","_links":{"self":[{"href":"https:\/\/www.ottawahospital.on.ca\/fr\/wp-json\/wp\/v2\/pages\/10899","targetHints":{"allow":["GET"]}}],"collection":[{"href":"https:\/\/www.ottawahospital.on.ca\/fr\/wp-json\/wp\/v2\/pages"}],"about":[{"href":"https:\/\/www.ottawahospital.on.ca\/fr\/wp-json\/wp\/v2\/types\/page"}],"author":[{"embeddable":true,"href":"https:\/\/www.ottawahospital.on.ca\/fr\/wp-json\/wp\/v2\/users\/25"}],"replies":[{"embeddable":true,"href":"https:\/\/www.ottawahospital.on.ca\/fr\/wp-json\/wp\/v2\/comments?post=10899"}],"version-history":[{"count":0,"href":"https:\/\/www.ottawahospital.on.ca\/fr\/wp-json\/wp\/v2\/pages\/10899\/revisions"}],"up":[{"embeddable":true,"href":"https:\/\/www.ottawahospital.on.ca\/fr\/wp-json\/wp\/v2\/pages\/10886"}],"wp:attachment":[{"href":"https:\/\/www.ottawahospital.on.ca\/fr\/wp-json\/wp\/v2\/media?parent=10899"}],"curies":[{"name":"wp","href":"https:\/\/api.w.org\/{rel}","templated":true}]}}