{"id":10893,"date":"2016-11-28T12:43:40","date_gmt":"2016-11-28T17:43:40","guid":{"rendered":"http:\/\/52.229.122.34\/fr\/?page_id=10893"},"modified":"2016-11-28T12:43:40","modified_gmt":"2016-11-28T17:43:40","slug":"vue-densemble","status":"publish","type":"page","link":"https:\/\/www.ottawahospital.on.ca\/fr\/services-cliniques\/deptpgrmcs\/departements\/sante-mentale\/vue-densemble\/","title":{"rendered":"Vue d&rsquo;ensemble"},"content":{"rendered":"<p>Le principal objectif du Programme de sant\u00e9 mentale de l&rsquo;H\u00f4pital est d\u2019identifier et de traiter de fa\u00e7on pr\u00e9coce les maladies mentales graves. La plupart de nos services sont con\u00e7us pour prodiguer des soins de courte dur\u00e9e. Les patients trait\u00e9s \u00e0 L\u2019H\u00f4pital d&rsquo;Ottawa ont donc des probl\u00e8mes traitables sur une courte p\u00e9riode de temps. Si un patient a besoin d\u2019\u00eatre hospitalis\u00e9 pendant une longue p\u00e9riode, nous demandons au Centre de sant\u00e9 mentale Royal Ottawa de prendre la rel\u00e8ve. Les lits r\u00e9serv\u00e9s aux soins de sant\u00e9 mentale demeurent ainsi accessibles aux patients qui arrivent \u00e0 l\u2019urgence et doivent \u00eatre hospitalis\u00e9s.<\/p>\n<p>Chaque service du Programme de sant\u00e9 mentale est offert par une \u00e9quipe multidisciplinaire (infirmi\u00e8res, travailleuses sociales, ergoth\u00e9rapeutes, psychologues, th\u00e9rapeutes en loisirs, di\u00e9t\u00e9tiste et infirmi\u00e8res de pratique avanc\u00e9e. Il y a un gestionnaire clinique et du personnel de soutien dans tous les services. Certains services ont \u00e9galement un \u00e9valuateur. Nous avons aussi une coordonnatrice de l\u2019am\u00e9lioration de la qualit\u00e9 des soins en sant\u00e9 mentale.<\/p>\n","protected":false},"excerpt":{"rendered":"<p>Le principal objectif du Programme de sant\u00e9 mentale de l&rsquo;H\u00f4pital est d\u2019identifier et de traiter de fa\u00e7on pr\u00e9coce les maladies mentales graves. La plupart de nos services sont con\u00e7us pour prodiguer des soins de courte dur\u00e9e. Les patients trait\u00e9s \u00e0 L\u2019H\u00f4pital d&rsquo;Ottawa ont donc des probl\u00e8mes traitables sur une courte p\u00e9riode de temps. Si un [&hellip;]<\/p>\n","protected":false},"author":25,"featured_media":0,"parent":10886,"menu_order":1,"comment_status":"closed","ping_status":"closed","template":"","meta":{"_acf_changed":false,"_mc_calendar":[],"footnotes":""},"class_list":["post-10893","page","type-page","status-publish","hentry"],"acf":[],"wps_subtitle":"","_links":{"self":[{"href":"https:\/\/www.ottawahospital.on.ca\/fr\/wp-json\/wp\/v2\/pages\/10893","targetHints":{"allow":["GET"]}}],"collection":[{"href":"https:\/\/www.ottawahospital.on.ca\/fr\/wp-json\/wp\/v2\/pages"}],"about":[{"href":"https:\/\/www.ottawahospital.on.ca\/fr\/wp-json\/wp\/v2\/types\/page"}],"author":[{"embeddable":true,"href":"https:\/\/www.ottawahospital.on.ca\/fr\/wp-json\/wp\/v2\/users\/25"}],"replies":[{"embeddable":true,"href":"https:\/\/www.ottawahospital.on.ca\/fr\/wp-json\/wp\/v2\/comments?post=10893"}],"version-history":[{"count":0,"href":"https:\/\/www.ottawahospital.on.ca\/fr\/wp-json\/wp\/v2\/pages\/10893\/revisions"}],"up":[{"embeddable":true,"href":"https:\/\/www.ottawahospital.on.ca\/fr\/wp-json\/wp\/v2\/pages\/10886"}],"wp:attachment":[{"href":"https:\/\/www.ottawahospital.on.ca\/fr\/wp-json\/wp\/v2\/media?parent=10893"}],"curies":[{"name":"wp","href":"https:\/\/api.w.org\/{rel}","templated":true}]}}