{"id":10886,"date":"2016-11-28T12:42:18","date_gmt":"2016-11-28T17:42:18","guid":{"rendered":"http:\/\/52.229.122.34\/fr\/?page_id=10886"},"modified":"2025-01-16T16:07:16","modified_gmt":"2025-01-16T21:07:16","slug":"sante-mentale","status":"publish","type":"page","link":"https:\/\/www.ottawahospital.on.ca\/fr\/services-cliniques\/deptpgrmcs\/departements\/sante-mentale\/","title":{"rendered":"Sant\u00e9 mentale"},"content":{"rendered":"<div class=\"embed-responsive embed-responsive-16by9 marginbottom20\"><iframe class=\"embed-responsive-item\" title=\"Programme de sant\u00e9 mentale de L'H\u00f4pital d'Ottawa \" src=\"https:\/\/www.youtube.com\/embed\/LMyEJdlE8_I?feature=oembed\" width=\"500\" height=\"281\" allowfullscreen=\"allowfullscreen\"><\/iframe><\/div>\n<p class=\"intro-text1\">Si vous ou une personne que vous connaissez avez des probl\u00e8mes de sant\u00e9 mentale importants, appelez la <a title=\"https:\/\/www.crisisline.ca\/\" href=\"https:\/\/www.crisisline.ca\/\" target=\"_blank\" rel=\"noopener noreferrer\">Ligne de crise en sant\u00e9 mentale<\/a> au 1-866-996-0991 (sans frais) ou au 613-722-6914 (appel local) 24\u00a0heures sur 24. Si vous \u00eates en danger imm\u00e9diat ou si la vie d\u2019une personne est en jeu, composez le 911 imm\u00e9diatement. Si vous avez besoin de soins m\u00e9dicaux urgents, allez \u00e0 l\u2019h\u00f4pital le plus proche.<\/p>\n\n\n<p>S\u00e9rie YouTube sur la sant\u00e9 mentale : <a href=\"https:\/\/youtu.be\/4WyEo4t2h_M?si=xj17jrzb66Nvy0Z-\" target=\"_blank\" rel=\"noreferrer noopener\">Un nouveau guide pour naviguer dans votre sant\u00e9 mentale<\/a>.<\/p>\n\n\n\n<p><\/p>\n","protected":false},"excerpt":{"rendered":"<p>Si vous ou une personne que vous connaissez avez des probl\u00e8mes de sant\u00e9 mentale importants, appelez la Ligne de crise en sant\u00e9 mentale au 1-866-996-0991 (sans frais) ou au 613-722-6914 (appel local) 24\u00a0heures sur 24. Si vous \u00eates en danger imm\u00e9diat ou si la vie d\u2019une personne est en jeu, composez le 911 imm\u00e9diatement. Si [&hellip;]<\/p>\n","protected":false},"author":25,"featured_media":0,"parent":7868,"menu_order":11,"comment_status":"closed","ping_status":"closed","template":"","meta":{"_acf_changed":false,"_mc_calendar":[],"footnotes":""},"class_list":["post-10886","page","type-page","status-publish","hentry"],"acf":[],"wps_subtitle":"","_links":{"self":[{"href":"https:\/\/www.ottawahospital.on.ca\/fr\/wp-json\/wp\/v2\/pages\/10886","targetHints":{"allow":["GET"]}}],"collection":[{"href":"https:\/\/www.ottawahospital.on.ca\/fr\/wp-json\/wp\/v2\/pages"}],"about":[{"href":"https:\/\/www.ottawahospital.on.ca\/fr\/wp-json\/wp\/v2\/types\/page"}],"author":[{"embeddable":true,"href":"https:\/\/www.ottawahospital.on.ca\/fr\/wp-json\/wp\/v2\/users\/25"}],"replies":[{"embeddable":true,"href":"https:\/\/www.ottawahospital.on.ca\/fr\/wp-json\/wp\/v2\/comments?post=10886"}],"version-history":[{"count":0,"href":"https:\/\/www.ottawahospital.on.ca\/fr\/wp-json\/wp\/v2\/pages\/10886\/revisions"}],"up":[{"embeddable":true,"href":"https:\/\/www.ottawahospital.on.ca\/fr\/wp-json\/wp\/v2\/pages\/7868"}],"wp:attachment":[{"href":"https:\/\/www.ottawahospital.on.ca\/fr\/wp-json\/wp\/v2\/media?parent=10886"}],"curies":[{"name":"wp","href":"https:\/\/api.w.org\/{rel}","templated":true}]}}