{"id":10872,"date":"2016-11-28T12:30:59","date_gmt":"2016-11-28T17:30:59","guid":{"rendered":"http:\/\/52.229.122.34\/fr\/?page_id=10872"},"modified":"2016-11-28T12:30:59","modified_gmt":"2016-11-28T17:30:59","slug":"liens","status":"publish","type":"page","link":"https:\/\/www.ottawahospital.on.ca\/fr\/services-cliniques\/deptpgrmcs\/departements\/medecine\/liens\/","title":{"rendered":"Liens"},"content":{"rendered":"<h2>Universitaire<\/h2>\n<ul>\n<li><a href=\"https:\/\/med.uottawa.ca\/fr\" target=\"_blank\">Facult\u00e9 de m\u00e9decine, Universit\u00e9 d&rsquo;Ottawa<\/a>\n<ul>\n<li><a title=\"https:\/\/www.med.uottawa.ca\/Students\/MD\/Admissions\/fra\/index.html\" href=\"https:\/\/www.med.uottawa.ca\/Students\/MD\/Admissions\/fra\/index.html\" target=\"_blank\">\u00c9tudes de premier cycle<\/a><\/li>\n<li><a href=\"https:\/\/www.medicine.uottawa.ca\/postgraduate\/eng\/\" target=\"_blank\">Formation m\u00e9dicale postdoctorale<\/a> (en anglais)<\/li>\n<li><a href=\"https:\/\/www.med.uottawa.ca\/cme\/\" target=\"_blank\">Formation professionnelle continue, Universit\u00e9 d&rsquo;Ottawa<\/a> (en anglais)<\/li>\n<li><a title=\"https:\/\/www.med.uottawa.ca\/grad\/fra\/\" href=\"https:\/\/www.med.uottawa.ca\/grad\/fra\/\" target=\"_blank\">\u00c9tudes sup\u00e9rieures<\/a><\/li>\n<li><a title=\"https:\/\/www.med.uottawa.ca\/Recherche\/fra\/index.html\" href=\"https:\/\/www.med.uottawa.ca\/Recherche\/fra\/index.html\" target=\"_blank\">Bureau de recherches<\/a><\/li>\n<li><a href=\"https:\/\/www.med.uottawa.ca\/BAF\/\" target=\"_blank\">Bureau des affairs francophones<\/a><\/li>\n<\/ul>\n<\/li>\n<\/ul>\n<h2>Hopitaux<\/h2>\n<ul>\n<li><a title=\"https:\/\/www.bruyere.org\/\" href=\"https:\/\/www.bruyere.org\/\" target=\"_blank\">Service de sant\u00e9 SCO<\/a> (Centre de sant\u00e9 \u00c9lisabeth Bruy\u00e8re, L&rsquo;H\u00f4pital Saint-Vincent, la R\u00e9sidence Saint-Louis)<\/li>\n<li><a href=\"https:\/\/www.cheo.on.ca\/\" target=\"_blank\">CHEO &#8211; Centre hospitalier pour enfants de l&rsquo;est de l&rsquo;Ontario<\/a><\/li>\n<\/ul>\n","protected":false},"excerpt":{"rendered":"<p>Universitaire Facult\u00e9 de m\u00e9decine, Universit\u00e9 d&rsquo;Ottawa \u00c9tudes de premier cycle Formation m\u00e9dicale postdoctorale (en anglais) Formation professionnelle continue, Universit\u00e9 d&rsquo;Ottawa (en anglais) \u00c9tudes sup\u00e9rieures Bureau de recherches Bureau des affairs francophones Hopitaux Service de sant\u00e9 SCO (Centre de sant\u00e9 \u00c9lisabeth Bruy\u00e8re, L&rsquo;H\u00f4pital Saint-Vincent, la R\u00e9sidence Saint-Louis) CHEO &#8211; Centre hospitalier pour enfants de l&rsquo;est de [&hellip;]<\/p>\n","protected":false},"author":25,"featured_media":0,"parent":10375,"menu_order":3,"comment_status":"closed","ping_status":"closed","template":"","meta":{"_acf_changed":false,"_mc_calendar":[],"footnotes":""},"class_list":["post-10872","page","type-page","status-publish","hentry"],"acf":[],"wps_subtitle":"","_links":{"self":[{"href":"https:\/\/www.ottawahospital.on.ca\/fr\/wp-json\/wp\/v2\/pages\/10872","targetHints":{"allow":["GET"]}}],"collection":[{"href":"https:\/\/www.ottawahospital.on.ca\/fr\/wp-json\/wp\/v2\/pages"}],"about":[{"href":"https:\/\/www.ottawahospital.on.ca\/fr\/wp-json\/wp\/v2\/types\/page"}],"author":[{"embeddable":true,"href":"https:\/\/www.ottawahospital.on.ca\/fr\/wp-json\/wp\/v2\/users\/25"}],"replies":[{"embeddable":true,"href":"https:\/\/www.ottawahospital.on.ca\/fr\/wp-json\/wp\/v2\/comments?post=10872"}],"version-history":[{"count":0,"href":"https:\/\/www.ottawahospital.on.ca\/fr\/wp-json\/wp\/v2\/pages\/10872\/revisions"}],"up":[{"embeddable":true,"href":"https:\/\/www.ottawahospital.on.ca\/fr\/wp-json\/wp\/v2\/pages\/10375"}],"wp:attachment":[{"href":"https:\/\/www.ottawahospital.on.ca\/fr\/wp-json\/wp\/v2\/media?parent=10872"}],"curies":[{"name":"wp","href":"https:\/\/api.w.org\/{rel}","templated":true}]}}