{"id":10865,"date":"2016-11-28T12:27:46","date_gmt":"2016-11-28T17:27:46","guid":{"rendered":"http:\/\/52.229.122.34\/fr\/?page_id=10865"},"modified":"2025-06-27T09:54:41","modified_gmt":"2025-06-27T13:54:41","slug":"divisions","status":"publish","type":"page","link":"https:\/\/www.ottawahospital.on.ca\/fr\/services-cliniques\/deptpgrmcs\/departements\/medecine\/divisions\/","title":{"rendered":"Divisions"},"content":{"rendered":"<ul>\n<li style=\"list-style-type: none;\">\n<ul>\n<li>Cardiologie (en anglais seulement)<\/li>\n<li>Dermatologie (en anglais seulement)<\/li>\n<li>Endocrinologie et m\u00e9tabolisme (en anglais seulement)<\/li>\n<li>Gastro-ent\u00e9rologie (en anglais seulement)<\/li>\n<li>G\u00e9riatrie (en anglais seulement)<\/li>\n<li>H\u00e9matologie (en anglais seulement)<\/li>\n<li>Maladies infectieuses (en anglais seulement)<\/li>\n<li>M\u00e9decine interne g\u00e9n\u00e9rale (en anglais seulement)<\/li>\n<li>M\u00e9decine nucl\u00e9aire et Imagerie mol\u00e9culaire (en anglais seulement)<\/li>\n<li>N\u00e9phrologie<\/li>\n<li>Neurologie (en anglais seulement)<\/li>\n<li>Oncologie m\u00e9dicale (en anglais seulement)<\/li>\n<li>Pneumologie<\/li>\n<li>Division de m\u00e9decine physique et r\u00e9adaptation (en anglais seulement)<\/li>\n<li>Rhumatologie (en anglais seulement)<\/li>\n<li>Soins palliatifs (en anglais seulement)<\/li>\n<\/ul>\n<\/li>\n<\/ul>\n","protected":false},"excerpt":{"rendered":"<p>Cardiologie (en anglais seulement) Dermatologie (en anglais seulement) Endocrinologie et m\u00e9tabolisme (en anglais seulement) Gastro-ent\u00e9rologie (en anglais seulement) G\u00e9riatrie (en anglais seulement) H\u00e9matologie (en anglais seulement) Maladies infectieuses (en anglais seulement) M\u00e9decine interne g\u00e9n\u00e9rale (en anglais seulement) M\u00e9decine nucl\u00e9aire et Imagerie mol\u00e9culaire (en anglais seulement) N\u00e9phrologie Neurologie (en anglais seulement) Oncologie m\u00e9dicale (en anglais seulement) [&hellip;]<\/p>\n","protected":false},"author":25,"featured_media":0,"parent":10375,"menu_order":2,"comment_status":"closed","ping_status":"closed","template":"","meta":{"_acf_changed":false,"_mc_calendar":[],"footnotes":""},"class_list":["post-10865","page","type-page","status-publish","hentry"],"acf":[],"wps_subtitle":"","_links":{"self":[{"href":"https:\/\/www.ottawahospital.on.ca\/fr\/wp-json\/wp\/v2\/pages\/10865","targetHints":{"allow":["GET"]}}],"collection":[{"href":"https:\/\/www.ottawahospital.on.ca\/fr\/wp-json\/wp\/v2\/pages"}],"about":[{"href":"https:\/\/www.ottawahospital.on.ca\/fr\/wp-json\/wp\/v2\/types\/page"}],"author":[{"embeddable":true,"href":"https:\/\/www.ottawahospital.on.ca\/fr\/wp-json\/wp\/v2\/users\/25"}],"replies":[{"embeddable":true,"href":"https:\/\/www.ottawahospital.on.ca\/fr\/wp-json\/wp\/v2\/comments?post=10865"}],"version-history":[{"count":0,"href":"https:\/\/www.ottawahospital.on.ca\/fr\/wp-json\/wp\/v2\/pages\/10865\/revisions"}],"up":[{"embeddable":true,"href":"https:\/\/www.ottawahospital.on.ca\/fr\/wp-json\/wp\/v2\/pages\/10375"}],"wp:attachment":[{"href":"https:\/\/www.ottawahospital.on.ca\/fr\/wp-json\/wp\/v2\/media?parent=10865"}],"curies":[{"name":"wp","href":"https:\/\/api.w.org\/{rel}","templated":true}]}}