{"id":10853,"date":"2016-11-28T12:20:36","date_gmt":"2016-11-28T17:20:36","guid":{"rendered":"http:\/\/52.229.122.34\/fr\/?page_id=10853"},"modified":"2017-01-11T16:24:34","modified_gmt":"2017-01-11T21:24:34","slug":"formation","status":"publish","type":"page","link":"https:\/\/www.ottawahospital.on.ca\/fr\/services-cliniques\/deptpgrmcs\/departements\/medecine\/formation\/","title":{"rendered":"Formation"},"content":{"rendered":"<p>La mission du D\u00e9partement de m\u00e9decine est ax\u00e9e sur l&rsquo;\u00e9ventail complet de la formation, des \u00e9tudes de premier cycle \u00e0 la formation professionnelle continue. Les principes et les priorit\u00e9s li\u00e9s au mandat d&rsquo;\u00e9ducation du D\u00e9partement de m\u00e9decine sont chapeaut\u00e9s par le vice-pr\u00e9sident, \u00c9ducation, qui travaille en \u00e9troite collaboration avec un Comit\u00e9 ex\u00e9cutif en mati\u00e8re d&rsquo;\u00e9ducation compos\u00e9 des principaux meneurs responsables des stages hospitaliers, de l&rsquo;enseignement universitaire sup\u00e9rieur et de la formation professionnelle continue.<\/p>\n<h2><a title=\"https:\/\/www.med.uottawa.ca\/Students\/MD\/Admissions\/fra\/index.html\" href=\"https:\/\/www.med.uottawa.ca\/Students\/MD\/Admissions\/fra\/index.html\" target=\"_blank\">\u00c9tudes de premier cycle<\/a><\/h2>\n<p>Les membres du D\u00e9partement de m\u00e9decine offrent un important leadership \u00e0 l&rsquo;\u00e9tape 1 du cursus de premier cycle, agissant \u00e0 titre de pr\u00e9sidents pour la majorit\u00e9 des blocs, coordonnant le cours de d\u00e9veloppement des aptitudes physiques et occupant divers r\u00f4les administratifs de premier plan \u00e0 la Facult\u00e9 de m\u00e9decine. Ils contribuent de fa\u00e7on significative \u00e0 l&rsquo;enseignement officiel des \u00e9tudiants en m\u00e9decine dans le cadre de l&rsquo;\u00e9tape 1, \u00e0 titre de tuteurs dans le cadre d&rsquo;un apprentissage par probl\u00e8mes, donnant des conf\u00e9rences, animant des s\u00e9minaires ou des ateliers pour petits groupes et enseignant les techniques de l&rsquo;examen physique.<\/p>\n<p>Il incombe au D\u00e9partement de m\u00e9decine d&rsquo;organiser et de mettre en \u0153uvre un stage hospitalier, une rotation par bloc de six semaines ayant lieu durant la troisi\u00e8me ann\u00e9e. Ce stage hospitalier auquel participent les \u00e9tudiants de troisi\u00e8me ann\u00e9e est principalement organis\u00e9 par l&rsquo;entremise des unit\u00e9s d&rsquo;Enseignement clinique de m\u00e9decine g\u00e9n\u00e9rale des campus G\u00e9n\u00e9ral et Civic de L&rsquo;H\u00f4pital d&rsquo;Ottawa. Le stage hospitalier en m\u00e9decine a int\u00e9gr\u00e9 \u00e0 son programme d&rsquo;enseignement clinique et de rondes du midi un cursus d&rsquo;apprentissage par probl\u00e8mes ax\u00e9 sur l&rsquo;analyse et la gestion d&rsquo;\u00e9tats cliniques courants (apprentissage assist\u00e9 par probl\u00e8mes) ainsi que l&rsquo;enseignement des comp\u00e9tences cliniques. La performance clinique de chaque \u00e9tudiant en m\u00e9decine est \u00e9valu\u00e9e par un ou des m\u00e9decins traitants et les \u00e9tudiants doivent passer un examen de fin de rotation se composant de questions \u00e0 choix multiples et de questions n\u00e9cessitant des r\u00e9ponses br\u00e8ves.<\/p>\n<p>Le D\u00e9partement de m\u00e9decine organise \u00e9galement une rotation s\u00e9lective de 4 semaines en m\u00e9decine durant la quatri\u00e8me ann\u00e9e. Cette rotation s\u00e9lective est principalement organis\u00e9e par l&rsquo;entremise de divisions du D\u00e9partement de m\u00e9decine et comprend \u00e0 la fois un volet sur l&rsquo;hospitalisation et un autre sur les soins ambulatoires.<\/p>\n<h2><a title=\"https:\/\/www.medicine.uottawa.ca\/postgraduate\/fra\/index.html\" href=\"https:\/\/www.medicine.uottawa.ca\/postgraduate\/fra\/index.html\" target=\"_blank\">Formation m\u00e9dicale postdoctorale<\/a><\/h2>\n<p>Au D\u00e9partement de m\u00e9decine, la formation m\u00e9dicale postdoctorale rel\u00e8ve du directeur, Formation m\u00e9dicale postdoctorale, qui pr\u00e9side un Comit\u00e9 de formation postdoctorale compos\u00e9 de directeurs de programmes du D\u00e9partement de m\u00e9decine. Le D\u00e9partement de m\u00e9decine parraine une vaste gamme de programmes de formation ax\u00e9s sur les r\u00e9sidents et accr\u00e9dit\u00e9s par le Coll\u00e8ge royal des m\u00e9decins et chirurgiens du Canada.<\/p>\n<p>Le Programme de formation en m\u00e9decine interne comprend 12 places pour des \u00e9tudiants en premi\u00e8re ann\u00e9e de formation postdoctorale offertes par l&rsquo;entremise du minist\u00e8re de la sant\u00e9 de l&rsquo;Ontario. Ce programme a r\u00e9ussi \u00e0 attirer de nombreux dipl\u00f4m\u00e9s en m\u00e9decine de l&rsquo;\u00e9tranger qui sont venus compl\u00e9ter leur programme de formation en M\u00e9decine interne \u00e0 Ottawa. En outre, les divisions de Neurologie, de Dermatologie, de M\u00e9decine physique et de R\u00e9adaptation b\u00e9n\u00e9ficient de places suppl\u00e9mentaires au niveau d&rsquo;entr\u00e9e (premi\u00e8re ann\u00e9e de formation postdoctorale). Tous les autres programmes de sous-sp\u00e9cialit\u00e9s recrutent des r\u00e9sidents dans leurs programmes une fois qu&rsquo;ils ont compl\u00e9t\u00e9 leurs trois premi\u00e8res ann\u00e9es de M\u00e9decine interne (le programme principal).<\/p>\n<p>Tous les programmes de formation postdoctorale du D\u00e9partement de m\u00e9decine sont actuellement totalement approuv\u00e9s par le Coll\u00e8ge royal des m\u00e9decins et chirurgiens du Canada.<\/p>\n<ul>\n<li><a href=\"\/fr\/documents\/2017\/01\/internal-medicine-residency-training-program-fr.pdf\" target=\"_blank\">Vue d&rsquo;ensemble pour les r\u00e9sidents du Programme de formation en m\u00e9decine interne<\/a> par Karen Chan, Chef R\u00e9sident, 2002-2003.<\/li>\n<li><a title=\"https:\/\/thinkottawamedicine.ca\/divisions\/division-of-nephrology\/nephrology-postgraduate-program\/\" href=\"https:\/\/thinkottawamedicine.ca\/divisions\/division-of-nephrology\/nephrology-postgraduate-program\/\" target=\"_blank\">N\u00e9phrologie (en anglais seulement)<\/a><\/li>\n<li><a href=\"https:\/\/thinkottawamedicine.ca\/divisions\/division-of-respirology\/in-respirology-postgraduate-program\/\" target=\"_blank\">Pneumologie (en anglais seulement)<\/a><\/li>\n<\/ul>\n<h2><a href=\"https:\/\/www.med.uottawa.ca\/fmc\/\" target=\"_blank\">Formation professionnelle continue<\/a><\/h2>\n<p>Au D\u00e9partement de m\u00e9decine, la Formation professionnelle continue est la responsabilit\u00e9 du directeur, Formation professionnelle continue, qui pr\u00e9side le Comit\u00e9 de formation continue. Ce comit\u00e9 est responsable du programme de s\u00e9ances scientifiques, d&rsquo;initiatives de perfectionnement du corps professoral et de l&rsquo;organisation du cours annuel de M\u00e9decine interne \u00e0 l&rsquo;intention des m\u00e9decins de famille, en collaboration avec le bureau de la Formation m\u00e9dicale continue de l&rsquo;Universit\u00e9. Le programme de s\u00e9ances scientifiques est accr\u00e9dit\u00e9 en vertu du Programme de maintien du certificat du Coll\u00e8ge royal et fait l&rsquo;objet d&rsquo;une vid\u00e9o conf\u00e9rence entre tous les campus de L&rsquo;H\u00f4pital d&rsquo;Ottawa. Le Comit\u00e9 de formation professionnelle continue s&rsquo;engage \u00e0 veiller \u00e0 ce que le cadre d&rsquo;options de formation professionnelle continue du Programme de maintien du certificat du Coll\u00e8ge royal soit int\u00e9gr\u00e9 aux les priorit\u00e9s d&rsquo;enseignement de chacune des divisions et planifie l&rsquo;\u00e9laboration d&rsquo;un cours sur les meilleures pratiques pour les sp\u00e9cialistes en M\u00e9decine interne de la r\u00e9gion.<\/p>\n<h2><a href=\"https:\/\/www.med.uottawa.ca\/recherche\/fra\/index.html\" target=\"_blank\">Recherche en \u00e9ducation<\/a><\/h2>\n<p>Plusieurs membres du D\u00e9partement de m\u00e9decine ont choisi de poursuivre leur formation m\u00e9dicale dans le domaine universitaire. Plusieurs d&rsquo;entre eux se sont inscrits \u00e0 un programme de ma\u00eetrise en \u00e9ducation ou ont compl\u00e9t\u00e9 ce programme par le biais de l&rsquo;Institut d&rsquo;\u00e9tudes p\u00e9dagogiques de l&rsquo;Ontario. Les membres du D\u00e9partement de m\u00e9decine ont obtenu des subventions approuv\u00e9es par des coll\u00e8gues en enseignement m\u00e9dical et collaborent activement avec plusieurs organismes nationaux, notamment le Conseil m\u00e9dical du Canada et le Coll\u00e8ge royal des m\u00e9decins et chirurgiens du Canada. Le D\u00e9partement de m\u00e9decine appuie les membres dont la carri\u00e8re universitaire est ax\u00e9e sur l&rsquo;enseignement m\u00e9dical en d\u00e9cernant des bourses de carri\u00e8re en enseignement par l&rsquo;entremise du plan de pratique des m\u00e9decins associ\u00e9s de l&rsquo;Universit\u00e9.<\/p>\n","protected":false},"excerpt":{"rendered":"<p>La mission du D\u00e9partement de m\u00e9decine est ax\u00e9e sur l&rsquo;\u00e9ventail complet de la formation, des \u00e9tudes de premier cycle \u00e0 la formation professionnelle continue. Les principes et les priorit\u00e9s li\u00e9s au mandat d&rsquo;\u00e9ducation du D\u00e9partement de m\u00e9decine sont chapeaut\u00e9s par le vice-pr\u00e9sident, \u00c9ducation, qui travaille en \u00e9troite collaboration avec un Comit\u00e9 ex\u00e9cutif en mati\u00e8re d&rsquo;\u00e9ducation [&hellip;]<\/p>\n","protected":false},"author":25,"featured_media":0,"parent":10375,"menu_order":1,"comment_status":"closed","ping_status":"closed","template":"","meta":{"_acf_changed":false,"_mc_calendar":[],"footnotes":""},"class_list":["post-10853","page","type-page","status-publish","hentry"],"acf":[],"wps_subtitle":"","_links":{"self":[{"href":"https:\/\/www.ottawahospital.on.ca\/fr\/wp-json\/wp\/v2\/pages\/10853","targetHints":{"allow":["GET"]}}],"collection":[{"href":"https:\/\/www.ottawahospital.on.ca\/fr\/wp-json\/wp\/v2\/pages"}],"about":[{"href":"https:\/\/www.ottawahospital.on.ca\/fr\/wp-json\/wp\/v2\/types\/page"}],"author":[{"embeddable":true,"href":"https:\/\/www.ottawahospital.on.ca\/fr\/wp-json\/wp\/v2\/users\/25"}],"replies":[{"embeddable":true,"href":"https:\/\/www.ottawahospital.on.ca\/fr\/wp-json\/wp\/v2\/comments?post=10853"}],"version-history":[{"count":0,"href":"https:\/\/www.ottawahospital.on.ca\/fr\/wp-json\/wp\/v2\/pages\/10853\/revisions"}],"up":[{"embeddable":true,"href":"https:\/\/www.ottawahospital.on.ca\/fr\/wp-json\/wp\/v2\/pages\/10375"}],"wp:attachment":[{"href":"https:\/\/www.ottawahospital.on.ca\/fr\/wp-json\/wp\/v2\/media?parent=10853"}],"curies":[{"name":"wp","href":"https:\/\/api.w.org\/{rel}","templated":true}]}}