{"id":10803,"date":"2016-11-28T12:03:00","date_gmt":"2016-11-28T17:03:00","guid":{"rendered":"http:\/\/52.229.122.34\/fr\/?page_id=10803"},"modified":"2020-09-15T16:04:33","modified_gmt":"2020-09-15T20:04:33","slug":"imagerie-medicale","status":"publish","type":"page","link":"https:\/\/www.ottawahospital.on.ca\/fr\/services-cliniques\/deptpgrmcs\/departements\/imagerie-medicale\/","title":{"rendered":"Imagerie m\u00e9dicale"},"content":{"rendered":"<p><img decoding=\"async\" class=\"img-responsive alignnone wp-image-54634 size-full\" src=\"https:\/\/www.ottawahospital.on.ca\/wp-content\/uploads\/2020\/08\/Landing_banner.jpg\" alt=\"Computed Tomography\" width=\"770\" height=\"330\" srcset=\"https:\/\/www.ottawahospital.on.ca\/wp-content\/uploads\/2020\/08\/Landing_banner.jpg 770w, https:\/\/www.ottawahospital.on.ca\/wp-content\/uploads\/2020\/08\/Landing_banner-600x257.jpg 600w, https:\/\/www.ottawahospital.on.ca\/wp-content\/uploads\/2020\/08\/Landing_banner-300x129.jpg 300w, https:\/\/www.ottawahospital.on.ca\/wp-content\/uploads\/2020\/08\/Landing_banner-768x329.jpg 768w\" sizes=\"(max-width: 770px) 100vw, 770px\" \/><\/p>\n<div class=\"text-box-bkg\">\n<p>Le Service d\u2019imagerie m\u00e9dicale (Imagerie m\u00e9dicale) offre une gamme compl\u00e8te de services d\u2019imagerie et th\u00e9rapeutiques \u00e0 l\u2019H\u00f4pital et \u00e0 la collectivit\u00e9. Nos services sont offerts en fran\u00e7ais et en anglais.\u200b<\/p>\n<p><a class=\"read-more\" href=\"\/en\/clinical-services\/deptpgrmcs\/departments\/medical-imaging\/about-us\/\">\u00bb Lire la suite<\/a><\/p>\n<\/div>\n<div class=\"toh-row-content\">\n<div class=\"col-sm-6 col-md-6 mb-4\">\n<div class=\"toh-card h-100\">\n<div class=\"toh-card-inner\">\n<div class=\"img-responsive card-img-top\"><img decoding=\"async\" class=\"attachment-full size-full wp-post-image\" src=\"\/wp-content\/uploads\/2020\/08\/CT_4-1.jpg\" alt=\"CT scane screening\" \/><\/div>\n<div class=\"toh-card-body\">\n<h5 class=\"toh-card-title\"><a href=\"\/fr\/services-cliniques\/deptpgrmcs\/departements\/imagerie-medicale\/services-dimagerie-medicale\/\" rel=\"bookmark\">Nos services<\/a><\/h5>\n<div class=\"toh-card-text\">\n<p>Imagerie m\u00e9dicale fournit des services d&rsquo;IRM, de tomodensitom\u00e9trie, de radiographie, d&rsquo;imagerie mammaire, d&rsquo;angiographie et de m\u00e9decine nucl\u00e9aire \u00e0 l&rsquo;h\u00f4pital d&rsquo;Ottawa<\/p>\n<\/div>\n<\/div>\n<p><!--card-body--><\/p>\n<\/div>\n<\/div>\n<p><!--card--><\/p>\n<\/div>\n<p><!--col--><\/p>\n<div class=\"col-sm-6 col-md-6 mb-4\">\n<div class=\"toh-card h-100\">\n<div class=\"toh-card-inner\">\n<div class=\"img-responsive card-img-top\"><img decoding=\"async\" class=\"attachment-full size-full wp-post-image\" src=\"\/wp-content\/uploads\/2020\/08\/Appointment.jpg\" alt=\"Patient Information\" \/><\/div>\n<div class=\"toh-card-body\">\n<h5 class=\"toh-card-title\"><a href=\"\/fr\/services-cliniques\/deptpgrmcs\/departements\/imagerie-medicale\/nous-joindre\/prendre-rendez-vous\/\" rel=\"bookmark\">Prendre rendez-vous<\/a><\/h5>\n<div class=\"toh-card-text\">\n<p>Le patient peut appeler notre bureau des rendez-vous pour confirmer, reporter ou annuler un rendez-vous.\u200b<\/p>\n<\/div>\n<\/div>\n<p><!--card-body--><\/p>\n<\/div>\n<\/div>\n<p><!--card--><\/p>\n<\/div>\n<p><!--col--><\/p>\n<\/div>\n","protected":false},"excerpt":{"rendered":"<p>Le Service d\u2019imagerie m\u00e9dicale (Imagerie m\u00e9dicale) offre une gamme compl\u00e8te de services d\u2019imagerie et th\u00e9rapeutiques \u00e0 l\u2019H\u00f4pital et \u00e0 la collectivit\u00e9. Nos services sont offerts en fran\u00e7ais et en anglais.\u200b \u00bb Lire la suite Nos services Imagerie m\u00e9dicale fournit des services d&rsquo;IRM, de tomodensitom\u00e9trie, de radiographie, d&rsquo;imagerie mammaire, d&rsquo;angiographie et de m\u00e9decine nucl\u00e9aire \u00e0 l&rsquo;h\u00f4pital [&hellip;]<\/p>\n","protected":false},"author":25,"featured_media":0,"parent":7868,"menu_order":9,"comment_status":"closed","ping_status":"closed","template":"","meta":{"_acf_changed":false,"_mc_calendar":[],"footnotes":""},"class_list":["post-10803","page","type-page","status-publish","hentry"],"acf":[],"wps_subtitle":"Aper\u00e7u","_links":{"self":[{"href":"https:\/\/www.ottawahospital.on.ca\/fr\/wp-json\/wp\/v2\/pages\/10803","targetHints":{"allow":["GET"]}}],"collection":[{"href":"https:\/\/www.ottawahospital.on.ca\/fr\/wp-json\/wp\/v2\/pages"}],"about":[{"href":"https:\/\/www.ottawahospital.on.ca\/fr\/wp-json\/wp\/v2\/types\/page"}],"author":[{"embeddable":true,"href":"https:\/\/www.ottawahospital.on.ca\/fr\/wp-json\/wp\/v2\/users\/25"}],"replies":[{"embeddable":true,"href":"https:\/\/www.ottawahospital.on.ca\/fr\/wp-json\/wp\/v2\/comments?post=10803"}],"version-history":[{"count":0,"href":"https:\/\/www.ottawahospital.on.ca\/fr\/wp-json\/wp\/v2\/pages\/10803\/revisions"}],"up":[{"embeddable":true,"href":"https:\/\/www.ottawahospital.on.ca\/fr\/wp-json\/wp\/v2\/pages\/7868"}],"wp:attachment":[{"href":"https:\/\/www.ottawahospital.on.ca\/fr\/wp-json\/wp\/v2\/media?parent=10803"}],"curies":[{"name":"wp","href":"https:\/\/api.w.org\/{rel}","templated":true}]}}