{"id":10763,"date":"2016-11-28T10:54:34","date_gmt":"2016-11-28T15:54:34","guid":{"rendered":"http:\/\/52.229.122.34\/fr\/?page_id=10763"},"modified":"2023-09-26T10:57:33","modified_gmt":"2023-09-26T14:57:33","slug":"soins-maternels-et-soins-aux-nouveau-nes","status":"publish","type":"page","link":"https:\/\/www.ottawahospital.on.ca\/fr\/services-cliniques\/deptpgrmcs\/departements\/medecine-familiale\/soins-maternels-et-soins-aux-nouveau-nes\/","title":{"rendered":"Soins maternels et soins aux nouveau-n\u00e9s"},"content":{"rendered":"<p>Bienvenue \u00e0 la Division des soins maternels et aux nouveau-n\u00e9s de L\u2019H\u00f4pital d\u2019Ottawa. La Division fait partie du D\u00e9partement de m\u00e9decine familiale.<\/p>\n<p>La D<sup>re<\/sup><em> Daisy Moores, MD, CCFP, Chef<\/em> , la Division des soins maternels et aux nouveau-n\u00e9s<em>,\u00a0 <\/em>Charg\u00e9 de cours, M\u00e9decine familiale, Facult\u00e9 de m\u00e9decine, Universit\u00e9 d&rsquo;Ottawa.<\/p>\n<p>\u00c0 L\u2019H\u00f4pital d\u2019Ottawa, les soins obst\u00e9triques sont fournis par un groupe actif de m\u00e9decins de famille. Aux campus G\u00e9n\u00e9ral et Civic, ils travaillent dans divers milieux de pratique et groupements sur appel. Leurs bureaux se trouvent dans des cliniques externes (hors de l\u2019h\u00f4pital) partout dans Ottawa. Ils fournissent leurs soins personnalis\u00e9s, pr\u00e9nataux et postnataux dans leurs cliniques situ\u00e9es dans la collectivit\u00e9. \u00c0 l\u2019h\u00f4pital, ils prennent soin de vous et de votre b\u00e9b\u00e9 pendant le travail et aussi tout au d\u00e9but de la p\u00e9riode post-partum. Beaucoup d\u2019entre eux g\u00e8rent aussi le <a href=\"https:\/\/www.monarchcentre.ca\/\" target=\"_blank\" rel=\"noopener\">Centre Monarch<\/a>, une clinique m\u00e8re-enfant novatrice et multidisciplinaire qui offre des soins de suivi post-partum apr\u00e8s le cong\u00e9 de l\u2019h\u00f4pital.<\/p>\n<p>Les m\u00e9decins de famille ne consid\u00e8rent pas la grossesse comme une maladie, mais plut\u00f4t comme une \u00e9tape naturelle de la vie. Les m\u00e9decins de famille peuvent vous fournir de l\u2019enseignement sur l\u2019allaitement avant et apr\u00e8s l\u2019accouchement. Ils sont des experts dans les grossesses normales et la prise en charge des accouchements. Leurs connaissances et comp\u00e9tences m\u00e9dicales leur permettent de d\u00e9terminer et de traiter rapidement toute complication potentielle. Pour voir nos m\u00e9decins de famille, allez sur le site <a href=\"https:\/\/www.ottawadocsdeliver.ca\/\" target=\"_blank\" rel=\"noopener\">Ottawa docs deliver<\/a>.<\/p>\n<h2>Qui sommes-nous?<\/h2>\n<p>Les membres de la Division des soins maternels et des soins aux nouveau-n\u00e9s sont des m\u00e9decins de famille qui s\u2019occupent des grossesses \u00e0 faible risque et des soins aux nouveau-n\u00e9s aux campus Civic et G\u00e9n\u00e9ral. Ces m\u00e9decins travaillent en \u00e9troite collaboration avec le programme de r\u00e9sidence du D\u00e9partement de m\u00e9decine familiale de l\u2019Universit\u00e9 d\u2019Ottawa, puis qu\u2019ils forment les r\u00e9sidents en mati\u00e8re de grossesses \u00e0 faible risque. Pour de plus amples renseignements concernant le programme de r\u00e9sidence, veuillez consulter le <a title=\"https:\/\/www.familymedicine.uottawa.ca\/\" href=\"https:\/\/www.familymedicine.uottawa.ca\/\" target=\"_blank\" rel=\"noopener\">www.medecinefamiliale.uottawa.ca\/<\/a>.<\/p>\n<h2>Services obst\u00e9tricaux pour grossesses \u00e0 faible risque<\/h2>\n<p>Les m\u00e9decins de famille qui dispensent des services obst\u00e9tricaux dans le cadre de grossesses \u00e0 faible risque font le suivi \u00e0 leur cabinet \u00e0 l&rsquo;ext\u00e9rieur de l&rsquo;h\u00f4pital et continuent de voir la patiente, m\u00eame apr\u00e8s la naissance. Ils travaillent en \u00e9troite collaboration avec les obst\u00e9triciens des deux campus, afin que leurs patientes re\u00e7oivent les meilleurs soins possibles.<\/p>\n<h2>Soins aux nouveau-n\u00e9s<\/h2>\n<p>Plusieurs membres de la Division offrent uniquement des soins aux nouveau-n\u00e9s de leurs patientes. Ils sont appel\u00e9s \u00e0 la pouponni\u00e8re pour s\u2019occuper de ces b\u00e9b\u00e9s dont ils continueront \u00e0 prendre soin par la suite dans leur cabinet.<\/p>\n","protected":false},"excerpt":{"rendered":"<p>Bienvenue \u00e0 la Division des soins maternels et aux nouveau-n\u00e9s de L\u2019H\u00f4pital d\u2019Ottawa. La Division fait partie du D\u00e9partement de m\u00e9decine familiale. La Dre Daisy Moores, MD, CCFP, Chef , la Division des soins maternels et aux nouveau-n\u00e9s,\u00a0 Charg\u00e9 de cours, M\u00e9decine familiale, Facult\u00e9 de m\u00e9decine, Universit\u00e9 d&rsquo;Ottawa. \u00c0 L\u2019H\u00f4pital d\u2019Ottawa, les soins obst\u00e9triques sont [&hellip;]<\/p>\n","protected":false},"author":25,"featured_media":0,"parent":10759,"menu_order":1,"comment_status":"closed","ping_status":"closed","template":"","meta":{"_acf_changed":false,"_mc_calendar":[],"footnotes":""},"class_list":["post-10763","page","type-page","status-publish","hentry"],"acf":[],"wps_subtitle":"","_links":{"self":[{"href":"https:\/\/www.ottawahospital.on.ca\/fr\/wp-json\/wp\/v2\/pages\/10763","targetHints":{"allow":["GET"]}}],"collection":[{"href":"https:\/\/www.ottawahospital.on.ca\/fr\/wp-json\/wp\/v2\/pages"}],"about":[{"href":"https:\/\/www.ottawahospital.on.ca\/fr\/wp-json\/wp\/v2\/types\/page"}],"author":[{"embeddable":true,"href":"https:\/\/www.ottawahospital.on.ca\/fr\/wp-json\/wp\/v2\/users\/25"}],"replies":[{"embeddable":true,"href":"https:\/\/www.ottawahospital.on.ca\/fr\/wp-json\/wp\/v2\/comments?post=10763"}],"version-history":[{"count":0,"href":"https:\/\/www.ottawahospital.on.ca\/fr\/wp-json\/wp\/v2\/pages\/10763\/revisions"}],"up":[{"embeddable":true,"href":"https:\/\/www.ottawahospital.on.ca\/fr\/wp-json\/wp\/v2\/pages\/10759"}],"wp:attachment":[{"href":"https:\/\/www.ottawahospital.on.ca\/fr\/wp-json\/wp\/v2\/media?parent=10763"}],"curies":[{"name":"wp","href":"https:\/\/api.w.org\/{rel}","templated":true}]}}